{"id":9710,"date":"2024-07-30T13:24:33","date_gmt":"2024-07-30T13:24:33","guid":{"rendered":"https:\/\/bazz.ca\/product\/paquet-de-3-spots-led-sous-armoire-bazz-360-lumens-6-w-3-000-k-blanc-doux\/"},"modified":"2024-07-30T13:24:33","modified_gmt":"2024-07-30T13:24:33","slug":"paquet-de-3-spots-led-sous-armoire-bazz-360-lumens-6-w-3-000-k-blanc-doux","status":"publish","type":"product","link":"https:\/\/bazz.ca\/us_FR\/produit\/paquet-de-3-spots-led-sous-armoire-bazz-360-lumens-6-w-3-000-k-blanc-doux\/","title":{"rendered":"Paquet de 3 spots LED sous armoire BAZZ 360 lumens 6 W 3 000 K blanc doux"},"content":{"rendered":"<p>Nous vous pr\u00e9sentons notre pack de 3 lampes LED sous armoire, chacune \u00e9mettant 360 lumens avec une consommation totale de 6W. La finition noire \u00e9l\u00e9gante compl\u00e8te tout d\u00e9cor en \u00e9mettant une lumi\u00e8re blanche douce \u00e0 3000K. Ces \u00e9clairages associables permettent d&#8217;utiliser un maximum de 6 pucks, ce qui offre une grande polyvalence et une illumination optimale. Avec une dur\u00e9e de vie de 30000 heures, ces lampes garantissent une brillance durable et \u00e9conome en \u00e9nergie dans votre espace.<\/p>\n<ul>\n<li>Con\u00e7u pour les armoires, les \u00e9tag\u00e8res, les biblioth\u00e8ques, les escaliers, etc.<\/li>\n<li>Puissance lumineuse : 360 lumens<\/li>\n<li>Temp\u00e9rature de couleur : 3000K (blanc doux)<\/li>\n<li>Diam\u00e8tre de chaque lampe : 2.75&#8243;\/7cm<\/li>\n<li>Possibilit\u00e9 de relier jusqu&#8217;\u00e0 6 pucks<\/li>\n<li>Installation en surface ou encastr\u00e9e<\/li>\n<li>Branchez ou c\u00e2blez directement avec UJNCTBX1 de Bazz<\/li>\n<li>C\u00e2ble d&#8217;alimentation, 2 c\u00e2bles de connexion et mat\u00e9riel d&#8217;installation inclus<\/li>\n<\/ul>\n","protected":false},"excerpt":{"rendered":"<p>Nous vous pr\u00e9sentons notre pack de 3 lampes LED sous armoire, chacune \u00e9mettant 360 lumens avec une consommation totale de 6W.<\/p>\n","protected":false},"featured_media":9159,"comment_status":"open","ping_status":"closed","template":"","meta":{"_acf_changed":false},"product_brand":[],"product_cat":[507,491],"product_tag":[],"class_list":{"0":"post-9710","1":"product","2":"type-product","3":"status-publish","4":"has-post-thumbnail","6":"product_cat-eclairages-sous-les-armoires-us_fr","7":"product_cat-specialites-us_fr","9":"first","10":"outofstock","11":"taxable","12":"shipping-taxable","13":"purchasable","14":"product-type-variable"},"acf":[],"_links":{"self":[{"href":"https:\/\/bazz.ca\/us_FR\/wp-json\/wp\/v2\/product\/9710","targetHints":{"allow":["GET"]}}],"collection":[{"href":"https:\/\/bazz.ca\/us_FR\/wp-json\/wp\/v2\/product"}],"about":[{"href":"https:\/\/bazz.ca\/us_FR\/wp-json\/wp\/v2\/types\/product"}],"replies":[{"embeddable":true,"href":"https:\/\/bazz.ca\/us_FR\/wp-json\/wp\/v2\/comments?post=9710"}],"wp:featuredmedia":[{"embeddable":true,"href":"https:\/\/bazz.ca\/us_FR\/wp-json\/wp\/v2\/media\/9159"}],"wp:attachment":[{"href":"https:\/\/bazz.ca\/us_FR\/wp-json\/wp\/v2\/media?parent=9710"}],"wp:term":[{"taxonomy":"product_brand","embeddable":true,"href":"https:\/\/bazz.ca\/us_FR\/wp-json\/wp\/v2\/product_brand?post=9710"},{"taxonomy":"product_cat","embeddable":true,"href":"https:\/\/bazz.ca\/us_FR\/wp-json\/wp\/v2\/product_cat?post=9710"},{"taxonomy":"product_tag","embeddable":true,"href":"https:\/\/bazz.ca\/us_FR\/wp-json\/wp\/v2\/product_tag?post=9710"}],"curies":[{"name":"wp","href":"https:\/\/api.w.org\/{rel}","templated":true}]}}