{"id":6793,"date":"2024-07-30T01:28:15","date_gmt":"2024-07-30T01:28:15","guid":{"rendered":"https:\/\/bazz.ca\/product\/bazz-luvia-applique-murale-led-integree-exterieure-900lumens-3000k-80cri-18w-equivalence-100w\/"},"modified":"2025-03-24T19:58:10","modified_gmt":"2025-03-24T19:58:10","slug":"bazz-luvia-applique-murale-led-integree-exterieure-900lumens-3000k-80cri-18w-equivalence-100w","status":"publish","type":"product","link":"https:\/\/bazz.ca\/us_FR\/produit\/bazz-luvia-applique-murale-led-integree-exterieure-900lumens-3000k-80cri-18w-equivalence-100w\/","title":{"rendered":"BAZZ LUVIA Applique murale LED int\u00e9gr\u00e9e ext\u00e9rieure 900 Lumens 3000K 80+CRI 18W Equivalence 100W"},"content":{"rendered":"<p>Le luminaire mural ext\u00e9rieur Luvia de Bazz offre une solution contemporaine \u00e0 vos besoins d&#8217;\u00e9clairage ext\u00e9rieur. Avec une construction en aluminium, le design impeccable de cette pi\u00e8ce est sans \u00e9gal. Les ampoules LED int\u00e9gr\u00e9es ont une dur\u00e9e de vie de 25 000 heures. Vous pouvez donc \u00eatre s\u00fbr que l&#8217;applique murale ext\u00e9rieure Livia fera partie de votre solution d&#8217;\u00e9clairage ext\u00e9rieur pour les ann\u00e9es \u00e0 venir.<\/p>\n<ul>\n<li>Construction en aluminium<\/li>\n<li>Convient aux endroits humides<\/li>\n<li>Dur\u00e9e de vie de 25000 heures<\/li>\n<li>Temp\u00e9rature de couleur: 3 000K<\/li>\n<li>Finition noire matte<\/li>\n<li>Int\u00e9rieur\/Ext\u00e9rieur<\/li>\n<li>Design contemporain<\/li>\n<\/ul>\n","protected":false},"excerpt":{"rendered":"<p>Le luminaire mural ext\u00e9rieur Luvia de Bazz offre une solution contemporaine \u00e0 vos besoins d&#8217;\u00e9clairage ext\u00e9rieur.<\/p>\n","protected":false},"featured_media":7747,"comment_status":"open","ping_status":"closed","template":"","meta":{"_acf_changed":false},"product_brand":[],"product_cat":[439,524,540,423],"product_tag":[],"class_list":{"0":"post-6793","1":"product","2":"type-product","3":"status-publish","4":"has-post-thumbnail","6":"product_cat-appliques-murales-us_fr","7":"product_cat-appliques-murales-us_fr-2","8":"product_cat-appliques-murales-us_fr-3","9":"product_cat-exterieur-us_fr","11":"first","12":"outofstock","13":"taxable","14":"shipping-taxable","15":"purchasable","16":"product-type-simple"},"acf":[],"_links":{"self":[{"href":"https:\/\/bazz.ca\/us_FR\/wp-json\/wp\/v2\/product\/6793","targetHints":{"allow":["GET"]}}],"collection":[{"href":"https:\/\/bazz.ca\/us_FR\/wp-json\/wp\/v2\/product"}],"about":[{"href":"https:\/\/bazz.ca\/us_FR\/wp-json\/wp\/v2\/types\/product"}],"replies":[{"embeddable":true,"href":"https:\/\/bazz.ca\/us_FR\/wp-json\/wp\/v2\/comments?post=6793"}],"wp:featuredmedia":[{"embeddable":true,"href":"https:\/\/bazz.ca\/us_FR\/wp-json\/wp\/v2\/media\/7747"}],"wp:attachment":[{"href":"https:\/\/bazz.ca\/us_FR\/wp-json\/wp\/v2\/media?parent=6793"}],"wp:term":[{"taxonomy":"product_brand","embeddable":true,"href":"https:\/\/bazz.ca\/us_FR\/wp-json\/wp\/v2\/product_brand?post=6793"},{"taxonomy":"product_cat","embeddable":true,"href":"https:\/\/bazz.ca\/us_FR\/wp-json\/wp\/v2\/product_cat?post=6793"},{"taxonomy":"product_tag","embeddable":true,"href":"https:\/\/bazz.ca\/us_FR\/wp-json\/wp\/v2\/product_tag?post=6793"}],"curies":[{"name":"wp","href":"https:\/\/api.w.org\/{rel}","templated":true}]}}