{"id":6787,"date":"2024-07-30T01:28:14","date_gmt":"2024-07-30T01:28:14","guid":{"rendered":"https:\/\/bazz.ca\/product\/bazz-eclairage-led-integre-pour-dessous-darmoire-avec-detecteur-de-mouvement-selectionnable-de-24-pouces\/"},"modified":"2025-03-24T18:59:09","modified_gmt":"2025-03-24T18:59:09","slug":"bazz-eclairage-led-integre-pour-dessous-darmoire-avec-detecteur-de-mouvement-selectionnable-de-24-pouces","status":"publish","type":"product","link":"https:\/\/bazz.ca\/us_FR\/produit\/bazz-eclairage-led-integre-pour-dessous-darmoire-avec-detecteur-de-mouvement-selectionnable-de-24-pouces\/","title":{"rendered":"BAZZ \u00c9clairage LED int\u00e9gr\u00e9 pour dessous d&#8217;armoire avec d\u00e9tecteur de mouvement s\u00e9lectionnable de 24 pouces"},"content":{"rendered":"<p>Donnez \u00e0 votre maison une fonctionnalit\u00e9 ultime avec ce luminaire LED int\u00e9gr\u00e9 sous armoire \u00e0 d\u00e9tecteur de mouvement de BAZZ. La technologie du capteur de mouvement permet d&#8217;\u00e9teindre ou d&#8217;att\u00e9nuer l&#8217;intensit\u00e9 du luminaire d&#8217;un simple geste de la main. L&#8217;interrupteur d&#8217;\u00e9clairage inclus vous permet de choisir entre trois temp\u00e9ratures de couleur diff\u00e9rentes (3000 K, 4000 K et 5000 K) pour une vari\u00e9t\u00e9 et une utilit\u00e9 infinies. Avec une installation simple en surface et la possibilit\u00e9 de relier jusqu&#8217;\u00e0 6 unit\u00e9s, vous pouvez \u00eatre s\u00fbr que cette lumi\u00e8re sous l&#8217;armoire sera un \u00e9l\u00e9ment essentiel de votre solution d&#8217;\u00e9clairage domestique pour les ann\u00e9es \u00e0 venir.<\/p>\n<ul>\n<li>LED int\u00e9gr\u00e9e de 10 watts (850 lumens). Dur\u00e9e de vie de 30000 heures.<\/li>\n<li>Capacit\u00e9 de capteur de mouvement pour la gradation et la marche\/arr\u00eat<\/li>\n<li>Installation facile en surface<\/li>\n<li>Liaison jusqu&#8217;\u00e0 6 unit\u00e9s<\/li>\n<li>ETL r\u00e9pertori\u00e9<\/li>\n<li>Temp\u00e9rature de couleur s\u00e9lectionnable (3000K 4000K 5000K)<\/li>\n<li>C\u00e2blage enfichable ou direct avec bo\u00eete de jonction BAZZ<\/li>\n<li>Comprend un cordon d&#8217;alimentation de 71 pouces et un c\u00e2ble de connecteur de 12 pouces<\/li>\n<\/ul>\n<div id=\"awebChromeHelper\" data-version=\"1.24.3\"><\/div>\n","protected":false},"excerpt":{"rendered":"<p>Donnez \u00e0 votre maison une fonctionnalit\u00e9 ultime avec ce luminaire LED int\u00e9gr\u00e9 sous armoire \u00e0 d\u00e9tecteur de mouvement de BAZZ.<\/p>\n<div id=\"awebChromeHelper\" data-version=\"1.24.3\"><\/div>\n","protected":false},"featured_media":9035,"comment_status":"open","ping_status":"closed","template":"","meta":{"_acf_changed":false},"product_brand":[],"product_cat":[507,491],"product_tag":[],"class_list":{"0":"post-6787","1":"product","2":"type-product","3":"status-publish","4":"has-post-thumbnail","6":"product_cat-eclairages-sous-les-armoires-us_fr","7":"product_cat-specialites-us_fr","9":"first","10":"outofstock","11":"taxable","12":"shipping-taxable","13":"purchasable","14":"product-type-simple"},"acf":[],"_links":{"self":[{"href":"https:\/\/bazz.ca\/us_FR\/wp-json\/wp\/v2\/product\/6787","targetHints":{"allow":["GET"]}}],"collection":[{"href":"https:\/\/bazz.ca\/us_FR\/wp-json\/wp\/v2\/product"}],"about":[{"href":"https:\/\/bazz.ca\/us_FR\/wp-json\/wp\/v2\/types\/product"}],"replies":[{"embeddable":true,"href":"https:\/\/bazz.ca\/us_FR\/wp-json\/wp\/v2\/comments?post=6787"}],"wp:featuredmedia":[{"embeddable":true,"href":"https:\/\/bazz.ca\/us_FR\/wp-json\/wp\/v2\/media\/9035"}],"wp:attachment":[{"href":"https:\/\/bazz.ca\/us_FR\/wp-json\/wp\/v2\/media?parent=6787"}],"wp:term":[{"taxonomy":"product_brand","embeddable":true,"href":"https:\/\/bazz.ca\/us_FR\/wp-json\/wp\/v2\/product_brand?post=6787"},{"taxonomy":"product_cat","embeddable":true,"href":"https:\/\/bazz.ca\/us_FR\/wp-json\/wp\/v2\/product_cat?post=6787"},{"taxonomy":"product_tag","embeddable":true,"href":"https:\/\/bazz.ca\/us_FR\/wp-json\/wp\/v2\/product_tag?post=6787"}],"curies":[{"name":"wp","href":"https:\/\/api.w.org\/{rel}","templated":true}]}}