{"id":6778,"date":"2024-07-30T01:28:14","date_gmt":"2024-07-30T01:28:14","guid":{"rendered":"https:\/\/bazz.ca\/product\/bazz-10-pieds-bande-lumineuse-led-auto-adhesive-decoupable-sous-armoire\/"},"modified":"2025-03-24T16:21:39","modified_gmt":"2025-03-24T16:21:39","slug":"bazz-10-pieds-bande-lumineuse-led-auto-adhesive-decoupable-sous-armoire","status":"publish","type":"product","link":"https:\/\/bazz.ca\/us_FR\/produit\/bazz-10-pieds-bande-lumineuse-led-auto-adhesive-decoupable-sous-armoire\/","title":{"rendered":"BAZZ 10 pieds. Bande lumineuse LED auto-adh\u00e9sive d\u00e9coupable sous armoire"},"content":{"rendered":"<p>Dot\u00e9e d&#8217;un style subtil et d&#8217;une utilit\u00e9 ultime, cette bande lumineuse LED int\u00e9gr\u00e9e pour BAZZ est la solution parfaite pour tout besoin d&#8217;\u00e9clairage. Flexibles, d\u00e9coupables et connectables, vous pourrez utiliser ces bandes lumineuses pour presque toutes les applications que vous pouvez imaginer. Ils peuvent \u00e9galement \u00eatre branch\u00e9s ou directement c\u00e2bl\u00e9s \u00e0 l&#8217;aide de la bo\u00eete de jonction BAZZ. Avec une dur\u00e9e de vie de 30000 heures, vous pouvez \u00eatre s\u00fbr que vous pourrez utiliser cette solution d&#8217;\u00e9clairage pendant des ann\u00e9es.<\/p>\n<ul>\n<li>LED int\u00e9gr\u00e9e de 6,5 watts (500 lumens). Dur\u00e9e de vie de 30000 heures<\/li>\n<li>Installation facile en surface<\/li>\n<li>Connectable jusqu&#8217;\u00e0 2 unit\u00e9s<\/li>\n<li>Temp\u00e9rature de couleur : 3000 K (blanc doux)<\/li>\n<li>D\u00e9coupable pour s&#8217;adapter \u00e0 n&#8217;importe quelle surface<\/li>\n<li>C\u00e2blage enfichable ou direct avec bo\u00eete de jonction BAZZ<\/li>\n<li>Comprend un cordon d&#8217;alimentation de 60 pouces avec interrupteur<\/li>\n<\/ul>\n","protected":false},"excerpt":{"rendered":"<p>Dot\u00e9e d&#8217;un style subtil et d&#8217;une utilit\u00e9 ultime, cette bande lumineuse LED int\u00e9gr\u00e9e pour BAZZ est la solution parfaite pour tout besoin d&#8217;\u00e9clairage.<\/p>\n","protected":false},"featured_media":8847,"comment_status":"open","ping_status":"closed","template":"","meta":{"_acf_changed":false},"product_brand":[],"product_cat":[507,491],"product_tag":[],"class_list":{"0":"post-6778","1":"product","2":"type-product","3":"status-publish","4":"has-post-thumbnail","6":"product_cat-eclairages-sous-les-armoires-us_fr","7":"product_cat-specialites-us_fr","9":"first","10":"outofstock","11":"taxable","12":"shipping-taxable","13":"purchasable","14":"product-type-simple"},"acf":[],"_links":{"self":[{"href":"https:\/\/bazz.ca\/us_FR\/wp-json\/wp\/v2\/product\/6778","targetHints":{"allow":["GET"]}}],"collection":[{"href":"https:\/\/bazz.ca\/us_FR\/wp-json\/wp\/v2\/product"}],"about":[{"href":"https:\/\/bazz.ca\/us_FR\/wp-json\/wp\/v2\/types\/product"}],"replies":[{"embeddable":true,"href":"https:\/\/bazz.ca\/us_FR\/wp-json\/wp\/v2\/comments?post=6778"}],"wp:featuredmedia":[{"embeddable":true,"href":"https:\/\/bazz.ca\/us_FR\/wp-json\/wp\/v2\/media\/8847"}],"wp:attachment":[{"href":"https:\/\/bazz.ca\/us_FR\/wp-json\/wp\/v2\/media?parent=6778"}],"wp:term":[{"taxonomy":"product_brand","embeddable":true,"href":"https:\/\/bazz.ca\/us_FR\/wp-json\/wp\/v2\/product_brand?post=6778"},{"taxonomy":"product_cat","embeddable":true,"href":"https:\/\/bazz.ca\/us_FR\/wp-json\/wp\/v2\/product_cat?post=6778"},{"taxonomy":"product_tag","embeddable":true,"href":"https:\/\/bazz.ca\/us_FR\/wp-json\/wp\/v2\/product_tag?post=6778"}],"curies":[{"name":"wp","href":"https:\/\/api.w.org\/{rel}","templated":true}]}}