{"id":6772,"date":"2024-07-30T01:28:14","date_gmt":"2024-07-30T01:28:14","guid":{"rendered":"https:\/\/bazz.ca\/product\/bazz-lot-de-3-rondelles-led-sous-armoire\/"},"modified":"2025-03-24T16:23:42","modified_gmt":"2025-03-24T16:23:42","slug":"bazz-lot-de-3-rondelles-led-sous-armoire","status":"publish","type":"product","link":"https:\/\/bazz.ca\/us_FR\/produit\/bazz-lot-de-3-rondelles-led-sous-armoire\/","title":{"rendered":"BAZZ Lot de 3 rondelles LED sous armoire"},"content":{"rendered":"<p>Que ce soit pour votre garage de cuisine ou un placard, ces rondelles LED de BAZZ sont la solution id\u00e9ale pour vos besoins d&#8217;\u00e9clairage utilitaire. Fixez-le simplement \u00e0 la surface requise et branchez-le ou c\u00e2blez-le directement avec la bo\u00eete de jonction BAZZ. Vous pouvez relier jusqu&#8217;\u00e0 six lampes et, avec une dur\u00e9e de vie de 30000 heures, vous pouvez \u00eatre s\u00fbr que vous profiterez de ces lampes modernes pour les ann\u00e9es \u00e0 venir.<\/p>\n<ul>\n<li>Comprend une LED int\u00e9gr\u00e9e de 1,3 watts (324 lumens). Dur\u00e9e de vie de 30000 heures<\/li>\n<li>Installation facile en surface<\/li>\n<li>Liaison jusqu&#8217;\u00e0 6 unit\u00e9s<\/li>\n<li>Temp\u00e9rature de couleur : 3000 K (blanc doux)<\/li>\n<li>C\u00e2blage enfichable ou direct avec bo\u00eete de jonction BAZZ<\/li>\n<li>Comprend un cordon d&#8217;alimentation de 67 pouces avec interrupteur et un c\u00e2ble de connexion de 86,5 pouces<\/li>\n<\/ul>\n","protected":false},"excerpt":{"rendered":"<p>Que ce soit pour votre garage de cuisine ou un placard, ces rondelles LED de BAZZ sont la solution id\u00e9ale pour vos besoins d&#8217;\u00e9clairage utilitaire.<\/p>\n","protected":false},"featured_media":9271,"comment_status":"open","ping_status":"closed","template":"","meta":{"_acf_changed":false},"product_brand":[],"product_cat":[507,491],"product_tag":[],"class_list":{"0":"post-6772","1":"product","2":"type-product","3":"status-publish","4":"has-post-thumbnail","6":"product_cat-eclairages-sous-les-armoires-us_fr","7":"product_cat-specialites-us_fr","9":"first","10":"outofstock","11":"taxable","12":"shipping-taxable","13":"purchasable","14":"product-type-simple"},"acf":[],"_links":{"self":[{"href":"https:\/\/bazz.ca\/us_FR\/wp-json\/wp\/v2\/product\/6772","targetHints":{"allow":["GET"]}}],"collection":[{"href":"https:\/\/bazz.ca\/us_FR\/wp-json\/wp\/v2\/product"}],"about":[{"href":"https:\/\/bazz.ca\/us_FR\/wp-json\/wp\/v2\/types\/product"}],"replies":[{"embeddable":true,"href":"https:\/\/bazz.ca\/us_FR\/wp-json\/wp\/v2\/comments?post=6772"}],"wp:featuredmedia":[{"embeddable":true,"href":"https:\/\/bazz.ca\/us_FR\/wp-json\/wp\/v2\/media\/9271"}],"wp:attachment":[{"href":"https:\/\/bazz.ca\/us_FR\/wp-json\/wp\/v2\/media?parent=6772"}],"wp:term":[{"taxonomy":"product_brand","embeddable":true,"href":"https:\/\/bazz.ca\/us_FR\/wp-json\/wp\/v2\/product_brand?post=6772"},{"taxonomy":"product_cat","embeddable":true,"href":"https:\/\/bazz.ca\/us_FR\/wp-json\/wp\/v2\/product_cat?post=6772"},{"taxonomy":"product_tag","embeddable":true,"href":"https:\/\/bazz.ca\/us_FR\/wp-json\/wp\/v2\/product_tag?post=6772"}],"curies":[{"name":"wp","href":"https:\/\/api.w.org\/{rel}","templated":true}]}}