{"id":6766,"date":"2024-07-30T01:28:14","date_gmt":"2024-07-30T01:28:14","guid":{"rendered":"https:\/\/bazz.ca\/product\/bazz-lot-de-3-lampes-daccentuation-rechargeables-avec-capteur-de-contact-magnetique-3000-k-blanc-doux-06-w-40-lumens\/"},"modified":"2025-03-24T19:19:37","modified_gmt":"2025-03-24T19:19:37","slug":"bazz-lot-de-3-lampes-daccentuation-rechargeables-avec-capteur-de-contact-magnetique-3000-k-blanc-doux-06-w-40-lumens","status":"publish","type":"product","link":"https:\/\/bazz.ca\/us_FR\/produit\/bazz-lot-de-3-lampes-daccentuation-rechargeables-avec-capteur-de-contact-magnetique-3000-k-blanc-doux-06-w-40-lumens\/","title":{"rendered":"BAZZ Lot de 3 lampes d&#8217;accentuation rechargeables avec capteur de contact magn\u00e9tique 3000 K Blanc doux 0,6 W 40 lumens"},"content":{"rendered":"<p>Nos 3 lampes d&#8217;accentuation rechargeables \u00e0 capteur de contact magn\u00e9tique sont facilement rechargeables et disposent d&#8217;une conception de contact magn\u00e9tique. \u00c9mettant une douce lueur blanc chaud de 3000K pour une puissance de 0,6 W, ces lampes offrent une luminosit\u00e9 de 40 lumens.<\/p>\n<ul>\n<li>Con\u00e7u pour les armoires, les \u00e9tag\u00e8res, les biblioth\u00e8ques, les placards, etc.<\/li>\n<li>Capteur de mouvement PIR et capteur de lumi\u00e8re<\/li>\n<\/ul>\n","protected":false},"excerpt":{"rendered":"<p>Nos 3 lampes d&#8217;accentuation rechargeables \u00e0 capteur de contact magn\u00e9tique sont facilement rechargeables et disposent d&#8217;une conception de contact magn\u00e9tique.<\/p>\n","protected":false},"featured_media":9215,"comment_status":"open","ping_status":"closed","template":"","meta":{"_acf_changed":false},"product_brand":[],"product_cat":[507,491],"product_tag":[],"class_list":{"0":"post-6766","1":"product","2":"type-product","3":"status-publish","4":"has-post-thumbnail","6":"product_cat-eclairages-sous-les-armoires-us_fr","7":"product_cat-specialites-us_fr","9":"first","10":"outofstock","11":"taxable","12":"shipping-taxable","13":"purchasable","14":"product-type-simple"},"acf":[],"_links":{"self":[{"href":"https:\/\/bazz.ca\/us_FR\/wp-json\/wp\/v2\/product\/6766","targetHints":{"allow":["GET"]}}],"collection":[{"href":"https:\/\/bazz.ca\/us_FR\/wp-json\/wp\/v2\/product"}],"about":[{"href":"https:\/\/bazz.ca\/us_FR\/wp-json\/wp\/v2\/types\/product"}],"replies":[{"embeddable":true,"href":"https:\/\/bazz.ca\/us_FR\/wp-json\/wp\/v2\/comments?post=6766"}],"wp:featuredmedia":[{"embeddable":true,"href":"https:\/\/bazz.ca\/us_FR\/wp-json\/wp\/v2\/media\/9215"}],"wp:attachment":[{"href":"https:\/\/bazz.ca\/us_FR\/wp-json\/wp\/v2\/media?parent=6766"}],"wp:term":[{"taxonomy":"product_brand","embeddable":true,"href":"https:\/\/bazz.ca\/us_FR\/wp-json\/wp\/v2\/product_brand?post=6766"},{"taxonomy":"product_cat","embeddable":true,"href":"https:\/\/bazz.ca\/us_FR\/wp-json\/wp\/v2\/product_cat?post=6766"},{"taxonomy":"product_tag","embeddable":true,"href":"https:\/\/bazz.ca\/us_FR\/wp-json\/wp\/v2\/product_tag?post=6766"}],"curies":[{"name":"wp","href":"https:\/\/api.w.org\/{rel}","templated":true}]}}