{"id":6754,"date":"2024-07-30T01:00:01","date_gmt":"2024-07-30T01:00:01","guid":{"rendered":"https:\/\/bazz.ca\/product\/bazz-loft-lampe-de-table-led-noir-sable-avec-accents-de-cuivre\/"},"modified":"2025-03-24T15:55:11","modified_gmt":"2025-03-24T15:55:11","slug":"bazz-loft-lampe-de-table-led-noir-sable-avec-accents-de-cuivre","status":"publish","type":"product","link":"https:\/\/bazz.ca\/us_FR\/produit\/bazz-loft-lampe-de-table-led-noir-sable-avec-accents-de-cuivre\/","title":{"rendered":"BAZZ Loft Lampe de table LED noir sable avec accents de cuivre"},"content":{"rendered":"<p>Donnez \u00e0 votre bureau l&#8217;accent vintage parfait avec la lampe de table Loft de BAZZ. Dot\u00e9e d&#8217;une finition noir sable avec des accents de cuivre au niveau des joints, cette lampe de table offre le m\u00e9lange parfait de style et de fonctionnalit\u00e9. La lampe est r\u00e9glable pour r\u00e9pondre \u00e0 vos besoins d&#8217;\u00e9clairage gr\u00e2ce \u00e0 un interrupteur marche\/arr\u00eat pratique sur le cordon. L&#8217;ampoule LED A19 incluse est enti\u00e8rement dimmable avec une puissance lumineuse de 800 lumens, une temp\u00e9rature de couleur de 2700 K et une dur\u00e9e de vie de 30000 heures. La lampe de table Loft sera l&#8217;un des \u00e9l\u00e9ments pr\u00e9f\u00e9r\u00e9s de votre bureau \u00e0 domicile pendant des ann\u00e9es.<\/p>\n<ul>\n<li>Comprend une ampoule DEL A19 de 10 W (800 lumens)<\/li>\n<li>Temp\u00e9rature de couleur de 2 700 K<\/li>\n<li>Dur\u00e9e de vie de l&#8217;ampoule de 30000 heures<\/li>\n<li>Gradable &#8211; gradation sans scintillement<\/li>\n<li>Dimensions : Base : 7,38 po x 1 po, abat-jour : 5 po x 7,38 po, bras : 11,5 po et 9 po.<\/li>\n<li>Homologu\u00e9 UL<\/li>\n<li>Noir sable avec accents de cuivre<\/li>\n<\/ul>\n","protected":false},"excerpt":{"rendered":"<p>Donnez \u00e0 votre bureau l&#8217;accent vintage parfait avec la lampe de table Loft de BAZZ.<\/p>\n","protected":false},"featured_media":9607,"comment_status":"open","ping_status":"closed","template":"","meta":{"_acf_changed":false},"product_brand":[],"product_cat":[520],"product_tag":[],"class_list":{"0":"post-6754","1":"product","2":"type-product","3":"status-publish","4":"has-post-thumbnail","6":"product_cat-lampes-lampadaires-us_fr","8":"first","9":"outofstock","10":"taxable","11":"shipping-taxable","12":"purchasable","13":"product-type-simple"},"acf":[],"_links":{"self":[{"href":"https:\/\/bazz.ca\/us_FR\/wp-json\/wp\/v2\/product\/6754","targetHints":{"allow":["GET"]}}],"collection":[{"href":"https:\/\/bazz.ca\/us_FR\/wp-json\/wp\/v2\/product"}],"about":[{"href":"https:\/\/bazz.ca\/us_FR\/wp-json\/wp\/v2\/types\/product"}],"replies":[{"embeddable":true,"href":"https:\/\/bazz.ca\/us_FR\/wp-json\/wp\/v2\/comments?post=6754"}],"wp:featuredmedia":[{"embeddable":true,"href":"https:\/\/bazz.ca\/us_FR\/wp-json\/wp\/v2\/media\/9607"}],"wp:attachment":[{"href":"https:\/\/bazz.ca\/us_FR\/wp-json\/wp\/v2\/media?parent=6754"}],"wp:term":[{"taxonomy":"product_brand","embeddable":true,"href":"https:\/\/bazz.ca\/us_FR\/wp-json\/wp\/v2\/product_brand?post=6754"},{"taxonomy":"product_cat","embeddable":true,"href":"https:\/\/bazz.ca\/us_FR\/wp-json\/wp\/v2\/product_cat?post=6754"},{"taxonomy":"product_tag","embeddable":true,"href":"https:\/\/bazz.ca\/us_FR\/wp-json\/wp\/v2\/product_tag?post=6754"}],"curies":[{"name":"wp","href":"https:\/\/api.w.org\/{rel}","templated":true}]}}