{"id":6751,"date":"2024-07-30T01:00:01","date_gmt":"2024-07-30T01:00:01","guid":{"rendered":"https:\/\/bazz.ca\/product\/lampe-de-table-en-marbre-noir-bazz-4w-150-lumens-2200k-80cri-ampoule-led-incluse\/"},"modified":"2025-03-24T15:51:25","modified_gmt":"2025-03-24T15:51:25","slug":"lampe-de-table-en-marbre-noir-bazz-4w-150-lumens-2200k-80cri-ampoule-led-incluse","status":"publish","type":"product","link":"https:\/\/bazz.ca\/us_FR\/produit\/lampe-de-table-en-marbre-noir-bazz-4w-150-lumens-2200k-80cri-ampoule-led-incluse\/","title":{"rendered":"Lampe de table en marbre noir BAZZ 4W 150 lumens 2200K 80+CRI Ampoule LED incluse"},"content":{"rendered":"<p>Cette lampe de table en marbre noir de BAZZ est une lumi\u00e8re d&#8217;ambiance \u00e9l\u00e9gante qui peut cr\u00e9er une atmosph\u00e8re relaxante pour vous calmer et ralentir. It is not only a source of illumination but also a work of art that adds a touch of exclusivity to your decor. Contr\u00f4lez-la facilement gr\u00e2ce \u00e0 l&#8217;interrupteur marche\/arr\u00eat situ\u00e9 sur le cordon d&#8217;alimentation. Vous tomberez sous le charme de son excellente qualit\u00e9 et de sa commodit\u00e9.<\/p>\n<ul>\n<li>Les veines naturelles du marbre rendent chaque lampe unique<\/li>\n<li>Le socle en marbre garantit solidit\u00e9 et durabilit\u00e9<\/li>\n<li>L&#8217;ampoule noire d\u00e9grad\u00e9e projette une lueur chaleureuse<\/li>\n<\/ul>\n","protected":false},"excerpt":{"rendered":"<p>Cette lampe de table en marbre noir de BAZZ est une lumi\u00e8re d&#8217;ambiance \u00e9l\u00e9gante qui peut cr\u00e9er une atmosph\u00e8re relaxante pour vous calmer et ralentir.<\/p>\n","protected":false},"featured_media":9551,"comment_status":"open","ping_status":"closed","template":"","meta":{"_acf_changed":false},"product_brand":[],"product_cat":[520],"product_tag":[],"class_list":{"0":"post-6751","1":"product","2":"type-product","3":"status-publish","4":"has-post-thumbnail","6":"product_cat-lampes-lampadaires-us_fr","8":"first","9":"outofstock","10":"taxable","11":"shipping-taxable","12":"purchasable","13":"product-type-simple"},"acf":[],"_links":{"self":[{"href":"https:\/\/bazz.ca\/us_FR\/wp-json\/wp\/v2\/product\/6751","targetHints":{"allow":["GET"]}}],"collection":[{"href":"https:\/\/bazz.ca\/us_FR\/wp-json\/wp\/v2\/product"}],"about":[{"href":"https:\/\/bazz.ca\/us_FR\/wp-json\/wp\/v2\/types\/product"}],"replies":[{"embeddable":true,"href":"https:\/\/bazz.ca\/us_FR\/wp-json\/wp\/v2\/comments?post=6751"}],"wp:featuredmedia":[{"embeddable":true,"href":"https:\/\/bazz.ca\/us_FR\/wp-json\/wp\/v2\/media\/9551"}],"wp:attachment":[{"href":"https:\/\/bazz.ca\/us_FR\/wp-json\/wp\/v2\/media?parent=6751"}],"wp:term":[{"taxonomy":"product_brand","embeddable":true,"href":"https:\/\/bazz.ca\/us_FR\/wp-json\/wp\/v2\/product_brand?post=6751"},{"taxonomy":"product_cat","embeddable":true,"href":"https:\/\/bazz.ca\/us_FR\/wp-json\/wp\/v2\/product_cat?post=6751"},{"taxonomy":"product_tag","embeddable":true,"href":"https:\/\/bazz.ca\/us_FR\/wp-json\/wp\/v2\/product_tag?post=6751"}],"curies":[{"name":"wp","href":"https:\/\/api.w.org\/{rel}","templated":true}]}}