{"id":6748,"date":"2024-07-30T01:00:01","date_gmt":"2024-07-30T01:00:01","guid":{"rendered":"https:\/\/bazz.ca\/product\/lampe-de-table-sans-fil-led-integree-pliable-bazz\/"},"modified":"2025-03-24T16:04:11","modified_gmt":"2025-03-24T16:04:11","slug":"lampe-de-table-sans-fil-led-integree-pliable-bazz","status":"publish","type":"product","link":"https:\/\/bazz.ca\/us_FR\/produit\/lampe-de-table-sans-fil-led-integree-pliable-bazz\/","title":{"rendered":"Lampe de table sans fil LED int\u00e9gr\u00e9e pliable BAZZ"},"content":{"rendered":"<p>Cette \u00e9l\u00e9gante lampe de table \u00e0 LED int\u00e9gr\u00e9e de BAZZ donnera \u00e0 votre bureau \u00e0 domicile un accent sophistiqu\u00e9 et pratique. Sans fil avec batterie rechargeable et pliable \u00e0 360 degr\u00e9s, cette lampe est portable et pratique, offrant flexibilit\u00e9 et style. Parmi les nombreuses options potentielles figurent une lampe de table de base, une applique murale suspendue et un support de t\u00e9l\u00e9phone. Comprenant trois niveaux de luminosit\u00e9 avec des commandes tactiles simples, vous aurez toujours le bon niveau de lumi\u00e8re pour la t\u00e2che \u00e0 accomplir. Gr\u00e2ce \u00e0 la LED int\u00e9gr\u00e9e de longue dur\u00e9e et \u00e0 la batterie au lithium, vous pouvez \u00eatre s\u00fbr que cette lampe fera partie int\u00e9grante de votre bureau, o\u00f9 qu&#8217;il se trouve, pendant des ann\u00e9es.<\/p>\n<ul>\n<li>LED int\u00e9gr\u00e9e 3 W<\/li>\n<li>Temp\u00e9rature de couleur 6000 K<\/li>\n<li>Dur\u00e9e de vie de 30000 heures<\/li>\n<li>Trois niveaux de luminosit\u00e9 r\u00e9glables avec interrupteur tactile<\/li>\n<li>Alimentation par batterie au lithium polym\u00e8re rechargeable int\u00e9gr\u00e9e de 1000 mAh<\/li>\n<li>Dimensions &#8211; 8,5 pouces de hauteur x 2,5 pouces de largeur<\/li>\n<\/ul>\n<div id=\"awebChromeHelper\" data-version=\"1.24.3\"><\/div>\n","protected":false},"excerpt":{"rendered":"<p>Cette \u00e9l\u00e9gante lampe de table \u00e0 LED int\u00e9gr\u00e9e de BAZZ donnera \u00e0 votre bureau \u00e0 domicile un accent sophistiqu\u00e9 et pratique.<\/p>\n<div id=\"awebChromeHelper\" data-version=\"1.24.3\"><\/div>\n","protected":false},"featured_media":9583,"comment_status":"open","ping_status":"closed","template":"","meta":{"_acf_changed":false},"product_brand":[],"product_cat":[520],"product_tag":[],"class_list":{"0":"post-6748","1":"product","2":"type-product","3":"status-publish","4":"has-post-thumbnail","6":"product_cat-lampes-lampadaires-us_fr","8":"first","9":"outofstock","10":"taxable","11":"shipping-taxable","12":"purchasable","13":"product-type-simple"},"acf":[],"_links":{"self":[{"href":"https:\/\/bazz.ca\/us_FR\/wp-json\/wp\/v2\/product\/6748","targetHints":{"allow":["GET"]}}],"collection":[{"href":"https:\/\/bazz.ca\/us_FR\/wp-json\/wp\/v2\/product"}],"about":[{"href":"https:\/\/bazz.ca\/us_FR\/wp-json\/wp\/v2\/types\/product"}],"replies":[{"embeddable":true,"href":"https:\/\/bazz.ca\/us_FR\/wp-json\/wp\/v2\/comments?post=6748"}],"wp:featuredmedia":[{"embeddable":true,"href":"https:\/\/bazz.ca\/us_FR\/wp-json\/wp\/v2\/media\/9583"}],"wp:attachment":[{"href":"https:\/\/bazz.ca\/us_FR\/wp-json\/wp\/v2\/media?parent=6748"}],"wp:term":[{"taxonomy":"product_brand","embeddable":true,"href":"https:\/\/bazz.ca\/us_FR\/wp-json\/wp\/v2\/product_brand?post=6748"},{"taxonomy":"product_cat","embeddable":true,"href":"https:\/\/bazz.ca\/us_FR\/wp-json\/wp\/v2\/product_cat?post=6748"},{"taxonomy":"product_tag","embeddable":true,"href":"https:\/\/bazz.ca\/us_FR\/wp-json\/wp\/v2\/product_tag?post=6748"}],"curies":[{"name":"wp","href":"https:\/\/api.w.org\/{rel}","templated":true}]}}