{"id":6742,"date":"2024-07-30T01:00:01","date_gmt":"2024-07-30T01:00:01","guid":{"rendered":"https:\/\/bazz.ca\/product\/lampe-de-table-led-integree-a-energie-solaire-bazz\/"},"modified":"2025-03-24T16:10:11","modified_gmt":"2025-03-24T16:10:11","slug":"lampe-de-table-led-integree-a-energie-solaire-bazz","status":"publish","type":"product","link":"https:\/\/bazz.ca\/us_FR\/produit\/lampe-de-table-led-integree-a-energie-solaire-bazz\/","title":{"rendered":"Lampe de table LED int\u00e9gr\u00e9e \u00e0 \u00e9nergie solaire BAZZ"},"content":{"rendered":"<p>Cette remarquable lampe de table solaire de BAZZ offre une flexibilit\u00e9 unique et un design classique. Aliment\u00e9 par l&#8217;\u00e9nergie solaire et pouvant \u00eatre utilis\u00e9 \u00e0 l&#8217;int\u00e9rieur ou \u00e0 l&#8217;ext\u00e9rieur, vous pouvez facilement d\u00e9placer cette lampe de table l\u00e0 o\u00f9 vous en avez le plus besoin. Il est dot\u00e9 de 10 LED blanc chaud super brillantes 2835 avec une plage de temp\u00e9rature de couleur de 3000 \u00e0 3500 K. Un interrupteur marche\/arr\u00eat est inclus ainsi que la possibilit\u00e9 de modifier la luminosit\u00e9 \u00e0 l&#8217;aide du cordon de traction avec des options de 10 \u00e0 50 ou 200 lumens. Cette lampe de table solaire de BAZZ apportera \u00e0 votre d\u00e9coration un accent unique pour les ann\u00e9es \u00e0 venir !<\/p>\n<ul>\n<li>Panneau solaire en silicium polycristallin (5V 200mA)<\/li>\n<li>Temp\u00e9rature de couleur 3000-3500K (10x 2835 blanc chaud super brillant)<\/li>\n<li>Dur\u00e9e de vie de l&#8217;ampoule de 30000 heures<\/li>\n<li>L&#8217;interrupteur \u00e0 cordon contr\u00f4le la luminosit\u00e9 (10\/50\/200 lumens)<\/li>\n<li>Includes one 3.7V 18650 2000mAh ICR lithium-ion recharable battery<\/li>\n<li>Dimensions- 11.25&#8243; H x 6&#8243; L x 8&#8243; W<\/li>\n<\/ul>\n","protected":false},"excerpt":{"rendered":"<p>Cette remarquable lampe de table solaire de BAZZ offre une flexibilit\u00e9 unique et un design classique.<\/p>\n","protected":false},"featured_media":9639,"comment_status":"open","ping_status":"closed","template":"","meta":{"_acf_changed":false},"product_brand":[],"product_cat":[520],"product_tag":[],"class_list":{"0":"post-6742","1":"product","2":"type-product","3":"status-publish","4":"has-post-thumbnail","6":"product_cat-lampes-lampadaires-us_fr","8":"first","9":"outofstock","10":"taxable","11":"shipping-taxable","12":"purchasable","13":"product-type-simple"},"acf":[],"_links":{"self":[{"href":"https:\/\/bazz.ca\/us_FR\/wp-json\/wp\/v2\/product\/6742","targetHints":{"allow":["GET"]}}],"collection":[{"href":"https:\/\/bazz.ca\/us_FR\/wp-json\/wp\/v2\/product"}],"about":[{"href":"https:\/\/bazz.ca\/us_FR\/wp-json\/wp\/v2\/types\/product"}],"replies":[{"embeddable":true,"href":"https:\/\/bazz.ca\/us_FR\/wp-json\/wp\/v2\/comments?post=6742"}],"wp:featuredmedia":[{"embeddable":true,"href":"https:\/\/bazz.ca\/us_FR\/wp-json\/wp\/v2\/media\/9639"}],"wp:attachment":[{"href":"https:\/\/bazz.ca\/us_FR\/wp-json\/wp\/v2\/media?parent=6742"}],"wp:term":[{"taxonomy":"product_brand","embeddable":true,"href":"https:\/\/bazz.ca\/us_FR\/wp-json\/wp\/v2\/product_brand?post=6742"},{"taxonomy":"product_cat","embeddable":true,"href":"https:\/\/bazz.ca\/us_FR\/wp-json\/wp\/v2\/product_cat?post=6742"},{"taxonomy":"product_tag","embeddable":true,"href":"https:\/\/bazz.ca\/us_FR\/wp-json\/wp\/v2\/product_tag?post=6742"}],"curies":[{"name":"wp","href":"https:\/\/api.w.org\/{rel}","templated":true}]}}