{"id":6682,"date":"2024-07-29T20:10:27","date_gmt":"2024-07-29T20:10:27","guid":{"rendered":"https:\/\/bazz.ca\/product\/bazz-lampe-de-magasin-a-led-integree-avec-haut-parleurs-bluetooth-4625-pouces-5000-lumens-4000k-58w-noir\/"},"modified":"2025-03-24T15:42:01","modified_gmt":"2025-03-24T15:42:01","slug":"bazz-lampe-de-magasin-a-led-integree-avec-haut-parleurs-bluetooth-4625-pouces-5000-lumens-4000k-58w-noir","status":"publish","type":"product","link":"https:\/\/bazz.ca\/us_FR\/produit\/bazz-lampe-de-magasin-a-led-integree-avec-haut-parleurs-bluetooth-4625-pouces-5000-lumens-4000k-58w-noir\/","title":{"rendered":"BAZZ Lampe de magasin \u00e0 LED int\u00e9gr\u00e9e avec haut-parleurs Bluetooth 46,25 pouces 5000 Lumens 4000K 58W Noir"},"content":{"rendered":"<p>\u00c9levez votre espace de travail avec cet \u00e9l\u00e9gant \u00e9clairage de magasin \u00e0 LED int\u00e9gr\u00e9. Avec les haut-parleurs Bluetooth int\u00e9gr\u00e9s, vous pouvez profiter de vos morceaux pr\u00e9f\u00e9r\u00e9s tout en travaillant dans le garage, l&#8217;atelier, la buanderie, la salle de jeux et la buanderie au sous-sol. Avec une longueur de 46,25 pouces et une luminosit\u00e9 de 5000 lumens \u00e0 une temp\u00e9rature de couleur de 4000K, elle garantit un \u00e9clairage lumineux et \u00e9conome en \u00e9nergie.<\/p>\n<ul>\n<li>Finition en aluminium avec embout noir<\/li>\n<li>Abat-jour en plastique blanc<\/li>\n<li>LED int\u00e9gr\u00e9e \u00e0 \u00e9conomie d&#8217;\u00e9nergie<\/li>\n<li>Haut-parleur Bluetooth int\u00e9gr\u00e9 (port\u00e9e de connexion : 10 m)<\/li>\n<li>Cha\u00eene de suspension et cordon d&#8217;alimentation enfichable de 1,5 m inclus.<\/li>\n<\/ul>\n","protected":false},"excerpt":{"rendered":"<p>\u00c9levez votre espace de travail avec cet \u00e9l\u00e9gant \u00e9clairage de magasin \u00e0 LED int\u00e9gr\u00e9.<\/p>\n","protected":false},"featured_media":9335,"comment_status":"open","ping_status":"closed","template":"","meta":{"_acf_changed":false},"product_brand":[],"product_cat":[503,491],"product_tag":[],"class_list":{"0":"post-6682","1":"product","2":"type-product","3":"status-publish","4":"has-post-thumbnail","6":"product_cat-lumieres-datelier-us_fr","7":"product_cat-specialites-us_fr","9":"first","10":"outofstock","11":"taxable","12":"shipping-taxable","13":"purchasable","14":"product-type-simple"},"acf":[],"_links":{"self":[{"href":"https:\/\/bazz.ca\/us_FR\/wp-json\/wp\/v2\/product\/6682","targetHints":{"allow":["GET"]}}],"collection":[{"href":"https:\/\/bazz.ca\/us_FR\/wp-json\/wp\/v2\/product"}],"about":[{"href":"https:\/\/bazz.ca\/us_FR\/wp-json\/wp\/v2\/types\/product"}],"replies":[{"embeddable":true,"href":"https:\/\/bazz.ca\/us_FR\/wp-json\/wp\/v2\/comments?post=6682"}],"wp:featuredmedia":[{"embeddable":true,"href":"https:\/\/bazz.ca\/us_FR\/wp-json\/wp\/v2\/media\/9335"}],"wp:attachment":[{"href":"https:\/\/bazz.ca\/us_FR\/wp-json\/wp\/v2\/media?parent=6682"}],"wp:term":[{"taxonomy":"product_brand","embeddable":true,"href":"https:\/\/bazz.ca\/us_FR\/wp-json\/wp\/v2\/product_brand?post=6682"},{"taxonomy":"product_cat","embeddable":true,"href":"https:\/\/bazz.ca\/us_FR\/wp-json\/wp\/v2\/product_cat?post=6682"},{"taxonomy":"product_tag","embeddable":true,"href":"https:\/\/bazz.ca\/us_FR\/wp-json\/wp\/v2\/product_tag?post=6682"}],"curies":[{"name":"wp","href":"https:\/\/api.w.org\/{rel}","templated":true}]}}