{"id":6679,"date":"2024-07-29T20:10:26","date_gmt":"2024-07-29T20:10:26","guid":{"rendered":"https:\/\/bazz.ca\/product\/suspension-simple-bazz-avec-abat-jour-en-verre-rond-transparent-et-perles-de-verre\/"},"modified":"2025-03-24T15:26:49","modified_gmt":"2025-03-24T15:26:49","slug":"suspension-simple-bazz-avec-abat-jour-en-verre-rond-transparent-et-perles-de-verre","status":"publish","type":"product","link":"https:\/\/bazz.ca\/us_FR\/produit\/suspension-simple-bazz-avec-abat-jour-en-verre-rond-transparent-et-perles-de-verre\/","title":{"rendered":"Suspension simple BAZZ avec abat-jour en verre rond transparent et perles de verre"},"content":{"rendered":"<p>Ce luminaire suspendu remarquable de BAZZ donnera \u00e0 votre pi\u00e8ce pr\u00e9f\u00e9r\u00e9e un accent remarquable. Avec un style contemporain incomparable combin\u00e9 \u00e0 une commodit\u00e9 moderne, ce luminaire sera un favori. Il est \u00e9galement enti\u00e8rement r\u00e9glable et convient donc \u00e0 n\u2019importe quelle pi\u00e8ce. A utiliser avec une ampoule G9 40W (non incluse).<\/p>\n<ul>\n<li>N\u00e9cessite une ampoule halog\u00e8ne G9 de 40 W (non incluse)<\/li>\n<li>Homologu\u00e9 UL et CSA<\/li>\n<li>Dur\u00e9e de vie de l&#8217;ampoule de 30000 heures<\/li>\n<li>Gradable &#8211; gradation sans scintillement<\/li>\n<li>Longueur de suspension enti\u00e8rement r\u00e9glable jusqu&#8217;\u00e0 69,75 pouces.<\/li>\n<li>Mat\u00e9riel inclus<\/li>\n<li>Installation facile<\/li>\n<\/ul>\n","protected":false},"excerpt":{"rendered":"<p>Ce luminaire suspendu remarquable de BAZZ donnera \u00e0 votre pi\u00e8ce pr\u00e9f\u00e9r\u00e9e un accent remarquable.<\/p>\n","protected":false},"featured_media":8787,"comment_status":"open","ping_status":"closed","template":"","meta":{"_acf_changed":false},"product_brand":[],"product_cat":[467,443],"product_tag":[],"class_list":{"0":"post-6679","1":"product","2":"type-product","3":"status-publish","4":"has-post-thumbnail","6":"product_cat-petites-suspensions-us_fr","7":"product_cat-suspensions-us_fr","9":"first","10":"outofstock","11":"taxable","12":"shipping-taxable","13":"purchasable","14":"product-type-simple"},"acf":[],"_links":{"self":[{"href":"https:\/\/bazz.ca\/us_FR\/wp-json\/wp\/v2\/product\/6679","targetHints":{"allow":["GET"]}}],"collection":[{"href":"https:\/\/bazz.ca\/us_FR\/wp-json\/wp\/v2\/product"}],"about":[{"href":"https:\/\/bazz.ca\/us_FR\/wp-json\/wp\/v2\/types\/product"}],"replies":[{"embeddable":true,"href":"https:\/\/bazz.ca\/us_FR\/wp-json\/wp\/v2\/comments?post=6679"}],"wp:featuredmedia":[{"embeddable":true,"href":"https:\/\/bazz.ca\/us_FR\/wp-json\/wp\/v2\/media\/8787"}],"wp:attachment":[{"href":"https:\/\/bazz.ca\/us_FR\/wp-json\/wp\/v2\/media?parent=6679"}],"wp:term":[{"taxonomy":"product_brand","embeddable":true,"href":"https:\/\/bazz.ca\/us_FR\/wp-json\/wp\/v2\/product_brand?post=6679"},{"taxonomy":"product_cat","embeddable":true,"href":"https:\/\/bazz.ca\/us_FR\/wp-json\/wp\/v2\/product_cat?post=6679"},{"taxonomy":"product_tag","embeddable":true,"href":"https:\/\/bazz.ca\/us_FR\/wp-json\/wp\/v2\/product_tag?post=6679"}],"curies":[{"name":"wp","href":"https:\/\/api.w.org\/{rel}","templated":true}]}}