{"id":6660,"date":"2024-07-29T19:33:41","date_gmt":"2024-07-29T19:33:41","guid":{"rendered":"https:\/\/bazz.ca\/product\/bazz-plafonnier-led-encastre-en-verre-et-chrome-de-16-pouces\/"},"modified":"2025-03-24T15:22:28","modified_gmt":"2025-03-24T15:22:28","slug":"bazz-plafonnier-led-encastre-en-verre-et-chrome-de-16-pouces","status":"publish","type":"product","link":"https:\/\/bazz.ca\/us_FR\/produit\/bazz-plafonnier-led-encastre-en-verre-et-chrome-de-16-pouces\/","title":{"rendered":"BAZZ Plafonnier LED encastr\u00e9 en verre et chrome de 16 pouces"},"content":{"rendered":"<p>Ce remarquable plafonnier encastr\u00e9 de BAZZ ajoutera une touche glamour \u00e0 n&#8217;importe quelle pi\u00e8ce de votre maison. Dot\u00e9 d&#8217;un auvent chrom\u00e9 avec un abat-jour en perles de verre et d&#8217;un diffuseur en verre d\u00e9poli, ce plafonnier de 16 pouces de diam\u00e8tre est le m\u00e9lange parfait de style et de fonctionnalit\u00e9. Les 6 ampoules LED incluses ont une dur\u00e9e de vie pr\u00e9vue de 30000 heures. Vous pouvez donc \u00eatre s\u00fbr que cette pi\u00e8ce fera partie de votre int\u00e9rieur pendant de nombreuses ann\u00e9es.<\/p>\n<ul>\n<li>Comprend six ampoules LED G9 de 3,5 w 320 lumens 2700K<\/li>\n<li>Homologu\u00e9 UL et CSA<\/li>\n<li>Dur\u00e9e de vie de l&#8217;ampoule de 30000 heures<\/li>\n<li>Gradable &#8211; gradation sans scintillement<\/li>\n<li>Dimensions : 16 pouces de diam\u00e8tre 7 pouces de hauteur <\/li>\n<li>Mat\u00e9riel inclus<\/li>\n<li>Installation facile<\/li>\n<\/ul>\n","protected":false},"excerpt":{"rendered":"<p>Ce remarquable plafonnier encastr\u00e9 de BAZZ ajoutera une touche glamour \u00e0 n&#8217;importe quelle pi\u00e8ce de votre maison.<\/p>\n","protected":false},"featured_media":7427,"comment_status":"open","ping_status":"closed","template":"","meta":{"_acf_changed":false},"product_brand":[],"product_cat":[397,409],"product_tag":[],"class_list":{"0":"post-6660","1":"product","2":"type-product","3":"status-publish","4":"has-post-thumbnail","6":"product_cat-plafonniers-us_fr","7":"product_cat-semi-plafonniers-us_fr","9":"first","10":"outofstock","11":"taxable","12":"shipping-taxable","13":"purchasable","14":"product-type-simple"},"acf":[],"_links":{"self":[{"href":"https:\/\/bazz.ca\/us_FR\/wp-json\/wp\/v2\/product\/6660","targetHints":{"allow":["GET"]}}],"collection":[{"href":"https:\/\/bazz.ca\/us_FR\/wp-json\/wp\/v2\/product"}],"about":[{"href":"https:\/\/bazz.ca\/us_FR\/wp-json\/wp\/v2\/types\/product"}],"replies":[{"embeddable":true,"href":"https:\/\/bazz.ca\/us_FR\/wp-json\/wp\/v2\/comments?post=6660"}],"wp:featuredmedia":[{"embeddable":true,"href":"https:\/\/bazz.ca\/us_FR\/wp-json\/wp\/v2\/media\/7427"}],"wp:attachment":[{"href":"https:\/\/bazz.ca\/us_FR\/wp-json\/wp\/v2\/media?parent=6660"}],"wp:term":[{"taxonomy":"product_brand","embeddable":true,"href":"https:\/\/bazz.ca\/us_FR\/wp-json\/wp\/v2\/product_brand?post=6660"},{"taxonomy":"product_cat","embeddable":true,"href":"https:\/\/bazz.ca\/us_FR\/wp-json\/wp\/v2\/product_cat?post=6660"},{"taxonomy":"product_tag","embeddable":true,"href":"https:\/\/bazz.ca\/us_FR\/wp-json\/wp\/v2\/product_tag?post=6660"}],"curies":[{"name":"wp","href":"https:\/\/api.w.org\/{rel}","templated":true}]}}