{"id":6632,"date":"2024-03-15T20:28:59","date_gmt":"2024-03-15T20:28:59","guid":{"rendered":"https:\/\/bazz.ca\/product\/bazz-suspension-simple-en-forme-de-cloche\/"},"modified":"2024-07-30T20:28:47","modified_gmt":"2024-07-30T20:28:47","slug":"bazz-suspension-simple-en-forme-de-cloche","status":"publish","type":"product","link":"https:\/\/bazz.ca\/us_FR\/produit\/bazz-suspension-simple-en-forme-de-cloche\/","title":{"rendered":"BAZZ Suspension simple en forme de cloche"},"content":{"rendered":"<p>Ce luminaire suspendu classique de BAZZ donnera \u00e0 votre pi\u00e8ce pr\u00e9f\u00e9r\u00e9e un accent \u00e9poustouflant. L&#8217;ampoule LED ST64 incluse est \u00e0 intensit\u00e9 variable et a une dur\u00e9e de vie de 30000 heures. Enti\u00e8rement r\u00e9glable et impeccablement con\u00e7u, vous pouvez \u00eatre s\u00fbr que cette pi\u00e8ce fera partie int\u00e9grante de votre maison pour les ann\u00e9es \u00e0 venir. <\/p>\n<ul>\n<li>Comprend 1 ampoule LED ST64 de 6 W (580 lumens)<\/li>\n<li>Dur\u00e9e de vie de l&#8217;ampoule de 30000 heures<\/li>\n<li>Gradable &#8211; gradation sans scintillement<\/li>\n<li>Longueur de suspension enti\u00e8rement r\u00e9glable jusqu&#8217;\u00e0 60 pouces.<\/li>\n<li>Temp\u00e9rature de couleur : 2200 K (blanc doux)<\/li>\n<li>Mat\u00e9riel inclus<\/li>\n<li>Installation facile<\/li>\n<\/ul>\n","protected":false},"excerpt":{"rendered":"<p>Ce luminaire suspendu classique de BAZZ donnera \u00e0 votre pi\u00e8ce pr\u00e9f\u00e9r\u00e9e un accent \u00e9poustouflant.<\/p>\n","protected":false},"featured_media":8635,"comment_status":"open","ping_status":"closed","template":"","meta":{"_acf_changed":false},"product_brand":[],"product_cat":[467,443],"product_tag":[],"class_list":{"0":"post-6632","1":"product","2":"type-product","3":"status-publish","4":"has-post-thumbnail","6":"product_cat-petites-suspensions-us_fr","7":"product_cat-suspensions-us_fr","9":"first","10":"outofstock","11":"taxable","12":"shipping-taxable","13":"purchasable","14":"product-type-simple"},"acf":[],"_links":{"self":[{"href":"https:\/\/bazz.ca\/us_FR\/wp-json\/wp\/v2\/product\/6632","targetHints":{"allow":["GET"]}}],"collection":[{"href":"https:\/\/bazz.ca\/us_FR\/wp-json\/wp\/v2\/product"}],"about":[{"href":"https:\/\/bazz.ca\/us_FR\/wp-json\/wp\/v2\/types\/product"}],"replies":[{"embeddable":true,"href":"https:\/\/bazz.ca\/us_FR\/wp-json\/wp\/v2\/comments?post=6632"}],"wp:featuredmedia":[{"embeddable":true,"href":"https:\/\/bazz.ca\/us_FR\/wp-json\/wp\/v2\/media\/8635"}],"wp:attachment":[{"href":"https:\/\/bazz.ca\/us_FR\/wp-json\/wp\/v2\/media?parent=6632"}],"wp:term":[{"taxonomy":"product_brand","embeddable":true,"href":"https:\/\/bazz.ca\/us_FR\/wp-json\/wp\/v2\/product_brand?post=6632"},{"taxonomy":"product_cat","embeddable":true,"href":"https:\/\/bazz.ca\/us_FR\/wp-json\/wp\/v2\/product_cat?post=6632"},{"taxonomy":"product_tag","embeddable":true,"href":"https:\/\/bazz.ca\/us_FR\/wp-json\/wp\/v2\/product_tag?post=6632"}],"curies":[{"name":"wp","href":"https:\/\/api.w.org\/{rel}","templated":true}]}}