{"id":6600,"date":"2024-03-15T20:28:58","date_gmt":"2024-03-15T20:28:58","guid":{"rendered":"https:\/\/bazz.ca\/product\/suspension-led-circulaire-integree-bazz\/"},"modified":"2024-03-15T20:28:58","modified_gmt":"2024-03-15T20:28:58","slug":"suspension-led-circulaire-integree-bazz","status":"publish","type":"product","link":"https:\/\/bazz.ca\/us_FR\/produit\/suspension-led-circulaire-integree-bazz\/","title":{"rendered":"Suspension LED circulaire int\u00e9gr\u00e9e BAZZ"},"content":{"rendered":"<p>Ce superbe luminaire suspendu LED de BAZZ est vraiment unique en son genre. Son design moderne et \u00e9l\u00e9gant donnera un accent in\u00e9gal\u00e9 \u00e0 n&#8217;importe quelle pi\u00e8ce de votre maison. La lumi\u00e8re LED int\u00e9gr\u00e9e offre 2 000 lumens d&#8217;\u00e9clairage afin que vous puissiez \u00eatre s\u00fbr que votre espace sera baign\u00e9 d&#8217;une lumi\u00e8re chaude et confortable. La hauteur peut \u00eatre ajust\u00e9e jusqu&#8217;\u00e0 61 pouces pour une flexibilit\u00e9 maximale. Avec une installation facile et une dur\u00e9e de vie de 30000 heures, vous pouvez \u00eatre s\u00fbr que ce luminaire suspendu fera partie int\u00e9grante de votre maison pour les ann\u00e9es \u00e0 venir. <\/p>\n<ul>\n<li>LED int\u00e9gr\u00e9e de 40 W (2000 lumens)<\/li>\n<li>Homologu\u00e9 UL et CSA<\/li>\n<li>Dur\u00e9e de vie de 30000 heures<\/li>\n<li>Gradable &#8211; gradation sans scintillement<\/li>\n<li>Longueur de suspension enti\u00e8rement r\u00e9glable.<\/li>\n<li>Temp\u00e9rature de couleur : 3000 K (blanc doux)<\/li>\n<li>Mat\u00e9riel inclus<\/li>\n<li>Installation facile<\/li>\n<\/ul>\n","protected":false},"excerpt":{"rendered":"<p>Ce superbe luminaire suspendu LED de BAZZ est vraiment unique en son genre.<\/p>\n","protected":false},"featured_media":8707,"comment_status":"open","ping_status":"closed","template":"","meta":{"_acf_changed":false},"product_brand":[],"product_cat":[459,443],"product_tag":[],"class_list":{"0":"post-6600","1":"product","2":"type-product","3":"status-publish","4":"has-post-thumbnail","6":"product_cat-anneaux-lumineux-us_fr","7":"product_cat-suspensions-us_fr","9":"first","10":"outofstock","11":"taxable","12":"shipping-taxable","13":"purchasable","14":"product-type-simple"},"acf":[],"_links":{"self":[{"href":"https:\/\/bazz.ca\/us_FR\/wp-json\/wp\/v2\/product\/6600","targetHints":{"allow":["GET"]}}],"collection":[{"href":"https:\/\/bazz.ca\/us_FR\/wp-json\/wp\/v2\/product"}],"about":[{"href":"https:\/\/bazz.ca\/us_FR\/wp-json\/wp\/v2\/types\/product"}],"replies":[{"embeddable":true,"href":"https:\/\/bazz.ca\/us_FR\/wp-json\/wp\/v2\/comments?post=6600"}],"wp:featuredmedia":[{"embeddable":true,"href":"https:\/\/bazz.ca\/us_FR\/wp-json\/wp\/v2\/media\/8707"}],"wp:attachment":[{"href":"https:\/\/bazz.ca\/us_FR\/wp-json\/wp\/v2\/media?parent=6600"}],"wp:term":[{"taxonomy":"product_brand","embeddable":true,"href":"https:\/\/bazz.ca\/us_FR\/wp-json\/wp\/v2\/product_brand?post=6600"},{"taxonomy":"product_cat","embeddable":true,"href":"https:\/\/bazz.ca\/us_FR\/wp-json\/wp\/v2\/product_cat?post=6600"},{"taxonomy":"product_tag","embeddable":true,"href":"https:\/\/bazz.ca\/us_FR\/wp-json\/wp\/v2\/product_tag?post=6600"}],"curies":[{"name":"wp","href":"https:\/\/api.w.org\/{rel}","templated":true}]}}