{"id":6594,"date":"2024-03-15T20:28:57","date_gmt":"2024-03-15T20:28:57","guid":{"rendered":"https:\/\/bazz.ca\/product\/bazz-jib-fino-4-75-po-kit-de-luminaires-encastres-a-del-integres-blanc-mat-paquet-de-6\/"},"modified":"2024-07-30T15:22:08","modified_gmt":"2024-07-30T15:22:08","slug":"bazz-jib-fino-4-75-po-kit-de-luminaires-encastres-a-del-integres-blanc-mat-paquet-de-6","status":"publish","type":"product","link":"https:\/\/bazz.ca\/us_FR\/produit\/bazz-jib-fino-4-75-po-kit-de-luminaires-encastres-a-del-integres-blanc-mat-paquet-de-6\/","title":{"rendered":"BAZZ Jib Fino 4.75 po. Kit de luminaires encastr\u00e9s \u00e0 DEL int\u00e9gr\u00e9s blanc mat (paquet de 6)"},"content":{"rendered":"<p>Le kit de luminaires encastr\u00e9s Jib Fino de BAZZ est le sommet de la flexibilit\u00e9 abordable et du style ultime. Dot\u00e9 de la certification \u00c9nergie Star et d&#8217;un design incroyablement compact et flexible, ce kit est facile \u00e0 installer et parfait pour n&#8217;importe quelle pi\u00e8ce de votre maison. Les ampoules LED int\u00e9gr\u00e9es sont \u00e9conomes en \u00e9nergie et ont une dur\u00e9e de vie de 30000 ampoules. Vous pouvez donc \u00eatre s\u00fbr que le Jib Fino sera un \u00e9l\u00e9ment incontournable de votre maison pour les ann\u00e9es \u00e0 venir. <\/p>\n<ul>\n<li>Comprend une ampoule LED int\u00e9gr\u00e9e de 10 watts (600 lumens)<\/li>\n<li>Dur\u00e9e de vie de l&#8217;ampoule de 30000 heures<\/li>\n<li>Gradable &#8211; gradation sans scintillement<\/li>\n<li>\u00c9nergie Star<\/li>\n<li>Temp\u00e9rature de couleur : 3000 K (blanc doux)<\/li>\n<li>Pour les nouvelles constructions, la r\u00e9novation et les plafonds isol\u00e9s<\/li>\n<li>Consomme une fraction de l&#8217;\u00e9nergie n\u00e9cessaire pour allumer une ampoule halog\u00e8ne<\/li>\n<\/ul>\n","protected":false},"excerpt":{"rendered":"<p>Le kit de luminaires encastr\u00e9s Jib Fino de BAZZ est le sommet de la flexibilit\u00e9 abordable et du style ultime.<\/p>\n","protected":false},"featured_media":8315,"comment_status":"open","ping_status":"closed","template":"","meta":{"_acf_changed":false},"product_brand":[],"product_cat":[475,392],"product_tag":[],"class_list":{"0":"post-6594","1":"product","2":"type-product","3":"status-publish","4":"has-post-thumbnail","6":"product_cat-3000k-us_fr","7":"product_cat-luminaires-encastres-us_fr","9":"first","10":"outofstock","11":"taxable","12":"shipping-taxable","13":"purchasable","14":"product-type-simple"},"acf":[],"_links":{"self":[{"href":"https:\/\/bazz.ca\/us_FR\/wp-json\/wp\/v2\/product\/6594","targetHints":{"allow":["GET"]}}],"collection":[{"href":"https:\/\/bazz.ca\/us_FR\/wp-json\/wp\/v2\/product"}],"about":[{"href":"https:\/\/bazz.ca\/us_FR\/wp-json\/wp\/v2\/types\/product"}],"replies":[{"embeddable":true,"href":"https:\/\/bazz.ca\/us_FR\/wp-json\/wp\/v2\/comments?post=6594"}],"wp:featuredmedia":[{"embeddable":true,"href":"https:\/\/bazz.ca\/us_FR\/wp-json\/wp\/v2\/media\/8315"}],"wp:attachment":[{"href":"https:\/\/bazz.ca\/us_FR\/wp-json\/wp\/v2\/media?parent=6594"}],"wp:term":[{"taxonomy":"product_brand","embeddable":true,"href":"https:\/\/bazz.ca\/us_FR\/wp-json\/wp\/v2\/product_brand?post=6594"},{"taxonomy":"product_cat","embeddable":true,"href":"https:\/\/bazz.ca\/us_FR\/wp-json\/wp\/v2\/product_cat?post=6594"},{"taxonomy":"product_tag","embeddable":true,"href":"https:\/\/bazz.ca\/us_FR\/wp-json\/wp\/v2\/product_tag?post=6594"}],"curies":[{"name":"wp","href":"https:\/\/api.w.org\/{rel}","templated":true}]}}