{"id":6568,"date":"2024-03-14T20:17:02","date_gmt":"2024-03-14T20:17:02","guid":{"rendered":"https:\/\/bazz.ca\/product\/luminaires-encastres-led-integres-de-4-po-selection-blanche-11-w-750-lumens-cri80-couleur-declairage-selectionnable-2700-k-3000-k-3500-k-4000-k-5000-k-paquet-de-12\/"},"modified":"2025-03-21T19:45:48","modified_gmt":"2025-03-21T19:45:48","slug":"luminaires-encastres-led-integres-de-4-po-selection-blanche-11-w-750-lumens-cri80-couleur-declairage-selectionnable-2700-k-3000-k-3500-k-4000-k-5000-k-paquet-de-12","status":"publish","type":"product","link":"https:\/\/bazz.ca\/us_FR\/produit\/luminaires-encastres-led-integres-de-4-po-selection-blanche-11-w-750-lumens-cri80-couleur-declairage-selectionnable-2700-k-3000-k-3500-k-4000-k-5000-k-paquet-de-12\/","title":{"rendered":"Luminaires encastr\u00e9s LED int\u00e9gr\u00e9s de 4 po, s\u00e9lection blanche, 11 W, 750 lumens, CRI80+, couleur d&#8217;\u00e9clairage s\u00e9lectionnable, 2700 K\/3000 K\/3500 K\/4000 K\/5000 K (paquet de 12)"},"content":{"rendered":"<p>Les luminaires encastr\u00e9s 4&#8243; LED utilisent une technologie LED int\u00e9gr\u00e9e fiable et s\u00fbre pour \u00e9clairer votre maison. Gr\u00e2ce \u00e0 leur design \u00e9pur\u00e9, contemporain et minimaliste, ces luminaires encastr\u00e9s ne seront jamais d\u00e9mod\u00e9s. La conception sans canette rend le corps ultra-mince et redonne un espace plus \u00e9lev\u00e9 \u00e0 votre pi\u00e8ce. Avec une dur\u00e9e de vie de plus de 35 000 heures, vous avez la tranquillit\u00e9 d&#8217;esprit de ne jamais avoir \u00e0 remplacer vos ampoules.<\/p>\n<ul>\n<li>Convient aux endroits humides<\/li>\n<li>Herm\u00e9tique<\/li>\n<li>Plafond isol\u00e9 con\u00e7u pour un contact direct avec l&#8217;isolant<\/li>\n<li>Intensit\u00e9 variable compatible avec la plupart des gradateurs<\/li>\n<li>Plage de gradation : de 100% \u00e0 10% de luminosit\u00e9<\/li>\n<li>Dur\u00e9e de vie de 35000 heures<\/li>\n<li>Avec bo\u00eete de jonction \u00e0 l&#8217;int\u00e9rieur<\/li>\n<\/ul>\n<div id=\"awebChromeHelper\" data-version=\"1.24.3\"><\/div>\n","protected":false},"excerpt":{"rendered":"<p>Les luminaires encastr\u00e9s 4&#8243; LED utilisent une technologie LED int\u00e9gr\u00e9e fiable et s\u00fbre pour \u00e9clairer votre maison.<\/p>\n<div id=\"awebChromeHelper\" data-version=\"1.24.3\"><\/div>\n","protected":false},"featured_media":8191,"comment_status":"open","ping_status":"closed","template":"","meta":{"_acf_changed":false},"product_brand":[],"product_cat":[487,392],"product_tag":[],"class_list":{"0":"post-6568","1":"product","2":"type-product","3":"status-publish","4":"has-post-thumbnail","6":"product_cat-cct-us_fr","7":"product_cat-luminaires-encastres-us_fr","9":"first","10":"outofstock","11":"taxable","12":"shipping-taxable","13":"purchasable","14":"product-type-simple"},"acf":[],"_links":{"self":[{"href":"https:\/\/bazz.ca\/us_FR\/wp-json\/wp\/v2\/product\/6568","targetHints":{"allow":["GET"]}}],"collection":[{"href":"https:\/\/bazz.ca\/us_FR\/wp-json\/wp\/v2\/product"}],"about":[{"href":"https:\/\/bazz.ca\/us_FR\/wp-json\/wp\/v2\/types\/product"}],"replies":[{"embeddable":true,"href":"https:\/\/bazz.ca\/us_FR\/wp-json\/wp\/v2\/comments?post=6568"}],"wp:featuredmedia":[{"embeddable":true,"href":"https:\/\/bazz.ca\/us_FR\/wp-json\/wp\/v2\/media\/8191"}],"wp:attachment":[{"href":"https:\/\/bazz.ca\/us_FR\/wp-json\/wp\/v2\/media?parent=6568"}],"wp:term":[{"taxonomy":"product_brand","embeddable":true,"href":"https:\/\/bazz.ca\/us_FR\/wp-json\/wp\/v2\/product_brand?post=6568"},{"taxonomy":"product_cat","embeddable":true,"href":"https:\/\/bazz.ca\/us_FR\/wp-json\/wp\/v2\/product_cat?post=6568"},{"taxonomy":"product_tag","embeddable":true,"href":"https:\/\/bazz.ca\/us_FR\/wp-json\/wp\/v2\/product_tag?post=6568"}],"curies":[{"name":"wp","href":"https:\/\/api.w.org\/{rel}","templated":true}]}}