{"id":6286,"date":"2024-03-14T16:02:13","date_gmt":"2024-03-14T16:02:13","guid":{"rendered":"https:\/\/bazz.ca\/product\/bazz-luminaire-encastre-led-complet-directionnel-4-integre-noir-mat-a-intensite-variable-4cct-kelvin-select-2700-3000-4000-5000k-interrupteur\/"},"modified":"2025-03-18T18:35:46","modified_gmt":"2025-03-18T18:35:46","slug":"bazz-luminaire-encastre-led-complet-directionnel-4-integre-noir-mat-a-intensite-variable-4cct-kelvin-select-2700-3000-4000-5000k-interrupteur","status":"publish","type":"product","link":"https:\/\/bazz.ca\/us_FR\/produit\/bazz-luminaire-encastre-led-complet-directionnel-4-integre-noir-mat-a-intensite-variable-4cct-kelvin-select-2700-3000-4000-5000k-interrupteur\/","title":{"rendered":"BAZZ Luminaire encastr\u00e9 LED complet directionnel 4&#8243; int\u00e9gr\u00e9 noir mat \u00e0 intensit\u00e9 variable 4CCT Kelvin select 2700-3000-4000-5000K + interrupteur"},"content":{"rendered":"<p>Le kit d&#8217;\u00e9clairage LED encastr\u00e9 Slim Disk de BAZZ est la solution d&#8217;\u00e9clairage id\u00e9ale pour tout projet. Parfaits pour n&#8217;importe quelle pi\u00e8ce de votre maison, ces luminaires encastr\u00e9s comprennent des LED int\u00e9gr\u00e9es qui offrent le m\u00eame rendement lumineux qu&#8217;une ampoule halog\u00e8ne de 65 W (700 lumens) et sont enti\u00e8rement dimmables avec 4CCT Kelvin Select 2700K-3000K-4000K-5000K avec interrupteur. Parfaits pour une r\u00e9novation ou une nouvelle construction et avec une dur\u00e9e de vie de 35 000 heures, ces luminaires LED encastr\u00e9s apporteront \u00e0 votre maison le m\u00e9lange parfait de style et de fonctionnalit\u00e9 pour les ann\u00e9es \u00e0 venir.<\/p>\n<ul>\n<li>LED int\u00e9gr\u00e9e de 9 W avec une dur\u00e9e de vie de 35000 heures<\/li>\n<li>Luminaire compact et flexible con\u00e7u pour un d\u00e9gagement au plafond de 1\u215d&#8221; (41 mm) et plus<\/li>\n<li>Couleur CCT r\u00e9glable avec interrupteur \u00e0 l&#8217;int\u00e9rieur de la bo\u00eete de jonction ou interrupteur mural<\/li>\n<li>Dimmable (compatible avec la plupart des gradateurs)<\/li>\n<li>Plafond isol\u00e9 con\u00e7u pour un contact direct avec l&#8217;isolant<\/li>\n<li>Convient aux endroits humides<\/li>\n<li>Couleur d&#8217;\u00e9clairage r\u00e9glable : 2700K &#8211; 3000K<br \/>\n4000K &#8211; 5000K<\/li>\n<li>Pour usage int\u00e9rieur et ext\u00e9rieur (soffite)<\/li>\n<\/ul>\n","protected":false},"excerpt":{"rendered":"<p>Le kit d&#8217;\u00e9clairage LED encastr\u00e9 Slim Disk de BAZZ est la solution d&#8217;\u00e9clairage id\u00e9ale pour tout projet.<\/p>\n","protected":false},"featured_media":8223,"comment_status":"open","ping_status":"closed","template":"","meta":{"_acf_changed":false},"product_brand":[],"product_cat":[487,392],"product_tag":[],"class_list":{"0":"post-6286","1":"product","2":"type-product","3":"status-publish","4":"has-post-thumbnail","6":"product_cat-cct-us_fr","7":"product_cat-luminaires-encastres-us_fr","9":"first","10":"outofstock","11":"taxable","12":"shipping-taxable","13":"purchasable","14":"product-type-simple"},"acf":[],"_links":{"self":[{"href":"https:\/\/bazz.ca\/us_FR\/wp-json\/wp\/v2\/product\/6286","targetHints":{"allow":["GET"]}}],"collection":[{"href":"https:\/\/bazz.ca\/us_FR\/wp-json\/wp\/v2\/product"}],"about":[{"href":"https:\/\/bazz.ca\/us_FR\/wp-json\/wp\/v2\/types\/product"}],"replies":[{"embeddable":true,"href":"https:\/\/bazz.ca\/us_FR\/wp-json\/wp\/v2\/comments?post=6286"}],"wp:featuredmedia":[{"embeddable":true,"href":"https:\/\/bazz.ca\/us_FR\/wp-json\/wp\/v2\/media\/8223"}],"wp:attachment":[{"href":"https:\/\/bazz.ca\/us_FR\/wp-json\/wp\/v2\/media?parent=6286"}],"wp:term":[{"taxonomy":"product_brand","embeddable":true,"href":"https:\/\/bazz.ca\/us_FR\/wp-json\/wp\/v2\/product_brand?post=6286"},{"taxonomy":"product_cat","embeddable":true,"href":"https:\/\/bazz.ca\/us_FR\/wp-json\/wp\/v2\/product_cat?post=6286"},{"taxonomy":"product_tag","embeddable":true,"href":"https:\/\/bazz.ca\/us_FR\/wp-json\/wp\/v2\/product_tag?post=6286"}],"curies":[{"name":"wp","href":"https:\/\/api.w.org\/{rel}","templated":true}]}}