{"id":9732,"date":"2024-07-30T01:28:15","date_gmt":"2024-07-30T01:28:15","guid":{"rendered":"https:\/\/bazz.ca\/product\/bazz-applique-exterieure-a-led-integree\/"},"modified":"2025-03-24T19:54:32","modified_gmt":"2025-03-24T19:54:32","slug":"bazz-applique-exterieure-a-led-integree","status":"publish","type":"product","link":"https:\/\/bazz.ca\/ca_FR\/produit\/bazz-applique-exterieure-a-led-integree\/","title":{"rendered":"BAZZ Applique ext\u00e9rieure \u00e0 LED int\u00e9gr\u00e9e"},"content":{"rendered":"<p>Cette fixation murale Bazz est l&#8217;accessoire parfait pour rehausser l&#8217;aspect ext\u00e9rieur d&#8217;une maison. Ce luminaire est r\u00e9sistant \u00e0 l&#8217;eau et pr\u00e9sente une structure noire avec 1 ampoule LED 3W int\u00e9gr\u00e9e (incluse). Cette applique murale \u00e0 LED int\u00e9gr\u00e9e Bazz convient aussi bien aux environnements int\u00e9rieurs qu&#8217;ext\u00e9rieurs. Avec sa finition noire mate, ce luminaire mural marquera votre d\u00e9cor et r\u00e9duira vos factures d&#8217;\u00e9nergie. Avec une dur\u00e9e de vie de plus de 30 000 heures, son aspect moderne et original ne manquera pas d&#8217;attirer l&#8217;attention de vos invit\u00e9s.<\/p>\n<ul>\n<li>Comprend 1 ampoule LED int\u00e9gr\u00e9e de 3w (400 lumens)<\/li>\n<li>R\u00e9sistant \u00e0 l&#8217;eau<\/li>\n<li>Dur\u00e9e de vie de l&#8217;ampoule de 30000 heures<\/li>\n<li>Temp\u00e9rature de couleur : 3000 K (blanc doux)<\/li>\n<li>Mat\u00e9riel inclus<\/li>\n<li>Installation facile<\/li>\n<\/ul>\n","protected":false},"excerpt":{"rendered":"<p>Cette fixation murale Bazz est l&#8217;accessoire parfait pour rehausser l&#8217;aspect ext\u00e9rieur d&#8217;une maison.<\/p>\n","protected":false},"featured_media":7593,"comment_status":"open","ping_status":"closed","template":"","meta":{"_acf_changed":false},"product_brand":[],"product_cat":[523,539],"product_tag":[],"class_list":{"0":"post-9732","1":"product","2":"type-product","3":"status-publish","4":"has-post-thumbnail","6":"product_cat-appliques-murales-ca_fr-2","7":"product_cat-appliques-murales-ca_fr-3","9":"first","10":"outofstock","11":"taxable","12":"shipping-taxable","13":"purchasable","14":"product-type-simple"},"acf":[],"_links":{"self":[{"href":"https:\/\/bazz.ca\/ca_FR\/wp-json\/wp\/v2\/product\/9732","targetHints":{"allow":["GET"]}}],"collection":[{"href":"https:\/\/bazz.ca\/ca_FR\/wp-json\/wp\/v2\/product"}],"about":[{"href":"https:\/\/bazz.ca\/ca_FR\/wp-json\/wp\/v2\/types\/product"}],"replies":[{"embeddable":true,"href":"https:\/\/bazz.ca\/ca_FR\/wp-json\/wp\/v2\/comments?post=9732"}],"wp:featuredmedia":[{"embeddable":true,"href":"https:\/\/bazz.ca\/ca_FR\/wp-json\/wp\/v2\/media\/7593"}],"wp:attachment":[{"href":"https:\/\/bazz.ca\/ca_FR\/wp-json\/wp\/v2\/media?parent=9732"}],"wp:term":[{"taxonomy":"product_brand","embeddable":true,"href":"https:\/\/bazz.ca\/ca_FR\/wp-json\/wp\/v2\/product_brand?post=9732"},{"taxonomy":"product_cat","embeddable":true,"href":"https:\/\/bazz.ca\/ca_FR\/wp-json\/wp\/v2\/product_cat?post=9732"},{"taxonomy":"product_tag","embeddable":true,"href":"https:\/\/bazz.ca\/ca_FR\/wp-json\/wp\/v2\/product_tag?post=9732"}],"curies":[{"name":"wp","href":"https:\/\/api.w.org\/{rel}","templated":true}]}}