{"id":9729,"date":"2024-07-30T01:28:15","date_gmt":"2024-07-30T01:28:15","guid":{"rendered":"https:\/\/bazz.ca\/product\/bazz-16-ft-rgb-led-under-cabinet-tape-light-ruban-lumineux-sous-larmoire\/"},"modified":"2025-03-24T19:46:06","modified_gmt":"2025-03-24T19:46:06","slug":"bazz-16-ft-rgb-led-under-cabinet-tape-light-ruban-lumineux-sous-larmoire","status":"publish","type":"product","link":"https:\/\/bazz.ca\/ca_FR\/produit\/bazz-16-ft-rgb-led-under-cabinet-tape-light-ruban-lumineux-sous-larmoire\/","title":{"rendered":"BAZZ 16 ft. RGB LED Under Cabinet Tape Light (ruban lumineux sous l&#8217;armoire)"},"content":{"rendered":"<p>Cette bande lumineuse LED de BAZZ offre un style flexible et une fonctionnalit\u00e9 ultime. Intensit\u00e9 variable et technologie RGB : vous pouvez changer les couleurs et ajuster la luminosit\u00e9 gr\u00e2ce \u00e0 la t\u00e9l\u00e9commande incluse. Parfaite pour une utilisation int\u00e9rieure ou ext\u00e9rieure, cette bande lumineuse, facile \u00e0 installer gr\u00e2ce \u00e0 son adh\u00e9sif, est la solution id\u00e9ale pour vos besoins d&#8217;\u00e9clairage. <\/p>\n<ul>\n<li>LED RGB int\u00e9gr\u00e9es de 24 watts (500 lumens). Dur\u00e9e de vie de 30000 heures.<\/li>\n<li>Couleur et luminosit\u00e9 r\u00e9glables avec t\u00e9l\u00e9commande incluse.<\/li>\n<li>Installation facile en surface<\/li>\n<li>R\u00e9sistant \u00e0 l&#8217;eau<\/li>\n<li>Homologu\u00e9 UL et CSA<\/li>\n<li>Temp\u00e9rature de couleur : 3000 K (blanc doux)<\/li>\n<li>C\u00e2blage enfichable ou direct avec bo\u00eete de jonction BAZZ<\/li>\n<li>Comprend un cordon d&#8217;alimentation de 60 pouces avec un contr\u00f4leur IR<\/li>\n<\/ul>\n","protected":false},"excerpt":{"rendered":"<p>Cette bande lumineuse LED de BAZZ offre un style flexible et une fonctionnalit\u00e9 ultime.<\/p>\n","protected":false},"featured_media":8989,"comment_status":"open","ping_status":"closed","template":"","meta":{"_acf_changed":false},"product_brand":[],"product_cat":[494,490],"product_tag":[],"class_list":{"0":"post-9729","1":"product","2":"type-product","3":"status-publish","4":"has-post-thumbnail","6":"product_cat-bandes-lumineuses-a-del-ca_fr","7":"product_cat-specialites-ca_fr","9":"first","10":"outofstock","11":"taxable","12":"shipping-taxable","13":"purchasable","14":"product-type-simple"},"acf":[],"_links":{"self":[{"href":"https:\/\/bazz.ca\/ca_FR\/wp-json\/wp\/v2\/product\/9729","targetHints":{"allow":["GET"]}}],"collection":[{"href":"https:\/\/bazz.ca\/ca_FR\/wp-json\/wp\/v2\/product"}],"about":[{"href":"https:\/\/bazz.ca\/ca_FR\/wp-json\/wp\/v2\/types\/product"}],"replies":[{"embeddable":true,"href":"https:\/\/bazz.ca\/ca_FR\/wp-json\/wp\/v2\/comments?post=9729"}],"wp:featuredmedia":[{"embeddable":true,"href":"https:\/\/bazz.ca\/ca_FR\/wp-json\/wp\/v2\/media\/8989"}],"wp:attachment":[{"href":"https:\/\/bazz.ca\/ca_FR\/wp-json\/wp\/v2\/media?parent=9729"}],"wp:term":[{"taxonomy":"product_brand","embeddable":true,"href":"https:\/\/bazz.ca\/ca_FR\/wp-json\/wp\/v2\/product_brand?post=9729"},{"taxonomy":"product_cat","embeddable":true,"href":"https:\/\/bazz.ca\/ca_FR\/wp-json\/wp\/v2\/product_cat?post=9729"},{"taxonomy":"product_tag","embeddable":true,"href":"https:\/\/bazz.ca\/ca_FR\/wp-json\/wp\/v2\/product_tag?post=9729"}],"curies":[{"name":"wp","href":"https:\/\/api.w.org\/{rel}","templated":true}]}}