{"id":9721,"date":"2024-07-30T13:24:33","date_gmt":"2024-07-30T13:24:33","guid":{"rendered":"https:\/\/bazz.ca\/product\/bazz-luvia-applique-led-dexterieur\/"},"modified":"2025-03-24T20:07:30","modified_gmt":"2025-03-24T20:07:30","slug":"bazz-luvia-applique-led-dexterieur","status":"publish","type":"product","link":"https:\/\/bazz.ca\/ca_FR\/produit\/bazz-luvia-applique-led-dexterieur\/","title":{"rendered":"BAZZ Luvia Applique LED d&#8217;ext\u00e9rieur"},"content":{"rendered":"<p>Le luminaire mural ext\u00e9rieur Luvia de Bazz offre une solution contemporaine \u00e0 vos besoins d&#8217;\u00e9clairage ext\u00e9rieur. Avec une construction en acier inoxydable et un abat-jour en acrylique transparent, le design impeccable de cette pi\u00e8ce est sans \u00e9gal. Deux ampoules LED GU10 \u00e9co\u00e9nerg\u00e9tiques d&#8217;une dur\u00e9e de vie de 30 000 heures sont incluses. Vous pouvez donc \u00eatre s\u00fbr que l&#8217;applique murale ext\u00e9rieure Luvia fera partie de votre solution d&#8217;\u00e9clairage ext\u00e9rieur pour les ann\u00e9es \u00e0 venir. <\/p>\n<ul>\n<li>Comprend 2 ampoules LED GU10 de 6 watts (940 lumens). Dur\u00e9e de vie de 30000 heures <\/li>\n<li>R\u00e9sistant \u00e0 l&#8217;eau<\/li>\n<li>Intensit\u00e9 variable<\/li>\n<li>Faible consommation d&#8217;\u00e9nergie<\/li>\n<li>Antirouille<\/li>\n<li>Homologu\u00e9 CSA<\/li>\n<li>Temp\u00e9rature de couleur : 3000 K (blanc doux)<\/li>\n<\/ul>\n","protected":false},"excerpt":{"rendered":"<p>Le luminaire mural ext\u00e9rieur Luvia de Bazz offre une solution contemporaine \u00e0 vos besoins d&#8217;\u00e9clairage ext\u00e9rieur.<\/p>\n","protected":false},"featured_media":7673,"comment_status":"open","ping_status":"closed","template":"","meta":{"_acf_changed":false},"product_brand":[],"product_cat":[523,539],"product_tag":[],"class_list":{"0":"post-9721","1":"product","2":"type-product","3":"status-publish","4":"has-post-thumbnail","6":"product_cat-appliques-murales-ca_fr-2","7":"product_cat-appliques-murales-ca_fr-3","9":"first","10":"outofstock","11":"taxable","12":"shipping-taxable","13":"purchasable","14":"product-type-variable"},"acf":[],"_links":{"self":[{"href":"https:\/\/bazz.ca\/ca_FR\/wp-json\/wp\/v2\/product\/9721","targetHints":{"allow":["GET"]}}],"collection":[{"href":"https:\/\/bazz.ca\/ca_FR\/wp-json\/wp\/v2\/product"}],"about":[{"href":"https:\/\/bazz.ca\/ca_FR\/wp-json\/wp\/v2\/types\/product"}],"replies":[{"embeddable":true,"href":"https:\/\/bazz.ca\/ca_FR\/wp-json\/wp\/v2\/comments?post=9721"}],"wp:featuredmedia":[{"embeddable":true,"href":"https:\/\/bazz.ca\/ca_FR\/wp-json\/wp\/v2\/media\/7673"}],"wp:attachment":[{"href":"https:\/\/bazz.ca\/ca_FR\/wp-json\/wp\/v2\/media?parent=9721"}],"wp:term":[{"taxonomy":"product_brand","embeddable":true,"href":"https:\/\/bazz.ca\/ca_FR\/wp-json\/wp\/v2\/product_brand?post=9721"},{"taxonomy":"product_cat","embeddable":true,"href":"https:\/\/bazz.ca\/ca_FR\/wp-json\/wp\/v2\/product_cat?post=9721"},{"taxonomy":"product_tag","embeddable":true,"href":"https:\/\/bazz.ca\/ca_FR\/wp-json\/wp\/v2\/product_tag?post=9721"}],"curies":[{"name":"wp","href":"https:\/\/api.w.org\/{rel}","templated":true}]}}