{"id":6810,"date":"2024-07-30T01:28:15","date_gmt":"2024-07-30T01:28:15","guid":{"rendered":"https:\/\/bazz.ca\/product\/bazz-12-fil-direct-reglable-blanc-3000k-4000k-5000k-lumiere-sous-armoire-a-intensite-variable\/"},"modified":"2025-03-24T19:40:40","modified_gmt":"2025-03-24T19:40:40","slug":"bazz-12-fil-direct-reglable-blanc-3000k-4000k-5000k-lumiere-sous-armoire-a-intensite-variable","status":"publish","type":"product","link":"https:\/\/bazz.ca\/ca_FR\/produit\/bazz-12-fil-direct-reglable-blanc-3000k-4000k-5000k-lumiere-sous-armoire-a-intensite-variable\/","title":{"rendered":"BAZZ 12 &#8220;fil direct r\u00e9glable blanc 3000K-4000K-5000K lumi\u00e8re sous-armoire \u00e0 intensit\u00e9 variable"},"content":{"rendered":"<p>Illuminez votre espace avec notre \u00e9clairage sous-armoire r\u00e9glable \u00e0 fil direct de 12 po. Choisissez parmi des temp\u00e9ratures de couleur de 3000 K, 4000 K ou 5000 K et profitez d&#8217;un \u00e9clairage \u00e0 intensit\u00e9 variable, parfait pour n&#8217;importe quelle t\u00e2che. Le design blanc \u00e9pur\u00e9 s&#8217;adapte \u00e0 tous les d\u00e9cors.<\/p>\n<ul>\n<li>Con\u00e7u pour les armoires, les \u00e9tag\u00e8res, les biblioth\u00e8ques, les placards, etc.<\/li>\n<li>Couleur de la lumi\u00e8re : 3000K-4000K-5000K<\/li>\n<li>Luminosit\u00e9 : 380 lumens<\/li>\n<li>Wattage: 5W<\/li>\n<li>Intensit\u00e9 variable<\/li>\n<\/ul>\n","protected":false},"excerpt":{"rendered":"<p>Illuminez votre espace avec notre \u00e9clairage sous-armoire r\u00e9glable \u00e0 fil direct de 12 po.<\/p>\n","protected":false},"featured_media":8981,"comment_status":"open","ping_status":"closed","template":"","meta":{"_acf_changed":false},"product_brand":[],"product_cat":[506,490],"product_tag":[],"class_list":{"0":"post-6810","1":"product","2":"type-product","3":"status-publish","4":"has-post-thumbnail","6":"product_cat-eclairages-sous-les-armoires-ca_fr","7":"product_cat-specialites-ca_fr","9":"first","10":"outofstock","11":"taxable","12":"shipping-taxable","13":"purchasable","14":"product-type-simple"},"acf":[],"_links":{"self":[{"href":"https:\/\/bazz.ca\/ca_FR\/wp-json\/wp\/v2\/product\/6810","targetHints":{"allow":["GET"]}}],"collection":[{"href":"https:\/\/bazz.ca\/ca_FR\/wp-json\/wp\/v2\/product"}],"about":[{"href":"https:\/\/bazz.ca\/ca_FR\/wp-json\/wp\/v2\/types\/product"}],"replies":[{"embeddable":true,"href":"https:\/\/bazz.ca\/ca_FR\/wp-json\/wp\/v2\/comments?post=6810"}],"wp:featuredmedia":[{"embeddable":true,"href":"https:\/\/bazz.ca\/ca_FR\/wp-json\/wp\/v2\/media\/8981"}],"wp:attachment":[{"href":"https:\/\/bazz.ca\/ca_FR\/wp-json\/wp\/v2\/media?parent=6810"}],"wp:term":[{"taxonomy":"product_brand","embeddable":true,"href":"https:\/\/bazz.ca\/ca_FR\/wp-json\/wp\/v2\/product_brand?post=6810"},{"taxonomy":"product_cat","embeddable":true,"href":"https:\/\/bazz.ca\/ca_FR\/wp-json\/wp\/v2\/product_cat?post=6810"},{"taxonomy":"product_tag","embeddable":true,"href":"https:\/\/bazz.ca\/ca_FR\/wp-json\/wp\/v2\/product_tag?post=6810"}],"curies":[{"name":"wp","href":"https:\/\/api.w.org\/{rel}","templated":true}]}}