{"id":6807,"date":"2024-07-30T01:28:15","date_gmt":"2024-07-30T01:28:15","guid":{"rendered":"https:\/\/bazz.ca\/product\/bazz-veilleuse-rechargeable-3000k-avec-capteur-de-mouvement-blanc-doux\/"},"modified":"2025-03-24T19:33:34","modified_gmt":"2025-03-24T19:33:34","slug":"bazz-veilleuse-rechargeable-3000k-avec-capteur-de-mouvement-blanc-doux","status":"publish","type":"product","link":"https:\/\/bazz.ca\/ca_FR\/produit\/bazz-veilleuse-rechargeable-3000k-avec-capteur-de-mouvement-blanc-doux\/","title":{"rendered":"BAZZ Veilleuse rechargeable 3000K avec capteur de mouvement blanc doux"},"content":{"rendered":"<p>Illuminez vos espaces sans effort avec notre lot de 3 lampes d&#8217;accentuation rechargeables \u00e0 capteur de contact magn\u00e9tique. Ces lumi\u00e8res blanc doux 3000 K offrent une luminosit\u00e9 de 80 lumens et sont \u00e9quip\u00e9es d&#8217;un d\u00e9tecteur de mouvement PIR pour plus de commodit\u00e9. Installation magn\u00e9tique facile. Leur puissance de 0,8 W et leur batterie de 700 mAh en font un \u00e9clairage id\u00e9al pour les armoires, les \u00e9tag\u00e8res, les biblioth\u00e8ques, les placards et bien plus encore. <\/p>\n<ul>\n<li>Con\u00e7u pour les armoires, les \u00e9tag\u00e8res, les biblioth\u00e8ques, les placards, etc.<\/li>\n<li>Capteur de mouvement PIR et capteur de lumi\u00e8re<\/li>\n<li>Installation magn\u00e9tique<\/li>\n<li>Luminosit\u00e9 : 7 lumens<\/li>\n<li>Couleur de la lumi\u00e8re : 3000K<\/li>\n<li>Wattage: 0.15W<\/li>\n<li>Entr\u00e9e nominale : DC5V<\/li>\n<li>Capacit\u00e9 de la batterie : 300 mAh<\/li>\n<\/ul>\n<div id=\"awebChromeHelper\" data-version=\"1.24.3\"><\/div>\n","protected":false},"excerpt":{"rendered":"<p>Illuminez vos espaces sans effort avec notre lot de 3 lampes d&#8217;accentuation rechargeables \u00e0 capteur de contact magn\u00e9tique.<\/p>\n<div id=\"awebChromeHelper\" data-version=\"1.24.3\"><\/div>\n","protected":false},"featured_media":9369,"comment_status":"open","ping_status":"closed","template":"","meta":{"_acf_changed":false},"product_brand":[],"product_cat":[506,490],"product_tag":[],"class_list":{"0":"post-6807","1":"product","2":"type-product","3":"status-publish","4":"has-post-thumbnail","6":"product_cat-eclairages-sous-les-armoires-ca_fr","7":"product_cat-specialites-ca_fr","9":"first","10":"outofstock","11":"taxable","12":"shipping-taxable","13":"purchasable","14":"product-type-simple"},"acf":[],"_links":{"self":[{"href":"https:\/\/bazz.ca\/ca_FR\/wp-json\/wp\/v2\/product\/6807","targetHints":{"allow":["GET"]}}],"collection":[{"href":"https:\/\/bazz.ca\/ca_FR\/wp-json\/wp\/v2\/product"}],"about":[{"href":"https:\/\/bazz.ca\/ca_FR\/wp-json\/wp\/v2\/types\/product"}],"replies":[{"embeddable":true,"href":"https:\/\/bazz.ca\/ca_FR\/wp-json\/wp\/v2\/comments?post=6807"}],"wp:featuredmedia":[{"embeddable":true,"href":"https:\/\/bazz.ca\/ca_FR\/wp-json\/wp\/v2\/media\/9369"}],"wp:attachment":[{"href":"https:\/\/bazz.ca\/ca_FR\/wp-json\/wp\/v2\/media?parent=6807"}],"wp:term":[{"taxonomy":"product_brand","embeddable":true,"href":"https:\/\/bazz.ca\/ca_FR\/wp-json\/wp\/v2\/product_brand?post=6807"},{"taxonomy":"product_cat","embeddable":true,"href":"https:\/\/bazz.ca\/ca_FR\/wp-json\/wp\/v2\/product_cat?post=6807"},{"taxonomy":"product_tag","embeddable":true,"href":"https:\/\/bazz.ca\/ca_FR\/wp-json\/wp\/v2\/product_tag?post=6807"}],"curies":[{"name":"wp","href":"https:\/\/api.w.org\/{rel}","templated":true}]}}