{"id":6804,"date":"2024-07-30T01:28:15","date_gmt":"2024-07-30T01:28:15","guid":{"rendered":"https:\/\/bazz.ca\/product\/bazz-blanc-chaud-2700k-installation-magnetique-lampe-de-nuit-rechargeable-avec-capteur-de-mouvement\/"},"modified":"2025-03-18T19:52:12","modified_gmt":"2025-03-18T19:52:12","slug":"bazz-blanc-chaud-2700k-installation-magnetique-lampe-de-nuit-rechargeable-avec-capteur-de-mouvement","status":"publish","type":"product","link":"https:\/\/bazz.ca\/ca_FR\/produit\/bazz-blanc-chaud-2700k-installation-magnetique-lampe-de-nuit-rechargeable-avec-capteur-de-mouvement\/","title":{"rendered":"BAZZ Blanc Chaud 2700K Installation Magn\u00e9tique Lampe de Nuit Rechargeable avec Capteur de Mouvement"},"content":{"rendered":"<p>La veilleuse rechargeable \u00e0 capteur de mouvement \u00e0 installation magn\u00e9tique blanc chaud 2 700 K offre un \u00e9clairage sans fil sans effort. Avec une lueur blanche et chaude, il est parfait pour une utilisation nocturne. Une installation magn\u00e9tique facile et une conception rechargeable en font une solution d&#8217;\u00e9clairage pratique et \u00e9conome en \u00e9nergie pour n&#8217;importe quel espace.   <\/p>\n<ul>\n<li>Con\u00e7u pour les armoires, les \u00e9tag\u00e8res, les biblioth\u00e8ques, les placards, etc.<\/li>\n<li>Installation magn\u00e9tique<\/li>\n<li>Capteur de lumi\u00e8re et capteur de mouvement PIR<\/li>\n<li>Rechargeable<\/li>\n<li>Temp\u00e9rature de couleur : 2700K<\/li>\n<li>Luminosit\u00e9 : 15 lumens<\/li>\n<li>Wattage: 0.2W<\/li>\n<li>Entr\u00e9e nominale : DC5V<\/li>\n<li>Capacit\u00e9 de la batterie : 300 mAh<\/li>\n<\/ul>\n","protected":false},"excerpt":{"rendered":"<p>La veilleuse rechargeable \u00e0 capteur de mouvement \u00e0 installation magn\u00e9tique blanc chaud 2700 K offre un \u00e9clairage sans fil sans effort.<\/p>\n","protected":false},"featured_media":9453,"comment_status":"open","ping_status":"closed","template":"","meta":{"_acf_changed":false},"product_brand":[],"product_cat":[506,490],"product_tag":[],"class_list":{"0":"post-6804","1":"product","2":"type-product","3":"status-publish","4":"has-post-thumbnail","6":"product_cat-eclairages-sous-les-armoires-ca_fr","7":"product_cat-specialites-ca_fr","9":"first","10":"outofstock","11":"taxable","12":"shipping-taxable","13":"purchasable","14":"product-type-simple"},"acf":[],"_links":{"self":[{"href":"https:\/\/bazz.ca\/ca_FR\/wp-json\/wp\/v2\/product\/6804","targetHints":{"allow":["GET"]}}],"collection":[{"href":"https:\/\/bazz.ca\/ca_FR\/wp-json\/wp\/v2\/product"}],"about":[{"href":"https:\/\/bazz.ca\/ca_FR\/wp-json\/wp\/v2\/types\/product"}],"replies":[{"embeddable":true,"href":"https:\/\/bazz.ca\/ca_FR\/wp-json\/wp\/v2\/comments?post=6804"}],"wp:featuredmedia":[{"embeddable":true,"href":"https:\/\/bazz.ca\/ca_FR\/wp-json\/wp\/v2\/media\/9453"}],"wp:attachment":[{"href":"https:\/\/bazz.ca\/ca_FR\/wp-json\/wp\/v2\/media?parent=6804"}],"wp:term":[{"taxonomy":"product_brand","embeddable":true,"href":"https:\/\/bazz.ca\/ca_FR\/wp-json\/wp\/v2\/product_brand?post=6804"},{"taxonomy":"product_cat","embeddable":true,"href":"https:\/\/bazz.ca\/ca_FR\/wp-json\/wp\/v2\/product_cat?post=6804"},{"taxonomy":"product_tag","embeddable":true,"href":"https:\/\/bazz.ca\/ca_FR\/wp-json\/wp\/v2\/product_tag?post=6804"}],"curies":[{"name":"wp","href":"https:\/\/api.w.org\/{rel}","templated":true}]}}