{"id":6795,"date":"2024-07-30T01:28:15","date_gmt":"2024-07-30T01:28:15","guid":{"rendered":"https:\/\/bazz.ca\/product\/bazz-lot-de-3-rondelles-led-rechargeables\/"},"modified":"2025-03-24T19:36:07","modified_gmt":"2025-03-24T19:36:07","slug":"bazz-lot-de-3-rondelles-led-rechargeables","status":"publish","type":"product","link":"https:\/\/bazz.ca\/ca_FR\/produit\/bazz-lot-de-3-rondelles-led-rechargeables\/","title":{"rendered":"BAZZ Lot de 3 rondelles LED rechargeables"},"content":{"rendered":"<p>\u00c9gayez votre espace avec nos 3 rondelles LED rechargeables. Elles offrent un \u00e9clairage \u00e9clatant o\u00f9 que vous soyez. Leur fonction magn\u00e9tique facilite leur installation et leur fixation sur toute surface m\u00e9tallique. De plus, gr\u00e2ce \u00e0 leurs piles rechargeables, vous profitez d&#8217;un \u00e9clairage \u00e9cologique et ininterrompu.  <\/p>\n","protected":false},"excerpt":{"rendered":"<p>\u00c9gayez votre espace avec nos 3 rondelles LED rechargeables.<\/p>\n","protected":false},"featured_media":9241,"comment_status":"open","ping_status":"closed","template":"","meta":{"_acf_changed":false},"product_brand":[],"product_cat":[506,490],"product_tag":[],"class_list":{"0":"post-6795","1":"product","2":"type-product","3":"status-publish","4":"has-post-thumbnail","6":"product_cat-eclairages-sous-les-armoires-ca_fr","7":"product_cat-specialites-ca_fr","9":"first","10":"outofstock","11":"taxable","12":"shipping-taxable","13":"purchasable","14":"product-type-simple"},"acf":[],"_links":{"self":[{"href":"https:\/\/bazz.ca\/ca_FR\/wp-json\/wp\/v2\/product\/6795","targetHints":{"allow":["GET"]}}],"collection":[{"href":"https:\/\/bazz.ca\/ca_FR\/wp-json\/wp\/v2\/product"}],"about":[{"href":"https:\/\/bazz.ca\/ca_FR\/wp-json\/wp\/v2\/types\/product"}],"replies":[{"embeddable":true,"href":"https:\/\/bazz.ca\/ca_FR\/wp-json\/wp\/v2\/comments?post=6795"}],"wp:featuredmedia":[{"embeddable":true,"href":"https:\/\/bazz.ca\/ca_FR\/wp-json\/wp\/v2\/media\/9241"}],"wp:attachment":[{"href":"https:\/\/bazz.ca\/ca_FR\/wp-json\/wp\/v2\/media?parent=6795"}],"wp:term":[{"taxonomy":"product_brand","embeddable":true,"href":"https:\/\/bazz.ca\/ca_FR\/wp-json\/wp\/v2\/product_brand?post=6795"},{"taxonomy":"product_cat","embeddable":true,"href":"https:\/\/bazz.ca\/ca_FR\/wp-json\/wp\/v2\/product_cat?post=6795"},{"taxonomy":"product_tag","embeddable":true,"href":"https:\/\/bazz.ca\/ca_FR\/wp-json\/wp\/v2\/product_tag?post=6795"}],"curies":[{"name":"wp","href":"https:\/\/api.w.org\/{rel}","templated":true}]}}