{"id":6780,"date":"2024-07-30T01:28:14","date_gmt":"2024-07-30T01:28:14","guid":{"rendered":"https:\/\/bazz.ca\/product\/bazz-bande-lumineuse-led-integree-autocollante-sous-meuble\/"},"modified":"2025-03-24T16:26:33","modified_gmt":"2025-03-24T16:26:33","slug":"bazz-bande-lumineuse-led-integree-autocollante-sous-meuble","status":"publish","type":"product","link":"https:\/\/bazz.ca\/ca_FR\/produit\/bazz-bande-lumineuse-led-integree-autocollante-sous-meuble\/","title":{"rendered":"BAZZ Bande lumineuse LED int\u00e9gr\u00e9e autocollante sous meuble"},"content":{"rendered":"<p>\u00c0 la maison ou en d\u00e9placement, cette bande lumineuse LED sans fil de BAZZ offre la solution d&#8217;\u00e9clairage parfaite. Fonctionnant avec 4 piles AAA (non fournies) et certifi\u00e9e IP65 pour une utilisation en ext\u00e9rieur, cette bande lumineuse vous permet d&#8217;emporter votre \u00e9clairage partout o\u00f9 vous en avez besoin. Avec son allumage\/extinction manuel ou par d\u00e9tecteur de mouvement, elle est id\u00e9ale pour le camping, les barbecues ou tout autre endroit n\u00e9cessitant un \u00e9clairage non permanent. <\/p>\n<ul>\n<li>Aliment\u00e9 par batterie (4X AAA non inclus)<\/li>\n<li>Capteur de mouvement PIR<\/li>\n<li>Installation facile en surface<\/li>\n<li>IP65<\/li>\n<li>Temp\u00e9rature de couleur 4000K (lumi\u00e8re du jour)<\/li>\n<li>\u00c9tanch\u00e9it\u00e9 IP65.<\/li>\n<li>3,28 pieds de longueur<\/li>\n<\/ul>\n","protected":false},"excerpt":{"rendered":"<p>\u00c0 la maison ou en d\u00e9placement, cette bande lumineuse LED sans fil de BAZZ offre la solution d&#8217;\u00e9clairage parfaite.<\/p>\n","protected":false},"featured_media":9421,"comment_status":"open","ping_status":"closed","template":"","meta":{"_acf_changed":false},"product_brand":[],"product_cat":[506,490],"product_tag":[],"class_list":{"0":"post-6780","1":"product","2":"type-product","3":"status-publish","4":"has-post-thumbnail","6":"product_cat-eclairages-sous-les-armoires-ca_fr","7":"product_cat-specialites-ca_fr","9":"first","10":"outofstock","11":"taxable","12":"shipping-taxable","13":"purchasable","14":"product-type-simple"},"acf":[],"_links":{"self":[{"href":"https:\/\/bazz.ca\/ca_FR\/wp-json\/wp\/v2\/product\/6780","targetHints":{"allow":["GET"]}}],"collection":[{"href":"https:\/\/bazz.ca\/ca_FR\/wp-json\/wp\/v2\/product"}],"about":[{"href":"https:\/\/bazz.ca\/ca_FR\/wp-json\/wp\/v2\/types\/product"}],"replies":[{"embeddable":true,"href":"https:\/\/bazz.ca\/ca_FR\/wp-json\/wp\/v2\/comments?post=6780"}],"wp:featuredmedia":[{"embeddable":true,"href":"https:\/\/bazz.ca\/ca_FR\/wp-json\/wp\/v2\/media\/9421"}],"wp:attachment":[{"href":"https:\/\/bazz.ca\/ca_FR\/wp-json\/wp\/v2\/media?parent=6780"}],"wp:term":[{"taxonomy":"product_brand","embeddable":true,"href":"https:\/\/bazz.ca\/ca_FR\/wp-json\/wp\/v2\/product_brand?post=6780"},{"taxonomy":"product_cat","embeddable":true,"href":"https:\/\/bazz.ca\/ca_FR\/wp-json\/wp\/v2\/product_cat?post=6780"},{"taxonomy":"product_tag","embeddable":true,"href":"https:\/\/bazz.ca\/ca_FR\/wp-json\/wp\/v2\/product_tag?post=6780"}],"curies":[{"name":"wp","href":"https:\/\/api.w.org\/{rel}","templated":true}]}}