{"id":6768,"date":"2024-07-30T01:28:14","date_gmt":"2024-07-30T01:28:14","guid":{"rendered":"https:\/\/bazz.ca\/product\/bazz-10-pieds-bande-lumineuse-led-rgb-multicolore-blanche-a-intensite-variable-avec-telecommande\/"},"modified":"2025-03-24T19:09:12","modified_gmt":"2025-03-24T19:09:12","slug":"bazz-10-pieds-bande-lumineuse-led-rgb-multicolore-blanche-a-intensite-variable-avec-telecommande","status":"publish","type":"product","link":"https:\/\/bazz.ca\/ca_FR\/produit\/bazz-10-pieds-bande-lumineuse-led-rgb-multicolore-blanche-a-intensite-variable-avec-telecommande\/","title":{"rendered":"Bande lumineuse LED BAZZ 10 pieds \u00e0 intensit\u00e9 variable RVB multicolore + blanche avec t\u00e9l\u00e9commande"},"content":{"rendered":"<p>Notre bande lumineuse LED RVB multicolore + blanche \u00e0 intensit\u00e9 variable de 10 pieds peut rehausser votre espace avec un \u00e9clairage personnalisable et dynamique. Avec une t\u00e9l\u00e9commande pratique, adaptez l&#8217;ambiance \u00e0 votre go\u00fbt : choisissez parmi un spectre de couleurs ou une lueur blanche apaisante. Parfaite pour am\u00e9liorer n&#8217;importe quelle pi\u00e8ce ou \u00e9v\u00e9nement, notre bande lumineuse est la quintessence de la polyvalence de l&#8217;\u00e9clairage moderne.<\/p>\n<ul>\n<li>Con\u00e7u pour les armoires, les \u00e9tag\u00e8res, les biblioth\u00e8ques, les escaliers, etc.<\/li>\n<li>Longueur de la bande : 3m (10ft)<\/li>\n<li>Couleurs et luminosit\u00e9 r\u00e9glables<\/li>\n<li>Connectable jusqu&#8217;\u00e0 2 bandes<\/li>\n<li>Branchez ou c\u00e2blez directement avec UJNCTBX1 de Bazz<\/li>\n<\/ul>\n","protected":false},"excerpt":{"rendered":"<p>Notre bande lumineuse LED RVB multicolore + blanche \u00e0 intensit\u00e9 variable de 10 pieds peut rehausser votre espace avec un \u00e9clairage personnalisable et dynamique.<\/p>\n","protected":false},"featured_media":8861,"comment_status":"open","ping_status":"closed","template":"","meta":{"_acf_changed":false},"product_brand":[],"product_cat":[506,490],"product_tag":[],"class_list":{"0":"post-6768","1":"product","2":"type-product","3":"status-publish","4":"has-post-thumbnail","6":"product_cat-eclairages-sous-les-armoires-ca_fr","7":"product_cat-specialites-ca_fr","9":"first","10":"outofstock","11":"taxable","12":"shipping-taxable","13":"purchasable","14":"product-type-simple"},"acf":[],"_links":{"self":[{"href":"https:\/\/bazz.ca\/ca_FR\/wp-json\/wp\/v2\/product\/6768","targetHints":{"allow":["GET"]}}],"collection":[{"href":"https:\/\/bazz.ca\/ca_FR\/wp-json\/wp\/v2\/product"}],"about":[{"href":"https:\/\/bazz.ca\/ca_FR\/wp-json\/wp\/v2\/types\/product"}],"replies":[{"embeddable":true,"href":"https:\/\/bazz.ca\/ca_FR\/wp-json\/wp\/v2\/comments?post=6768"}],"wp:featuredmedia":[{"embeddable":true,"href":"https:\/\/bazz.ca\/ca_FR\/wp-json\/wp\/v2\/media\/8861"}],"wp:attachment":[{"href":"https:\/\/bazz.ca\/ca_FR\/wp-json\/wp\/v2\/media?parent=6768"}],"wp:term":[{"taxonomy":"product_brand","embeddable":true,"href":"https:\/\/bazz.ca\/ca_FR\/wp-json\/wp\/v2\/product_brand?post=6768"},{"taxonomy":"product_cat","embeddable":true,"href":"https:\/\/bazz.ca\/ca_FR\/wp-json\/wp\/v2\/product_cat?post=6768"},{"taxonomy":"product_tag","embeddable":true,"href":"https:\/\/bazz.ca\/ca_FR\/wp-json\/wp\/v2\/product_tag?post=6768"}],"curies":[{"name":"wp","href":"https:\/\/api.w.org\/{rel}","templated":true}]}}