{"id":6762,"date":"2024-07-30T01:28:14","date_gmt":"2024-07-30T01:28:14","guid":{"rendered":"https:\/\/bazz.ca\/product\/barre-lumineuse-led-rechargeable-bazz-24-avec-capteur-de-mouvement\/"},"modified":"2025-03-24T19:02:28","modified_gmt":"2025-03-24T19:02:28","slug":"barre-lumineuse-led-rechargeable-bazz-24-avec-capteur-de-mouvement","status":"publish","type":"product","link":"https:\/\/bazz.ca\/ca_FR\/produit\/barre-lumineuse-led-rechargeable-bazz-24-avec-capteur-de-mouvement\/","title":{"rendered":"Barre lumineuse LED rechargeable BAZZ 24&#8243; avec capteur de mouvement"},"content":{"rendered":"<p>Notre barre lumineuse LED rechargeable de 24 pouces est la solution d&#8217;\u00e9clairage parfaite pour n&#8217;importe quel espace. Cette barre polyvalente est \u00e9quip\u00e9e d&#8217;un capteur de mouvement et d&#8217;un capteur de mouvement PIR assurant un \u00e9clairage efficace et pratique. \u00c9mettant une lumi\u00e8re douce de 4000K, elle \u00e9claire sans effort n&#8217;importe quelle zone.<\/p>\n<ul>\n<li>Con\u00e7u pour les armoires, les \u00e9tag\u00e8res, les biblioth\u00e8ques, les placards, etc.<\/li>\n<li>Capteur de mouvement PIR et capteur de lumi\u00e8re<\/li>\n<li>Installation magn\u00e9tique<\/li>\n<li>Luminosit\u00e9 : 208 lumens<\/li>\n<li>Couleur de la lumi\u00e8re : 4000K (lumi\u00e8re du jour)<\/li>\n<li>Puissance : 3W<\/li>\n<li>Entr\u00e9e nominale : DC5V<\/li>\n<li>Capacit\u00e9 de la batterie : 1800 mAh<\/li>\n<\/ul>\n","protected":false},"excerpt":{"rendered":"<p>Notre barre lumineuse LED rechargeable de 24 pouces est la solution d&#8217;\u00e9clairage parfaite pour n&#8217;importe quel espace.<\/p>\n","protected":false},"featured_media":9109,"comment_status":"open","ping_status":"closed","template":"","meta":{"_acf_changed":false},"product_brand":[],"product_cat":[506,490],"product_tag":[],"class_list":{"0":"post-6762","1":"product","2":"type-product","3":"status-publish","4":"has-post-thumbnail","6":"product_cat-eclairages-sous-les-armoires-ca_fr","7":"product_cat-specialites-ca_fr","9":"first","10":"outofstock","11":"taxable","12":"shipping-taxable","13":"purchasable","14":"product-type-simple"},"acf":[],"_links":{"self":[{"href":"https:\/\/bazz.ca\/ca_FR\/wp-json\/wp\/v2\/product\/6762","targetHints":{"allow":["GET"]}}],"collection":[{"href":"https:\/\/bazz.ca\/ca_FR\/wp-json\/wp\/v2\/product"}],"about":[{"href":"https:\/\/bazz.ca\/ca_FR\/wp-json\/wp\/v2\/types\/product"}],"replies":[{"embeddable":true,"href":"https:\/\/bazz.ca\/ca_FR\/wp-json\/wp\/v2\/comments?post=6762"}],"wp:featuredmedia":[{"embeddable":true,"href":"https:\/\/bazz.ca\/ca_FR\/wp-json\/wp\/v2\/media\/9109"}],"wp:attachment":[{"href":"https:\/\/bazz.ca\/ca_FR\/wp-json\/wp\/v2\/media?parent=6762"}],"wp:term":[{"taxonomy":"product_brand","embeddable":true,"href":"https:\/\/bazz.ca\/ca_FR\/wp-json\/wp\/v2\/product_brand?post=6762"},{"taxonomy":"product_cat","embeddable":true,"href":"https:\/\/bazz.ca\/ca_FR\/wp-json\/wp\/v2\/product_cat?post=6762"},{"taxonomy":"product_tag","embeddable":true,"href":"https:\/\/bazz.ca\/ca_FR\/wp-json\/wp\/v2\/product_tag?post=6762"}],"curies":[{"name":"wp","href":"https:\/\/api.w.org\/{rel}","templated":true}]}}