{"id":6759,"date":"2024-07-30T01:21:41","date_gmt":"2024-07-30T01:21:41","guid":{"rendered":"https:\/\/bazz.ca\/product\/rondelle-declairage-led-rgb-bazz-pour-dessous-darmoire-paquet-de-3\/"},"modified":"2025-03-24T16:14:59","modified_gmt":"2025-03-24T16:14:59","slug":"rondelle-declairage-led-rgb-bazz-pour-dessous-darmoire-paquet-de-3","status":"publish","type":"product","link":"https:\/\/bazz.ca\/ca_FR\/produit\/rondelle-declairage-led-rgb-bazz-pour-dessous-darmoire-paquet-de-3\/","title":{"rendered":"Rondelle d&#8217;\u00e9clairage LED RGB BAZZ pour dessous d&#8217;armoire (paquet de 3)"},"content":{"rendered":"<p>Ces rondelles lumineuses RGB de BAZZ constitueront le compl\u00e9ment polyvalent parfait \u00e0 votre solution d&#8217;\u00e9clairage domestique. La couleur et la luminosit\u00e9 peuvent \u00eatre facilement r\u00e9gl\u00e9es gr\u00e2ce \u00e0 la t\u00e9l\u00e9commande incluse. Chaque rondelle mesure 2,75 pouces de diam\u00e8tre et est \u00e9quip\u00e9e de deux fils de 24 pouces pour une connexion bout \u00e0 bout avec les autres rondelles ou le cordon d&#8217;alimentation. Ils peuvent \u00eatre connect\u00e9s \u00e0 un autre pack de trois unit\u00e9s pour un total de six unit\u00e9s.<\/p>\n<ul>\n<li>LED int\u00e9gr\u00e9e de 2 watts (360 lumens). Dur\u00e9e de vie de 30000 heures<\/li>\n<li>Couleur et luminosit\u00e9 r\u00e9glables avec t\u00e9l\u00e9commande incluse.<\/li>\n<li>Installation facile en surface ou en retrait<\/li>\n<li>Liaison jusqu&#8217;\u00e0 6 unit\u00e9s<\/li>\n<li>Temp\u00e9rature de couleur : 3000 K (blanc doux)<\/li>\n<li>Homologu\u00e9 UL et CSA<\/li>\n<li>Brancher<\/li>\n<li>Comprend deux cordons de connexion de 24 pouces \u00e0 l&#8217;int\u00e9rieur de la rondelle et de 60 pouces. cordon d&#8217;alimentation avec interrupteur et r\u00e9cepteur IR et deux rallonges de 35 pouces. <\/li>\n<\/ul>\n","protected":false},"excerpt":{"rendered":"<p>Ces rondelles lumineuses RGB de BAZZ constitueront le compl\u00e9ment polyvalent parfait \u00e0 votre solution d&#8217;\u00e9clairage domestique.<\/p>\n","protected":false},"featured_media":9690,"comment_status":"open","ping_status":"closed","template":"","meta":{"_acf_changed":false},"product_brand":[],"product_cat":[506,490],"product_tag":[],"class_list":{"0":"post-6759","1":"product","2":"type-product","3":"status-publish","4":"has-post-thumbnail","6":"product_cat-eclairages-sous-les-armoires-ca_fr","7":"product_cat-specialites-ca_fr","9":"first","10":"outofstock","11":"taxable","12":"shipping-taxable","13":"purchasable","14":"product-type-simple"},"acf":[],"_links":{"self":[{"href":"https:\/\/bazz.ca\/ca_FR\/wp-json\/wp\/v2\/product\/6759","targetHints":{"allow":["GET"]}}],"collection":[{"href":"https:\/\/bazz.ca\/ca_FR\/wp-json\/wp\/v2\/product"}],"about":[{"href":"https:\/\/bazz.ca\/ca_FR\/wp-json\/wp\/v2\/types\/product"}],"replies":[{"embeddable":true,"href":"https:\/\/bazz.ca\/ca_FR\/wp-json\/wp\/v2\/comments?post=6759"}],"wp:featuredmedia":[{"embeddable":true,"href":"https:\/\/bazz.ca\/ca_FR\/wp-json\/wp\/v2\/media\/9690"}],"wp:attachment":[{"href":"https:\/\/bazz.ca\/ca_FR\/wp-json\/wp\/v2\/media?parent=6759"}],"wp:term":[{"taxonomy":"product_brand","embeddable":true,"href":"https:\/\/bazz.ca\/ca_FR\/wp-json\/wp\/v2\/product_brand?post=6759"},{"taxonomy":"product_cat","embeddable":true,"href":"https:\/\/bazz.ca\/ca_FR\/wp-json\/wp\/v2\/product_cat?post=6759"},{"taxonomy":"product_tag","embeddable":true,"href":"https:\/\/bazz.ca\/ca_FR\/wp-json\/wp\/v2\/product_tag?post=6759"}],"curies":[{"name":"wp","href":"https:\/\/api.w.org\/{rel}","templated":true}]}}