{"id":6756,"date":"2024-07-30T01:21:41","date_gmt":"2024-07-30T01:21:41","guid":{"rendered":"https:\/\/bazz.ca\/product\/bazz-eclairage-lineaire-a-led-sous-armoire-blanc-et-chrome-12-po\/"},"modified":"2025-03-24T16:17:30","modified_gmt":"2025-03-24T16:17:30","slug":"bazz-eclairage-lineaire-a-led-sous-armoire-blanc-et-chrome-12-po","status":"publish","type":"product","link":"https:\/\/bazz.ca\/ca_FR\/produit\/bazz-eclairage-lineaire-a-led-sous-armoire-blanc-et-chrome-12-po\/","title":{"rendered":"BAZZ 12 po. Lampe LED lin\u00e9aire sous-meuble blanche et chrom\u00e9e"},"content":{"rendered":"<p>Ce tube \u00e9l\u00e9gant sous l&#8217;armoire de BAZZ est le sommet du style et de la fonctionnalit\u00e9. Le design moderne et subtil se pr\u00eate \u00e0 une ambiance contemporaine discr\u00e8te tout en offrant un \u00e9clairage parfait. Avec des LED int\u00e9gr\u00e9es \u00e0 haute efficacit\u00e9 \u00e9nerg\u00e9tique et une dur\u00e9e de vie de 30000 heures, vous pouvez \u00eatre s\u00fbr que cette lampe fera partie de votre int\u00e9rieur pour les ann\u00e9es \u00e0 venir.<\/p>\n<ul>\n<li>LED int\u00e9gr\u00e9e de 4 watts (320 lumens). Dur\u00e9e de vie de 30000 heures<\/li>\n<li>Installation facile en surface<\/li>\n<li>Linkable up to 25 units<\/li>\n<li>Temp\u00e9rature de couleur : 3000 K (blanc doux)<\/li>\n<li>Homologu\u00e9 UL<\/li>\n<li>C\u00e2blage enfichable ou direct avec bo\u00eete de jonction BAZZ<\/li>\n<li>Includes 60 inch power cord and 9.75 inch extension cord.<\/li>\n<\/ul>\n","protected":false},"excerpt":{"rendered":"<p>Ce tube \u00e9l\u00e9gant sous l&#8217;armoire de BAZZ est le sommet du style et de la fonctionnalit\u00e9.<\/p>\n","protected":false},"featured_media":8901,"comment_status":"open","ping_status":"closed","template":"","meta":{"_acf_changed":false},"product_brand":[],"product_cat":[506,490],"product_tag":[],"class_list":{"0":"post-6756","1":"product","2":"type-product","3":"status-publish","4":"has-post-thumbnail","6":"product_cat-eclairages-sous-les-armoires-ca_fr","7":"product_cat-specialites-ca_fr","9":"first","10":"outofstock","11":"taxable","12":"shipping-taxable","13":"purchasable","14":"product-type-simple"},"acf":[],"_links":{"self":[{"href":"https:\/\/bazz.ca\/ca_FR\/wp-json\/wp\/v2\/product\/6756","targetHints":{"allow":["GET"]}}],"collection":[{"href":"https:\/\/bazz.ca\/ca_FR\/wp-json\/wp\/v2\/product"}],"about":[{"href":"https:\/\/bazz.ca\/ca_FR\/wp-json\/wp\/v2\/types\/product"}],"replies":[{"embeddable":true,"href":"https:\/\/bazz.ca\/ca_FR\/wp-json\/wp\/v2\/comments?post=6756"}],"wp:featuredmedia":[{"embeddable":true,"href":"https:\/\/bazz.ca\/ca_FR\/wp-json\/wp\/v2\/media\/8901"}],"wp:attachment":[{"href":"https:\/\/bazz.ca\/ca_FR\/wp-json\/wp\/v2\/media?parent=6756"}],"wp:term":[{"taxonomy":"product_brand","embeddable":true,"href":"https:\/\/bazz.ca\/ca_FR\/wp-json\/wp\/v2\/product_brand?post=6756"},{"taxonomy":"product_cat","embeddable":true,"href":"https:\/\/bazz.ca\/ca_FR\/wp-json\/wp\/v2\/product_cat?post=6756"},{"taxonomy":"product_tag","embeddable":true,"href":"https:\/\/bazz.ca\/ca_FR\/wp-json\/wp\/v2\/product_tag?post=6756"}],"curies":[{"name":"wp","href":"https:\/\/api.w.org\/{rel}","templated":true}]}}