{"id":6744,"date":"2024-07-30T01:00:01","date_gmt":"2024-07-30T01:00:01","guid":{"rendered":"https:\/\/bazz.ca\/product\/bazz-lampe-de-table-led-integree-argentee\/"},"modified":"2025-03-24T16:04:47","modified_gmt":"2025-03-24T16:04:47","slug":"bazz-lampe-de-table-led-integree-argentee","status":"publish","type":"product","link":"https:\/\/bazz.ca\/ca_FR\/produit\/bazz-lampe-de-table-led-integree-argentee\/","title":{"rendered":"BAZZ Lampe de table LED int\u00e9gr\u00e9e argent\u00e9e"},"content":{"rendered":"<p>Donnez \u00e0 votre bureau une touche moderne et \u00e9l\u00e9gante avec cette lampe de table LED de BAZZ. Dot\u00e9e d&#8217;une finition argent\u00e9e \u00e9pur\u00e9e, de bras et d&#8217;une t\u00eate de lampe r\u00e9glables, cette lampe offre le m\u00e9lange parfait de style et de fonctionnalit\u00e9. Vous pouvez r\u00e9gler la luminosit\u00e9 de la lumi\u00e8re avec trois niveaux diff\u00e9rents \u00e0 l&#8217;aide du simple interrupteur tactile, vous offrant ainsi une large gamme de possibilit\u00e9s d&#8217;\u00e9clairage. La LED int\u00e9gr\u00e9e de 10w 900 lumens a une dur\u00e9e de vie de 30000 heures. Vous pouvez donc \u00eatre s\u00fbr que cette lampe fera partie de votre bureau \u00e0 domicile pendant des ann\u00e9es.<\/p>\n<ul>\n<li>LED int\u00e9gr\u00e9e 10 W (900 lumens)<\/li>\n<li>Trois niveaux de luminosit\u00e9 r\u00e9glables avec interrupteur tactile<\/li>\n<li>Dur\u00e9e de vie de 30000 heures<\/li>\n<li>Gradable &#8211; gradation sans scintillement<\/li>\n<li>Dimensions : Base &#8211; 7,25 po x 1 po Bras &#8211; 17,38 po et 19,62 po.<\/li>\n<\/ul>\n","protected":false},"excerpt":{"rendered":"<p>Donnez \u00e0 votre bureau une touche moderne et \u00e9l\u00e9gante avec cette lampe de table LED de BAZZ.<\/p>\n","protected":false},"featured_media":9617,"comment_status":"open","ping_status":"closed","template":"","meta":{"_acf_changed":false},"product_brand":[],"product_cat":[519],"product_tag":[],"class_list":{"0":"post-6744","1":"product","2":"type-product","3":"status-publish","4":"has-post-thumbnail","6":"product_cat-lampes-lampadaires-ca_fr","8":"first","9":"outofstock","10":"taxable","11":"shipping-taxable","12":"purchasable","13":"product-type-simple"},"acf":[],"_links":{"self":[{"href":"https:\/\/bazz.ca\/ca_FR\/wp-json\/wp\/v2\/product\/6744","targetHints":{"allow":["GET"]}}],"collection":[{"href":"https:\/\/bazz.ca\/ca_FR\/wp-json\/wp\/v2\/product"}],"about":[{"href":"https:\/\/bazz.ca\/ca_FR\/wp-json\/wp\/v2\/types\/product"}],"replies":[{"embeddable":true,"href":"https:\/\/bazz.ca\/ca_FR\/wp-json\/wp\/v2\/comments?post=6744"}],"wp:featuredmedia":[{"embeddable":true,"href":"https:\/\/bazz.ca\/ca_FR\/wp-json\/wp\/v2\/media\/9617"}],"wp:attachment":[{"href":"https:\/\/bazz.ca\/ca_FR\/wp-json\/wp\/v2\/media?parent=6744"}],"wp:term":[{"taxonomy":"product_brand","embeddable":true,"href":"https:\/\/bazz.ca\/ca_FR\/wp-json\/wp\/v2\/product_brand?post=6744"},{"taxonomy":"product_cat","embeddable":true,"href":"https:\/\/bazz.ca\/ca_FR\/wp-json\/wp\/v2\/product_cat?post=6744"},{"taxonomy":"product_tag","embeddable":true,"href":"https:\/\/bazz.ca\/ca_FR\/wp-json\/wp\/v2\/product_tag?post=6744"}],"curies":[{"name":"wp","href":"https:\/\/api.w.org\/{rel}","templated":true}]}}