{"id":6716,"date":"2024-07-29T23:53:48","date_gmt":"2024-07-29T23:53:48","guid":{"rendered":"https:\/\/bazz.ca\/product\/lampe-de-marche-led-integree-bazz\/"},"modified":"2025-03-21T20:42:22","modified_gmt":"2025-03-21T20:42:22","slug":"lampe-de-marche-led-integree-bazz","status":"publish","type":"product","link":"https:\/\/bazz.ca\/ca_FR\/produit\/lampe-de-marche-led-integree-bazz\/","title":{"rendered":"Lampe de marche LED int\u00e9gr\u00e9e BAZZ"},"content":{"rendered":"<p>Donnez \u00e0 votre cage d&#8217;escalier ou \u00e0 votre couloir une touche fonctionnelle et moderne avec ce luminaire encastr\u00e9 mural \u00e0 LED int\u00e9gr\u00e9 de BAZZ. Dot\u00e9 d&#8217;une d\u00e9tection de lumi\u00e8re et de mouvement int\u00e9gr\u00e9e, il peut \u00eatre configur\u00e9 pour s&#8217;allumer et s&#8217;\u00e9teindre en fonction du mouvement ou lorsque le soleil se couche pour les applications ext\u00e9rieures. Con\u00e7u pour \u00eatre install\u00e9 \u00e0 c\u00f4t\u00e9 de l&#8217;isolation et avec une dur\u00e9e de vie de 30000 heures, vous pouvez \u00eatre s\u00fbr que ce sera un \u00e9l\u00e9ment incontournable de votre maison pour les ann\u00e9es \u00e0 venir. Ce luminaire encastr\u00e9 \u00e0 LED int\u00e9gr\u00e9 de BAZZ peut \u00eatre mont\u00e9 verticalement ou horizontalement. Ces luminaires sont con\u00e7us pour un contact direct avec l\u2019isolation. Convient \u00e0 toutes les applications int\u00e9rieures, ext\u00e9rieures et humides &#8211; 2,5W &#8211; 125 Lumens &#8211; 3000K.<\/p>\n<ul>\n<li>Construction en aluminium avec lentille en acrylique givr\u00e9.<\/li>\n<li>Montage horizontal ou vertical.<\/li>\n<li>Convient aux endroits humides<\/li>\n<li>Class\u00e9 IC pour un contact direct avec l&#8217;isolant<\/li>\n<li>5 ans de garantie<\/li>\n<li>Capteur photocellule pr\u00e9install\u00e9<\/li>\n<li>La fonction d&#8217;\u00e9conomie d&#8217;\u00e9nergie du cr\u00e9puscule \u00e0 l&#8217;aube allume les LED lorsqu&#8217;il fait sombre et les \u00e9teint lorsqu&#8217;il y a de la lumi\u00e8re.<\/li>\n<li>La d\u00e9tection de mouvement allume automatiquement les lumi\u00e8res et les \u00e9teint apr\u00e8s 1 minute lorsque l&#8217;espace est lib\u00e9r\u00e9<\/li>\n<li>Convient pour une installation int\u00e9rieure et ext\u00e9rieure. Convient aux endroits humides<\/li>\n<\/ul>\n","protected":false},"excerpt":{"rendered":"<p>Donnez \u00e0 votre cage d&#8217;escalier ou \u00e0 votre couloir une touche fonctionnelle et moderne avec ce luminaire encastr\u00e9 mural \u00e0 LED int\u00e9gr\u00e9 de BAZZ.<\/p>\n","protected":false},"featured_media":7597,"comment_status":"open","ping_status":"closed","template":"","meta":{"_acf_changed":false},"product_brand":[],"product_cat":[523,531],"product_tag":[],"class_list":{"0":"post-6716","1":"product","2":"type-product","3":"status-publish","4":"has-post-thumbnail","6":"product_cat-appliques-murales-ca_fr-2","7":"product_cat-lumieres-detape-ca_fr-2","9":"first","10":"outofstock","11":"taxable","12":"shipping-taxable","13":"purchasable","14":"product-type-variable"},"acf":[],"_links":{"self":[{"href":"https:\/\/bazz.ca\/ca_FR\/wp-json\/wp\/v2\/product\/6716","targetHints":{"allow":["GET"]}}],"collection":[{"href":"https:\/\/bazz.ca\/ca_FR\/wp-json\/wp\/v2\/product"}],"about":[{"href":"https:\/\/bazz.ca\/ca_FR\/wp-json\/wp\/v2\/types\/product"}],"replies":[{"embeddable":true,"href":"https:\/\/bazz.ca\/ca_FR\/wp-json\/wp\/v2\/comments?post=6716"}],"wp:featuredmedia":[{"embeddable":true,"href":"https:\/\/bazz.ca\/ca_FR\/wp-json\/wp\/v2\/media\/7597"}],"wp:attachment":[{"href":"https:\/\/bazz.ca\/ca_FR\/wp-json\/wp\/v2\/media?parent=6716"}],"wp:term":[{"taxonomy":"product_brand","embeddable":true,"href":"https:\/\/bazz.ca\/ca_FR\/wp-json\/wp\/v2\/product_brand?post=6716"},{"taxonomy":"product_cat","embeddable":true,"href":"https:\/\/bazz.ca\/ca_FR\/wp-json\/wp\/v2\/product_cat?post=6716"},{"taxonomy":"product_tag","embeddable":true,"href":"https:\/\/bazz.ca\/ca_FR\/wp-json\/wp\/v2\/product_tag?post=6716"}],"curies":[{"name":"wp","href":"https:\/\/api.w.org\/{rel}","templated":true}]}}