{"id":6698,"date":"2024-07-29T20:51:42","date_gmt":"2024-07-29T20:51:42","guid":{"rendered":"https:\/\/bazz.ca\/product\/bazz-slim-disque-radiant-4-%c2%bc-po-kit-de-luminaires-encastres-a-led-integres-blanc-mat\/"},"modified":"2025-03-21T20:26:10","modified_gmt":"2025-03-21T20:26:10","slug":"bazz-slim-disque-radiant-4-%c2%bc-po-kit-de-luminaires-encastres-a-led-integres-blanc-mat","status":"publish","type":"product","link":"https:\/\/bazz.ca\/ca_FR\/produit\/bazz-slim-disque-radiant-4-%c2%bc-po-kit-de-luminaires-encastres-a-led-integres-blanc-mat\/","title":{"rendered":"BAZZ Slim Disque Radiant 4 \u00bc po. Kit de luminaires encastr\u00e9s \u00e0 LED int\u00e9gr\u00e9s blanc mat"},"content":{"rendered":"<p>Le kit d&#8217;\u00e9clairage LED encastr\u00e9 Slim Disque Radiant de BAZZ est la solution d&#8217;\u00e9clairage id\u00e9ale pour tout projet. Parfaits pour n&#8217;importe quelle pi\u00e8ce de votre maison, ces luminaires encastr\u00e9s comprennent des LED int\u00e9gr\u00e9es qui offrent le m\u00eame rendement lumineux qu&#8217;une ampoule halog\u00e8ne de 75 W (750 lumens) et sont enti\u00e8rement \u00e0 intensit\u00e9 variable. Parfaits pour une r\u00e9novation ou une nouvelle construction et avec une dur\u00e9e de vie de 30 000 heures, ces luminaires LED encastr\u00e9s apporteront \u00e0 votre maison le m\u00e9lange parfait de style et de fonctionnalit\u00e9 pour les ann\u00e9es \u00e0 venir.<\/p>\n<ul>\n<li>Convient aux endroits humides<\/li>\n<li>LED int\u00e9gr\u00e9e de 11 watts (750 lumens)<\/li>\n<li>Dur\u00e9e de vie de 30000 heures<\/li>\n<li>Gradable &#8211; gradation sans scintillement<\/li>\n<li>Pour les nouvelles constructions, la r\u00e9novation et les plafonds isol\u00e9s<\/li>\n<li>Temp\u00e9rature de couleur : 4000 K (lumi\u00e8re du jour)<\/li>\n<li>Consomme une fraction de l&#8217;\u00e9nergie n\u00e9cessaire pour allumer une ampoule halog\u00e8ne<\/li>\n<\/ul>\n","protected":false},"excerpt":{"rendered":"<p>Le kit d&#8217;\u00e9clairage LED encastr\u00e9 Slim Disque Radiant de BAZZ est la solution d&#8217;\u00e9clairage id\u00e9ale pour tout projet.<\/p>\n","protected":false},"featured_media":8437,"comment_status":"open","ping_status":"closed","template":"","meta":{"_acf_changed":false},"product_brand":[],"product_cat":[366,365],"product_tag":[],"class_list":{"0":"post-6698","1":"product","2":"type-product","3":"status-publish","4":"has-post-thumbnail","6":"product_cat-4000k-ca_fr","7":"product_cat-luminaires-encastres-ca_fr","9":"first","10":"outofstock","11":"taxable","12":"shipping-taxable","13":"purchasable","14":"product-type-variable"},"acf":[],"_links":{"self":[{"href":"https:\/\/bazz.ca\/ca_FR\/wp-json\/wp\/v2\/product\/6698","targetHints":{"allow":["GET"]}}],"collection":[{"href":"https:\/\/bazz.ca\/ca_FR\/wp-json\/wp\/v2\/product"}],"about":[{"href":"https:\/\/bazz.ca\/ca_FR\/wp-json\/wp\/v2\/types\/product"}],"replies":[{"embeddable":true,"href":"https:\/\/bazz.ca\/ca_FR\/wp-json\/wp\/v2\/comments?post=6698"}],"wp:featuredmedia":[{"embeddable":true,"href":"https:\/\/bazz.ca\/ca_FR\/wp-json\/wp\/v2\/media\/8437"}],"wp:attachment":[{"href":"https:\/\/bazz.ca\/ca_FR\/wp-json\/wp\/v2\/media?parent=6698"}],"wp:term":[{"taxonomy":"product_brand","embeddable":true,"href":"https:\/\/bazz.ca\/ca_FR\/wp-json\/wp\/v2\/product_brand?post=6698"},{"taxonomy":"product_cat","embeddable":true,"href":"https:\/\/bazz.ca\/ca_FR\/wp-json\/wp\/v2\/product_cat?post=6698"},{"taxonomy":"product_tag","embeddable":true,"href":"https:\/\/bazz.ca\/ca_FR\/wp-json\/wp\/v2\/product_tag?post=6698"}],"curies":[{"name":"wp","href":"https:\/\/api.w.org\/{rel}","templated":true}]}}