{"id":6671,"date":"2024-07-29T20:10:26","date_gmt":"2024-07-29T20:10:26","guid":{"rendered":"https:\/\/bazz.ca\/product\/bazz-lampe-datelier-led-46-pouces-5000k-3200-lumens\/"},"modified":"2025-03-24T15:33:10","modified_gmt":"2025-03-24T15:33:10","slug":"bazz-lampe-datelier-led-46-pouces-5000k-3200-lumens","status":"publish","type":"product","link":"https:\/\/bazz.ca\/ca_FR\/produit\/bazz-lampe-datelier-led-46-pouces-5000k-3200-lumens\/","title":{"rendered":"BAZZ Lampe d&#8217;atelier LED 46 pouces 5000K 3200 lumens"},"content":{"rendered":"<p>Ce luminaire de magasin int\u00e9gr\u00e9 de BAZZ est parfait pour les espaces de travail qui n\u00e9cessitent un \u00e9clairage de haute qualit\u00e9. Diffuseur Angel pour une distribution optimale de la lumi\u00e8re. LED int\u00e9gr\u00e9e \u00e0 \u00e9conomie d&#8217;\u00e9nergie.<br \/>\nLe luminaire peut \u00eatre mont\u00e9 \u00e0 l&#8217;aide d&#8217;une cl\u00e9 de 16 pouces incluse. cha\u00eenes suspendues et cha\u00eene de traction facile \u00e0 mettre en marche\/arr\u00eat. Avec une dur\u00e9e de vie de 50 000 heures, vous pouvez \u00eatre s\u00fbr que cette lampe d&#8217;atelier fera partie de votre solution d&#8217;\u00e9clairage pour les ann\u00e9es \u00e0 venir.<\/p>\n<ul>\n<li>LED int\u00e9gr\u00e9e \u00e0 \u00e9conomie d&#8217;\u00e9nergie.<\/li>\n<li>Diffuseur d&#8217;angle pour une r\u00e9partition optimale de la lumi\u00e8re.<\/li>\n<li>Cha\u00eene de traction facile \u00e0 mettre en marche\/arr\u00eat.<\/li>\n<li>16 po. cordon d&#8217;alimentation de la cha\u00eene de suspension et interrupteur \u00e0 tirette inclus.<\/li>\n<li>Non dimmable<\/li>\n<\/ul>\n","protected":false},"excerpt":{"rendered":"<p>Ce luminaire de magasin int\u00e9gr\u00e9 de BAZZ est parfait pour les espaces de travail qui n\u00e9cessitent un \u00e9clairage de haute qualit\u00e9.<\/p>\n","protected":false},"featured_media":9289,"comment_status":"open","ping_status":"closed","template":"","meta":{"_acf_changed":false},"product_brand":[],"product_cat":[502,490],"product_tag":[],"class_list":{"0":"post-6671","1":"product","2":"type-product","3":"status-publish","4":"has-post-thumbnail","6":"product_cat-lumieres-datelier-ca_fr","7":"product_cat-specialites-ca_fr","9":"first","10":"outofstock","11":"taxable","12":"shipping-taxable","13":"purchasable","14":"product-type-simple"},"acf":[],"_links":{"self":[{"href":"https:\/\/bazz.ca\/ca_FR\/wp-json\/wp\/v2\/product\/6671","targetHints":{"allow":["GET"]}}],"collection":[{"href":"https:\/\/bazz.ca\/ca_FR\/wp-json\/wp\/v2\/product"}],"about":[{"href":"https:\/\/bazz.ca\/ca_FR\/wp-json\/wp\/v2\/types\/product"}],"replies":[{"embeddable":true,"href":"https:\/\/bazz.ca\/ca_FR\/wp-json\/wp\/v2\/comments?post=6671"}],"wp:featuredmedia":[{"embeddable":true,"href":"https:\/\/bazz.ca\/ca_FR\/wp-json\/wp\/v2\/media\/9289"}],"wp:attachment":[{"href":"https:\/\/bazz.ca\/ca_FR\/wp-json\/wp\/v2\/media?parent=6671"}],"wp:term":[{"taxonomy":"product_brand","embeddable":true,"href":"https:\/\/bazz.ca\/ca_FR\/wp-json\/wp\/v2\/product_brand?post=6671"},{"taxonomy":"product_cat","embeddable":true,"href":"https:\/\/bazz.ca\/ca_FR\/wp-json\/wp\/v2\/product_cat?post=6671"},{"taxonomy":"product_tag","embeddable":true,"href":"https:\/\/bazz.ca\/ca_FR\/wp-json\/wp\/v2\/product_tag?post=6671"}],"curies":[{"name":"wp","href":"https:\/\/api.w.org\/{rel}","templated":true}]}}