{"id":6664,"date":"2024-07-29T20:10:26","date_gmt":"2024-07-29T20:10:26","guid":{"rendered":"https:\/\/bazz.ca\/product\/lampe-de-magasin-a-led-integree-connectable-40-watts-4000-lumens-4000k-lumiere-du-jour-lampe-de-magasin-a-led-avec-cordon-dalimentation-suspendu-ou-encastre-noir\/"},"modified":"2025-03-24T15:37:22","modified_gmt":"2025-03-24T15:37:22","slug":"lampe-de-magasin-a-led-integree-connectable-40-watts-4000-lumens-4000k-lumiere-du-jour-lampe-de-magasin-a-led-avec-cordon-dalimentation-suspendu-ou-encastre-noir","status":"publish","type":"product","link":"https:\/\/bazz.ca\/ca_FR\/produit\/lampe-de-magasin-a-led-integree-connectable-40-watts-4000-lumens-4000k-lumiere-du-jour-lampe-de-magasin-a-led-avec-cordon-dalimentation-suspendu-ou-encastre-noir\/","title":{"rendered":"Lampe de magasin \u00e0 LED int\u00e9gr\u00e9e connectable 40 watts 4000 lumens 4000K lumi\u00e8re du jour Lampe de magasin \u00e0 LED avec cordon d&#8217;alimentation suspendu ou encastr\u00e9 noir"},"content":{"rendered":"<p>Lampe de magasin \u00e0 DEL int\u00e9gr\u00e9e connectable 40 watts 4000 lumens 4000K lumi\u00e8re du jour Lampe de magasin \u00e0 DEL avec cordon d&#8217;alimentation suspendu ou encastr\u00e9 noir Il est v\u00e9ritablement plug-and-play et facile \u00e0 installer. Vous pouvez soit l&#8217;accrocher via le c\u00e2ble de 12 pouces inclus. cha\u00eene et crochets en J ou montez-le avec les clips et les vis fournis, puis ins\u00e9rez la fiche pour l&#8217;allumer. L&#8217;appareil reste suffisamment froid pour \u00eatre touch\u00e9. Il est r\u00e9pertori\u00e9 C ETL US et n&#8217;\u00e9met pratiquement aucune chaleur, ce qui peut garantir votre s\u00e9curit\u00e9. Avec une dur\u00e9e de vie de 50000 heures, vous pouvez \u00eatre s\u00fbr que cette lampe de magasin fera partie de votre solution d&#8217;\u00e9clairage pour les ann\u00e9es \u00e0 venir.<\/p>\n<ul>\n<li>DEL int\u00e9gr\u00e9e longue dur\u00e9e et \u00e9conome en \u00e9nergie<\/li>\n<li>La lumi\u00e8re du jour 4000 K fournit un \u00e9clairage puissant sur une grande zone de travail<\/li>\n<li>L&#8217;appareil reste suffisamment froid au toucher et n&#8217;\u00e9met pratiquement aucune chaleur.<\/li>\n<li>Montage suspendu ou encastr\u00e9<\/li>\n<li>Brancher et utiliser<\/li>\n<\/ul>\n","protected":false},"excerpt":{"rendered":"<p>Lampe de magasin \u00e0 DEL int\u00e9gr\u00e9e connectable 40 watts 4000 lumens 4000K lumi\u00e8re du jour Lampe de magasin \u00e0 DEL avec cordon d&#8217;alimentation suspendu ou encastr\u00e9 noir<\/p>\n","protected":false},"featured_media":9505,"comment_status":"open","ping_status":"closed","template":"","meta":{"_acf_changed":false},"product_brand":[],"product_cat":[502,490],"product_tag":[],"class_list":{"0":"post-6664","1":"product","2":"type-product","3":"status-publish","4":"has-post-thumbnail","6":"product_cat-lumieres-datelier-ca_fr","7":"product_cat-specialites-ca_fr","9":"first","10":"outofstock","11":"taxable","12":"shipping-taxable","13":"purchasable","14":"product-type-variable","15":"has-default-attributes"},"acf":[],"_links":{"self":[{"href":"https:\/\/bazz.ca\/ca_FR\/wp-json\/wp\/v2\/product\/6664","targetHints":{"allow":["GET"]}}],"collection":[{"href":"https:\/\/bazz.ca\/ca_FR\/wp-json\/wp\/v2\/product"}],"about":[{"href":"https:\/\/bazz.ca\/ca_FR\/wp-json\/wp\/v2\/types\/product"}],"replies":[{"embeddable":true,"href":"https:\/\/bazz.ca\/ca_FR\/wp-json\/wp\/v2\/comments?post=6664"}],"wp:featuredmedia":[{"embeddable":true,"href":"https:\/\/bazz.ca\/ca_FR\/wp-json\/wp\/v2\/media\/9505"}],"wp:attachment":[{"href":"https:\/\/bazz.ca\/ca_FR\/wp-json\/wp\/v2\/media?parent=6664"}],"wp:term":[{"taxonomy":"product_brand","embeddable":true,"href":"https:\/\/bazz.ca\/ca_FR\/wp-json\/wp\/v2\/product_brand?post=6664"},{"taxonomy":"product_cat","embeddable":true,"href":"https:\/\/bazz.ca\/ca_FR\/wp-json\/wp\/v2\/product_cat?post=6664"},{"taxonomy":"product_tag","embeddable":true,"href":"https:\/\/bazz.ca\/ca_FR\/wp-json\/wp\/v2\/product_tag?post=6664"}],"curies":[{"name":"wp","href":"https:\/\/api.w.org\/{rel}","templated":true}]}}