{"id":6652,"date":"2024-07-29T19:33:40","date_gmt":"2024-07-29T19:33:40","guid":{"rendered":"https:\/\/bazz.ca\/product\/bazz-plafonnier-encastre-en-chrome-et-verre-de-11-pouces\/"},"modified":"2025-03-24T15:11:39","modified_gmt":"2025-03-24T15:11:39","slug":"bazz-plafonnier-encastre-en-chrome-et-verre-de-11-pouces","status":"publish","type":"product","link":"https:\/\/bazz.ca\/ca_FR\/produit\/bazz-plafonnier-encastre-en-chrome-et-verre-de-11-pouces\/","title":{"rendered":"BAZZ Plafonnier encastr\u00e9 en chrome et verre de 11 pouces"},"content":{"rendered":"<p>Ce plafonnier encastr\u00e9 de BAZZ ajoutera une touche glamour \u00e0 n&#8217;importe quelle pi\u00e8ce de votre maison. Ce plafonnier de 11 pouces de diam\u00e8tre est un m\u00e9lange parfait de style et de fonctionnalit\u00e9. Il est dot\u00e9 d&#8217;un couvercle chrom\u00e9, d&#8217;un abat-jour en billes de verre et d&#8217;un diffuseur en verre d\u00e9poli.<\/p>\n<ul>\n<li>N\u00e9cessite 3 ampoules halog\u00e8nes G9 de 40 W (non incluses)<\/li>\n<li>Homologu\u00e9 UL et CSA<\/li>\n<li>Dur\u00e9e de vie de l&#8217;ampoule de 30000 heures<\/li>\n<li>Gradable &#8211; gradation sans scintillement<\/li>\n<li>Mat\u00e9riel inclus<\/li>\n<li>Installation facile<\/li>\n<\/ul>\n","protected":false},"excerpt":{"rendered":"<p>Ce plafonnier encastr\u00e9 de BAZZ ajoutera une touche glamour \u00e0 n&#8217;importe quelle pi\u00e8ce de votre maison.<\/p>\n","protected":false},"featured_media":2490,"comment_status":"open","ping_status":"closed","template":"","meta":{"_acf_changed":false},"product_brand":[],"product_cat":[395,408],"product_tag":[],"class_list":{"0":"post-6652","1":"product","2":"type-product","3":"status-publish","4":"has-post-thumbnail","6":"product_cat-plafonniers-ca_fr","7":"product_cat-semi-plafonniers-ca_fr","9":"first","10":"outofstock","11":"taxable","12":"shipping-taxable","13":"purchasable","14":"product-type-simple"},"acf":[],"_links":{"self":[{"href":"https:\/\/bazz.ca\/ca_FR\/wp-json\/wp\/v2\/product\/6652","targetHints":{"allow":["GET"]}}],"collection":[{"href":"https:\/\/bazz.ca\/ca_FR\/wp-json\/wp\/v2\/product"}],"about":[{"href":"https:\/\/bazz.ca\/ca_FR\/wp-json\/wp\/v2\/types\/product"}],"replies":[{"embeddable":true,"href":"https:\/\/bazz.ca\/ca_FR\/wp-json\/wp\/v2\/comments?post=6652"}],"wp:featuredmedia":[{"embeddable":true,"href":"https:\/\/bazz.ca\/ca_FR\/wp-json\/wp\/v2\/media\/2490"}],"wp:attachment":[{"href":"https:\/\/bazz.ca\/ca_FR\/wp-json\/wp\/v2\/media?parent=6652"}],"wp:term":[{"taxonomy":"product_brand","embeddable":true,"href":"https:\/\/bazz.ca\/ca_FR\/wp-json\/wp\/v2\/product_brand?post=6652"},{"taxonomy":"product_cat","embeddable":true,"href":"https:\/\/bazz.ca\/ca_FR\/wp-json\/wp\/v2\/product_cat?post=6652"},{"taxonomy":"product_tag","embeddable":true,"href":"https:\/\/bazz.ca\/ca_FR\/wp-json\/wp\/v2\/product_tag?post=6652"}],"curies":[{"name":"wp","href":"https:\/\/api.w.org\/{rel}","templated":true}]}}