{"id":6645,"date":"2024-07-29T19:33:40","date_gmt":"2024-07-29T19:33:40","guid":{"rendered":"https:\/\/bazz.ca\/product\/lampe-a-tableau-del\/"},"modified":"2025-03-24T15:08:52","modified_gmt":"2025-03-24T15:08:52","slug":"lampe-a-tableau-del","status":"publish","type":"product","link":"https:\/\/bazz.ca\/ca_FR\/produit\/lampe-a-tableau-del\/","title":{"rendered":"Lampe \u00e0 tableau DEL"},"content":{"rendered":"<p>Cet appareil d&#8217;\u00e9clairage pour tableau \u00e9l\u00e9gant et \u00e9l\u00e9gant de BAZZ donnera \u00e0 votre pi\u00e8ce pr\u00e9f\u00e9r\u00e9e l&#8217;accent parfait. Avec une installation facile en surface et un simple bouton-poussoir sur le c\u00f4t\u00e9, cette lampe pour tableau est id\u00e9ale pour mettre en valeur votre pi\u00e8ce encadr\u00e9e pr\u00e9f\u00e9r\u00e9e. La LED int\u00e9gr\u00e9e offre une puissance de 77 lumens et une dur\u00e9e de vie de 30000 heures. Vous pouvez donc \u00eatre s\u00fbr que cette lampe sera pr\u00e9sente dans votre maison pendant de nombreuses ann\u00e9es.<\/p>\n<ul>\n<li>LED int\u00e9gr\u00e9e de 1,4 watts (77 lumens).<\/li>\n<li>Installation murale facile<\/li>\n<li>13,5 pouces de long<\/li>\n<li>Temp\u00e9rature de couleur : 3000 K (blanc doux)<\/li>\n<li>Dur\u00e9e de vie de 30000 heures<\/li>\n<li>Brancher<\/li>\n<\/ul>\n<div id=\"awebChromeHelper\" data-version=\"1.24.3\"><\/div>\n<div id=\"awebChromeHelper\" data-version=\"1.24.3\"><\/div>\n","protected":false},"excerpt":{"rendered":"<p>Cet appareil d&#8217;\u00e9clairage pour tableau \u00e9l\u00e9gant et \u00e9l\u00e9gant de BAZZ donnera \u00e0 votre pi\u00e8ce pr\u00e9f\u00e9r\u00e9e l&#8217;accent parfait.<\/p>\n","protected":false},"featured_media":2664,"comment_status":"open","ping_status":"closed","template":"","meta":{"_acf_changed":false},"product_brand":[],"product_cat":[523,497,527,490],"product_tag":[],"class_list":{"0":"post-6645","1":"product","2":"type-product","3":"status-publish","4":"has-post-thumbnail","6":"product_cat-appliques-murales-ca_fr-2","7":"product_cat-lumieres-dimages-ca_fr","8":"product_cat-lumieres-dimages-ca_fr-2","9":"product_cat-specialites-ca_fr","11":"first","12":"outofstock","13":"taxable","14":"shipping-taxable","15":"purchasable","16":"product-type-variable"},"acf":[],"_links":{"self":[{"href":"https:\/\/bazz.ca\/ca_FR\/wp-json\/wp\/v2\/product\/6645","targetHints":{"allow":["GET"]}}],"collection":[{"href":"https:\/\/bazz.ca\/ca_FR\/wp-json\/wp\/v2\/product"}],"about":[{"href":"https:\/\/bazz.ca\/ca_FR\/wp-json\/wp\/v2\/types\/product"}],"replies":[{"embeddable":true,"href":"https:\/\/bazz.ca\/ca_FR\/wp-json\/wp\/v2\/comments?post=6645"}],"wp:featuredmedia":[{"embeddable":true,"href":"https:\/\/bazz.ca\/ca_FR\/wp-json\/wp\/v2\/media\/2664"}],"wp:attachment":[{"href":"https:\/\/bazz.ca\/ca_FR\/wp-json\/wp\/v2\/media?parent=6645"}],"wp:term":[{"taxonomy":"product_brand","embeddable":true,"href":"https:\/\/bazz.ca\/ca_FR\/wp-json\/wp\/v2\/product_brand?post=6645"},{"taxonomy":"product_cat","embeddable":true,"href":"https:\/\/bazz.ca\/ca_FR\/wp-json\/wp\/v2\/product_cat?post=6645"},{"taxonomy":"product_tag","embeddable":true,"href":"https:\/\/bazz.ca\/ca_FR\/wp-json\/wp\/v2\/product_tag?post=6645"}],"curies":[{"name":"wp","href":"https:\/\/api.w.org\/{rel}","templated":true}]}}