{"id":6636,"date":"2024-07-29T18:45:02","date_gmt":"2024-07-29T18:45:02","guid":{"rendered":"https:\/\/bazz.ca\/product\/bazz-luminaire-encastre-led-integre\/"},"modified":"2025-03-21T20:24:00","modified_gmt":"2025-03-21T20:24:00","slug":"bazz-luminaire-encastre-led-integre","status":"publish","type":"product","link":"https:\/\/bazz.ca\/ca_FR\/produit\/bazz-luminaire-encastre-led-integre\/","title":{"rendered":"BAZZ Luminaire encastr\u00e9 LED int\u00e9gr\u00e9"},"content":{"rendered":"<p>BAZZ Luminaire encastr\u00e9 \u00e0 DEL int\u00e9gr\u00e9 750 Lumens. Luminaire encastr\u00e9 \u00e0 LED int\u00e9gr\u00e9 et gradable (compatible avec la plupart des gradateurs).Plafond isol\u00e9 pour un contact direct avec l&#8217;isolation.Pour toutes les applications int\u00e9rieures et ext\u00e9rieures.Convient aux endroits humides. 750 Lumens. Couleur d&#8217;\u00e9clairage ajustable avec un interrupteur \u00e0 l&#8217;int\u00e9rieur de la bo\u00eete de jonction ou un interrupteur mural (2700K \/ 3000K \/ 4000K \/ 5000K).<\/p>\n<ul>\n<li>Plafond isol\u00e9 con\u00e7u pour un contact direct avec l&#8217;isolant<\/li>\n<li>Pour usage int\u00e9rieur et ext\u00e9rieur (soffite)<\/li>\n<li>Convient aux endroits humides<\/li>\n<li>Herm\u00e9tique<\/li>\n<li>Luminaire compact et flexible con\u00e7u pour un d\u00e9gagement au plafond de 1 \u00bc&#8221; (32 mm) et plus.<\/li>\n<li>750 Lumens<\/li>\n<li>Couleur d&#8217;\u00e9clairage r\u00e9glable avec interrupteur \u00e0 l&#8217;int\u00e9rieur de la bo\u00eete de jonction ou interrupteur mural (2700K \/ 3000K \/ 4000K \/ 5000K).<\/li>\n<\/ul>\n<div id=\"awebChromeHelper\" data-version=\"1.24.3\"><\/div>\n","protected":false},"excerpt":{"rendered":"<p>BAZZ Luminaire encastr\u00e9 LED int\u00e9gr\u00e9 750 Lumens.<\/p>\n<div id=\"awebChromeHelper\" data-version=\"1.24.3\"><\/div>\n","protected":false},"featured_media":8285,"comment_status":"open","ping_status":"closed","template":"","meta":{"_acf_changed":false},"product_brand":[],"product_cat":[486,365],"product_tag":[],"class_list":{"0":"post-6636","1":"product","2":"type-product","3":"status-publish","4":"has-post-thumbnail","6":"product_cat-cct-ca_fr","7":"product_cat-luminaires-encastres-ca_fr","9":"first","10":"outofstock","11":"taxable","12":"shipping-taxable","13":"purchasable","14":"product-type-variable"},"acf":[],"_links":{"self":[{"href":"https:\/\/bazz.ca\/ca_FR\/wp-json\/wp\/v2\/product\/6636","targetHints":{"allow":["GET"]}}],"collection":[{"href":"https:\/\/bazz.ca\/ca_FR\/wp-json\/wp\/v2\/product"}],"about":[{"href":"https:\/\/bazz.ca\/ca_FR\/wp-json\/wp\/v2\/types\/product"}],"replies":[{"embeddable":true,"href":"https:\/\/bazz.ca\/ca_FR\/wp-json\/wp\/v2\/comments?post=6636"}],"wp:featuredmedia":[{"embeddable":true,"href":"https:\/\/bazz.ca\/ca_FR\/wp-json\/wp\/v2\/media\/8285"}],"wp:attachment":[{"href":"https:\/\/bazz.ca\/ca_FR\/wp-json\/wp\/v2\/media?parent=6636"}],"wp:term":[{"taxonomy":"product_brand","embeddable":true,"href":"https:\/\/bazz.ca\/ca_FR\/wp-json\/wp\/v2\/product_brand?post=6636"},{"taxonomy":"product_cat","embeddable":true,"href":"https:\/\/bazz.ca\/ca_FR\/wp-json\/wp\/v2\/product_cat?post=6636"},{"taxonomy":"product_tag","embeddable":true,"href":"https:\/\/bazz.ca\/ca_FR\/wp-json\/wp\/v2\/product_tag?post=6636"}],"curies":[{"name":"wp","href":"https:\/\/api.w.org\/{rel}","templated":true}]}}