{"id":6628,"date":"2024-03-15T20:28:59","date_gmt":"2024-03-15T20:28:59","guid":{"rendered":"https:\/\/bazz.ca\/product\/bazz-suspension-simple-en-acier-brosse\/"},"modified":"2025-03-18T18:47:29","modified_gmt":"2025-03-18T18:47:29","slug":"bazz-suspension-simple-en-acier-brosse","status":"publish","type":"product","link":"https:\/\/bazz.ca\/ca_FR\/produit\/bazz-suspension-simple-en-acier-brosse\/","title":{"rendered":"BAZZ Suspension simple en acier bross\u00e9"},"content":{"rendered":"<p>Ce pendentif remarquable de BAZZ offrira un accent unique et ind\u00e9l\u00e9bile \u00e0 votre maison. Dot\u00e9e d&#8217;un abat-jour en acier avec un rev\u00eatement en verre d\u00e9poli mesurant 13,75 pouces et r\u00e9glable en hauteur jusqu&#8217;\u00e0 47 pouces, cette pi\u00e8ce est \u00e0 la fois singuli\u00e8re dans son style et flexible dans son application. L&#8217;ampoule LED A19 de 10 W incluse a une puissance de 800 lumens, une temp\u00e9rature de couleur de 2700 K et une dur\u00e9e de vie de 30000 heures. Vous pouvez donc \u00eatre s\u00fbr que ce luminaire suspendu sera un \u00e9l\u00e9ment de votre maison pour les ann\u00e9es \u00e0 venir. <\/p>\n<ul>\n<li>Ampoule A19 10 W incluse (800 lumens)<\/li>\n<li>Temp\u00e9rature de couleur 2700K<\/li>\n<li>Dur\u00e9e de vie de l&#8217;ampoule de 30000 heures<\/li>\n<li>Gradable &#8211; gradation sans scintillement<\/li>\n<li>Dimensions de l&#8217;abat-jour : 13,75 L x 6,25 H po.<\/li>\n<li>Hauteur r\u00e9glable jusqu&#8217;\u00e0 47,25 pouces.<\/li>\n<li>Mat\u00e9riel inclus<\/li>\n<\/ul>\n","protected":false},"excerpt":{"rendered":"<p>Ce pendentif remarquable de BAZZ offrira un accent unique et ind\u00e9l\u00e9bile \u00e0 votre maison.<\/p>\n","protected":false},"featured_media":8685,"comment_status":"open","ping_status":"closed","template":"","meta":{"_acf_changed":false},"product_brand":[],"product_cat":[466,442],"product_tag":[],"class_list":{"0":"post-6628","1":"product","2":"type-product","3":"status-publish","4":"has-post-thumbnail","6":"product_cat-petites-suspensions-ca_fr","7":"product_cat-suspensions-ca_fr","9":"first","10":"outofstock","11":"taxable","12":"shipping-taxable","13":"purchasable","14":"product-type-simple"},"acf":[],"_links":{"self":[{"href":"https:\/\/bazz.ca\/ca_FR\/wp-json\/wp\/v2\/product\/6628","targetHints":{"allow":["GET"]}}],"collection":[{"href":"https:\/\/bazz.ca\/ca_FR\/wp-json\/wp\/v2\/product"}],"about":[{"href":"https:\/\/bazz.ca\/ca_FR\/wp-json\/wp\/v2\/types\/product"}],"replies":[{"embeddable":true,"href":"https:\/\/bazz.ca\/ca_FR\/wp-json\/wp\/v2\/comments?post=6628"}],"wp:featuredmedia":[{"embeddable":true,"href":"https:\/\/bazz.ca\/ca_FR\/wp-json\/wp\/v2\/media\/8685"}],"wp:attachment":[{"href":"https:\/\/bazz.ca\/ca_FR\/wp-json\/wp\/v2\/media?parent=6628"}],"wp:term":[{"taxonomy":"product_brand","embeddable":true,"href":"https:\/\/bazz.ca\/ca_FR\/wp-json\/wp\/v2\/product_brand?post=6628"},{"taxonomy":"product_cat","embeddable":true,"href":"https:\/\/bazz.ca\/ca_FR\/wp-json\/wp\/v2\/product_cat?post=6628"},{"taxonomy":"product_tag","embeddable":true,"href":"https:\/\/bazz.ca\/ca_FR\/wp-json\/wp\/v2\/product_tag?post=6628"}],"curies":[{"name":"wp","href":"https:\/\/api.w.org\/{rel}","templated":true}]}}