{"id":6625,"date":"2024-03-15T20:28:59","date_gmt":"2024-03-15T20:28:59","guid":{"rendered":"https:\/\/bazz.ca\/product\/bazz-zaza-luminaire-suspendu-simple-noir-mat-9w-a-intensite-variable-800-lumens-3000k-80cri\/"},"modified":"2025-03-18T18:48:14","modified_gmt":"2025-03-18T18:48:14","slug":"bazz-zaza-luminaire-suspendu-simple-noir-mat-9w-a-intensite-variable-800-lumens-3000k-80cri","status":"publish","type":"product","link":"https:\/\/bazz.ca\/ca_FR\/produit\/bazz-zaza-luminaire-suspendu-simple-noir-mat-9w-a-intensite-variable-800-lumens-3000k-80cri\/","title":{"rendered":"BAZZ ZAZA Luminaire suspendu simple noir mat 9W \u00e0 intensit\u00e9 variable 800 lumens 3000k 80+CRI"},"content":{"rendered":"<p>Cette superbe suspension de BAZZ est vraiment unique en son genre. Son design moderne et \u00e9l\u00e9gant donnera un accent in\u00e9gal\u00e9 \u00e0 n&#8217;importe quelle pi\u00e8ce de votre maison. La lumi\u00e8re LED int\u00e9gr\u00e9e offre 800 lumens d&#8217;\u00e9clairage afin que vous puissiez \u00eatre s\u00fbr que votre espace sera baign\u00e9 de chaleur et lumi\u00e8re confortable. Avec une installation facile et une dur\u00e9e de vie de 30000 heures, vous pouvez \u00eatre s\u00fbr que ce luminaire suspendu fera partie int\u00e9grante de votre maison pour les ann\u00e9es \u00e0 venir. <\/p>\n<ul>\n<li>Faible consommation d&#8217;\u00e9nergie<\/li>\n<li>Ampoule incluse<\/li>\n<li>Dur\u00e9e de vie de 30000 heures<\/li>\n<li>Gradable &#8211; gradation sans scintillement<\/li>\n<li>Moderne<\/li>\n<li>Temp\u00e9rature de couleur : 3000 K<\/li>\n<li>Contemporain<\/li>\n<li>Pas r\u00e9sistant \u00e0 l&#8217;eau<\/li>\n<\/ul>\n","protected":false},"excerpt":{"rendered":"<p>Cette superbe suspension de BAZZ est vraiment unique en son genre.<\/p>\n","protected":false},"featured_media":8821,"comment_status":"open","ping_status":"closed","template":"","meta":{"_acf_changed":false},"product_brand":[],"product_cat":[466,442],"product_tag":[],"class_list":{"0":"post-6625","1":"product","2":"type-product","3":"status-publish","4":"has-post-thumbnail","6":"product_cat-petites-suspensions-ca_fr","7":"product_cat-suspensions-ca_fr","9":"first","10":"outofstock","11":"taxable","12":"shipping-taxable","13":"purchasable","14":"product-type-simple"},"acf":[],"_links":{"self":[{"href":"https:\/\/bazz.ca\/ca_FR\/wp-json\/wp\/v2\/product\/6625","targetHints":{"allow":["GET"]}}],"collection":[{"href":"https:\/\/bazz.ca\/ca_FR\/wp-json\/wp\/v2\/product"}],"about":[{"href":"https:\/\/bazz.ca\/ca_FR\/wp-json\/wp\/v2\/types\/product"}],"replies":[{"embeddable":true,"href":"https:\/\/bazz.ca\/ca_FR\/wp-json\/wp\/v2\/comments?post=6625"}],"wp:featuredmedia":[{"embeddable":true,"href":"https:\/\/bazz.ca\/ca_FR\/wp-json\/wp\/v2\/media\/8821"}],"wp:attachment":[{"href":"https:\/\/bazz.ca\/ca_FR\/wp-json\/wp\/v2\/media?parent=6625"}],"wp:term":[{"taxonomy":"product_brand","embeddable":true,"href":"https:\/\/bazz.ca\/ca_FR\/wp-json\/wp\/v2\/product_brand?post=6625"},{"taxonomy":"product_cat","embeddable":true,"href":"https:\/\/bazz.ca\/ca_FR\/wp-json\/wp\/v2\/product_cat?post=6625"},{"taxonomy":"product_tag","embeddable":true,"href":"https:\/\/bazz.ca\/ca_FR\/wp-json\/wp\/v2\/product_tag?post=6625"}],"curies":[{"name":"wp","href":"https:\/\/api.w.org\/{rel}","templated":true}]}}