{"id":6616,"date":"2024-03-15T20:28:59","date_gmt":"2024-03-15T20:28:59","guid":{"rendered":"https:\/\/bazz.ca\/product\/bazz-dante-luminaire-suspendu-simple-noir-mat-26w-a-intensite-variable-2200-lumens-5000k-80cri\/"},"modified":"2025-03-24T15:04:58","modified_gmt":"2025-03-24T15:04:58","slug":"bazz-dante-luminaire-suspendu-simple-noir-mat-26w-a-intensite-variable-2200-lumens-5000k-80cri","status":"publish","type":"product","link":"https:\/\/bazz.ca\/ca_FR\/produit\/bazz-dante-luminaire-suspendu-simple-noir-mat-26w-a-intensite-variable-2200-lumens-5000k-80cri\/","title":{"rendered":"BAZZ DANTE Luminaire suspendu simple noir mat 26W \u00e0 intensit\u00e9 variable 2200 lumens 5000k 80+CRI"},"content":{"rendered":"<p>Cet \u00e9l\u00e9gant luminaire suspendu simple de Bazz donnera \u00e0 votre pi\u00e8ce pr\u00e9f\u00e9r\u00e9e un accent remarquable. Avec une dur\u00e9e de vie de l&#8217;ampoule de 30000 heures et un design impeccable, ce luminaire est parfait pour la d\u00e9coration d&#8217;\u00e9clairage domestique et commercial. La conception \u00e0 intensit\u00e9 variable vous permet de r\u00e9gler facilement la luminosit\u00e9. La source lumineuse LED 26W est incluse.<\/p>\n<ul>\n<li>Faible consommation d&#8217;\u00e9nergie<\/li>\n<li>Ampoule incluse<\/li>\n<li>Dur\u00e9e de vie de 30000 heures<\/li>\n<li>Gradable &#8211; gradation sans scintillement<\/li>\n<li>Moderne<\/li>\n<li>Temp\u00e9rature de couleur : 2200 K (blanc doux)<\/li>\n<li>Contemporain<\/li>\n<li>Pas r\u00e9sistant \u00e0 l&#8217;eau<\/li>\n<\/ul>\n<div id=\"awebChromeHelper\" data-version=\"1.24.3\"><\/div>\n","protected":false},"excerpt":{"rendered":"<p>Cet \u00e9l\u00e9gant luminaire suspendu simple de Bazz donnera \u00e0 votre pi\u00e8ce pr\u00e9f\u00e9r\u00e9e un accent remarquable.<\/p>\n<div id=\"awebChromeHelper\" data-version=\"1.24.3\"><\/div>\n","protected":false},"featured_media":8725,"comment_status":"open","ping_status":"closed","template":"","meta":{"_acf_changed":false},"product_brand":[],"product_cat":[442,454],"product_tag":[],"class_list":{"0":"post-6616","1":"product","2":"type-product","3":"status-publish","4":"has-post-thumbnail","6":"product_cat-suspensions-ca_fr","7":"product_cat-suspensions-lineaires-ca_fr","9":"first","10":"outofstock","11":"taxable","12":"shipping-taxable","13":"purchasable","14":"product-type-simple"},"acf":[],"_links":{"self":[{"href":"https:\/\/bazz.ca\/ca_FR\/wp-json\/wp\/v2\/product\/6616","targetHints":{"allow":["GET"]}}],"collection":[{"href":"https:\/\/bazz.ca\/ca_FR\/wp-json\/wp\/v2\/product"}],"about":[{"href":"https:\/\/bazz.ca\/ca_FR\/wp-json\/wp\/v2\/types\/product"}],"replies":[{"embeddable":true,"href":"https:\/\/bazz.ca\/ca_FR\/wp-json\/wp\/v2\/comments?post=6616"}],"wp:featuredmedia":[{"embeddable":true,"href":"https:\/\/bazz.ca\/ca_FR\/wp-json\/wp\/v2\/media\/8725"}],"wp:attachment":[{"href":"https:\/\/bazz.ca\/ca_FR\/wp-json\/wp\/v2\/media?parent=6616"}],"wp:term":[{"taxonomy":"product_brand","embeddable":true,"href":"https:\/\/bazz.ca\/ca_FR\/wp-json\/wp\/v2\/product_brand?post=6616"},{"taxonomy":"product_cat","embeddable":true,"href":"https:\/\/bazz.ca\/ca_FR\/wp-json\/wp\/v2\/product_cat?post=6616"},{"taxonomy":"product_tag","embeddable":true,"href":"https:\/\/bazz.ca\/ca_FR\/wp-json\/wp\/v2\/product_tag?post=6616"}],"curies":[{"name":"wp","href":"https:\/\/api.w.org\/{rel}","templated":true}]}}