{"id":6613,"date":"2024-03-15T20:28:58","date_gmt":"2024-03-15T20:28:58","guid":{"rendered":"https:\/\/bazz.ca\/product\/bazz-bande-lumineuse-led-blanche-pour-dessous-darmoire-paquet-de-4\/"},"modified":"2025-03-24T14:09:33","modified_gmt":"2025-03-24T14:09:33","slug":"bazz-bande-lumineuse-led-blanche-pour-dessous-darmoire-paquet-de-4","status":"publish","type":"product","link":"https:\/\/bazz.ca\/ca_FR\/produit\/bazz-bande-lumineuse-led-blanche-pour-dessous-darmoire-paquet-de-4\/","title":{"rendered":"BAZZ Bande lumineuse LED blanche pour dessous d&#8217;armoire (paquet de 4)"},"content":{"rendered":"<p>Dot\u00e9 d&#8217;un style subtil et d&#8217;une utilit\u00e9 ultime, ce paquet de 4 bandes lumineuses LED int\u00e9gr\u00e9es de BAZZ est la solution parfaite pour tout besoin d&#8217;\u00e9clairage. Flexibles, d\u00e9coupables et connectables, vous pouvez utiliser ces bandes lumineuses pour presque toutes les applications que vous pouvez imaginer. Ils peuvent \u00e9galement \u00eatre branch\u00e9s ou directement c\u00e2bl\u00e9s \u00e0 l&#8217;aide de la bo\u00eete de jonction BAZZ. Avec une dur\u00e9e de vie de 30 000 heures, vous pouvez \u00eatre s\u00fbr que ces bandes lumineuses feront partie de votre solution d&#8217;\u00e9clairage pour les ann\u00e9es \u00e0 venir.<\/p>\n<ul>\n<li>Comprend 4 bandes LED int\u00e9gr\u00e9es de 1 watt 10 pouces (87 lumens). Dur\u00e9e de vie de l&#8217;ampoule de 30000 heures<\/li>\n<li>Installation sur surfaces adh\u00e9sives<\/li>\n<li>Connectable jusqu&#8217;\u00e0 8 unit\u00e9s<\/li>\n<li>Temp\u00e9rature de couleur : 3000 K (blanc doux)<\/li>\n<li>Homologu\u00e9 UL et CSA<\/li>\n<li>Brancher<\/li>\n<li>Dimensions : cordon d&#8217;alimentation \u00e0 bande de 10 pouces avec interrupteur cordon de connexion de 4 pouces cordon de connexion de 38 3\/8 pouces r\u00e9partiteur de 17 3\/4 pouces.<\/li>\n<li>R\u00e9sistant \u00e0 l&#8217;eau<\/li>\n<\/ul>\n","protected":false},"excerpt":{"rendered":"<p>Dot\u00e9 d&#8217;un style subtil et d&#8217;une utilit\u00e9 ultime, ce paquet de 4 bandes lumineuses LED int\u00e9gr\u00e9es de BAZZ est la solution parfaite pour tout besoin d&#8217;\u00e9clairage.<\/p>\n","protected":false},"featured_media":9361,"comment_status":"open","ping_status":"closed","template":"","meta":{"_acf_changed":false},"product_brand":[],"product_cat":[494,490],"product_tag":[],"class_list":{"0":"post-6613","1":"product","2":"type-product","3":"status-publish","4":"has-post-thumbnail","6":"product_cat-bandes-lumineuses-a-del-ca_fr","7":"product_cat-specialites-ca_fr","9":"first","10":"outofstock","11":"taxable","12":"shipping-taxable","13":"purchasable","14":"product-type-simple"},"acf":[],"_links":{"self":[{"href":"https:\/\/bazz.ca\/ca_FR\/wp-json\/wp\/v2\/product\/6613","targetHints":{"allow":["GET"]}}],"collection":[{"href":"https:\/\/bazz.ca\/ca_FR\/wp-json\/wp\/v2\/product"}],"about":[{"href":"https:\/\/bazz.ca\/ca_FR\/wp-json\/wp\/v2\/types\/product"}],"replies":[{"embeddable":true,"href":"https:\/\/bazz.ca\/ca_FR\/wp-json\/wp\/v2\/comments?post=6613"}],"wp:featuredmedia":[{"embeddable":true,"href":"https:\/\/bazz.ca\/ca_FR\/wp-json\/wp\/v2\/media\/9361"}],"wp:attachment":[{"href":"https:\/\/bazz.ca\/ca_FR\/wp-json\/wp\/v2\/media?parent=6613"}],"wp:term":[{"taxonomy":"product_brand","embeddable":true,"href":"https:\/\/bazz.ca\/ca_FR\/wp-json\/wp\/v2\/product_brand?post=6613"},{"taxonomy":"product_cat","embeddable":true,"href":"https:\/\/bazz.ca\/ca_FR\/wp-json\/wp\/v2\/product_cat?post=6613"},{"taxonomy":"product_tag","embeddable":true,"href":"https:\/\/bazz.ca\/ca_FR\/wp-json\/wp\/v2\/product_tag?post=6613"}],"curies":[{"name":"wp","href":"https:\/\/api.w.org\/{rel}","templated":true}]}}