{"id":6610,"date":"2024-03-15T20:28:58","date_gmt":"2024-03-15T20:28:58","guid":{"rendered":"https:\/\/bazz.ca\/product\/luminaire-encastre-a-del-integre-bazz-stak-de-4-po-fini-blanc-mat-paquet-de-4\/"},"modified":"2025-03-18T18:43:30","modified_gmt":"2025-03-18T18:43:30","slug":"luminaire-encastre-a-del-integre-bazz-stak-de-4-po-fini-blanc-mat-paquet-de-4","status":"publish","type":"product","link":"https:\/\/bazz.ca\/ca_FR\/produit\/luminaire-encastre-a-del-integre-bazz-stak-de-4-po-fini-blanc-mat-paquet-de-4\/","title":{"rendered":"Luminaire encastr\u00e9 \u00e0 DEL int\u00e9gr\u00e9 BAZZ Stak de 4 po &#8211; Fini blanc mat (paquet de 4)"},"content":{"rendered":"<p>Le kit d&#8217;\u00e9clairage LED encastr\u00e9 de BAZZ est la solution d&#8217;\u00e9clairage id\u00e9ale pour tout projet. Parfaits pour n&#8217;importe quelle pi\u00e8ce de votre maison, ces luminaires encastr\u00e9s comprennent des LED int\u00e9gr\u00e9es qui offrent le m\u00eame rendement lumineux qu&#8217;une ampoule halog\u00e8ne de 50 W (600 lumens) et sont enti\u00e8rement dimmables avec une temp\u00e9rature de couleur de 3000 K (blanc doux). Parfaits pour une r\u00e9novation ou nouvelle construction, utilisation en int\u00e9rieur et en ext\u00e9rieur et avec une dur\u00e9e de vie de 25000 heures, ces luminaires LED encastr\u00e9s apporteront \u00e0 votre maison le m\u00e9lange parfait de style et de fonctionnalit\u00e9 pour les ann\u00e9es \u00e0 venir. <\/p>\n<ul>\n<li>LED int\u00e9gr\u00e9e de 10 W avec une dur\u00e9e de vie de 25000 heures et 600 lumens par unit\u00e9 (m\u00eame puissance qu&#8217;une ampoule halog\u00e8ne de 60 W)<\/li>\n<li>Temp\u00e9rature de couleur 3000K (blanc doux)<\/li>\n<li>Int\u00e9rieur\/ext\u00e9rieur (class\u00e9 pour les endroits humides)<\/li>\n<li>Certifi\u00e9 Energy Star<\/li>\n<li>Pour les nouvelles constructions, la r\u00e9novation et les plafonds isol\u00e9s<\/li>\n<li>Temp\u00e9rature de couleur : 3000 K (blanc doux)<\/li>\n<li>Syst\u00e8me de connexion rapide pour une installation infaillible<\/li>\n<li>Diam\u00e8tre de la garniture 4,75 pouces, diam\u00e8tre du trou 4,25 pouces<\/li>\n<\/ul>\n","protected":false},"excerpt":{"rendered":"<p>Le kit d&#8217;\u00e9clairage LED encastr\u00e9 de BAZZ est la solution d&#8217;\u00e9clairage id\u00e9ale pour tout projet.<\/p>\n","protected":false},"featured_media":8465,"comment_status":"open","ping_status":"closed","template":"","meta":{"_acf_changed":false},"product_brand":[],"product_cat":[474,365],"product_tag":[],"class_list":{"0":"post-6610","1":"product","2":"type-product","3":"status-publish","4":"has-post-thumbnail","6":"product_cat-3000k-ca_fr","7":"product_cat-luminaires-encastres-ca_fr","9":"first","10":"outofstock","11":"taxable","12":"shipping-taxable","13":"purchasable","14":"product-type-simple"},"acf":[],"_links":{"self":[{"href":"https:\/\/bazz.ca\/ca_FR\/wp-json\/wp\/v2\/product\/6610","targetHints":{"allow":["GET"]}}],"collection":[{"href":"https:\/\/bazz.ca\/ca_FR\/wp-json\/wp\/v2\/product"}],"about":[{"href":"https:\/\/bazz.ca\/ca_FR\/wp-json\/wp\/v2\/types\/product"}],"replies":[{"embeddable":true,"href":"https:\/\/bazz.ca\/ca_FR\/wp-json\/wp\/v2\/comments?post=6610"}],"wp:featuredmedia":[{"embeddable":true,"href":"https:\/\/bazz.ca\/ca_FR\/wp-json\/wp\/v2\/media\/8465"}],"wp:attachment":[{"href":"https:\/\/bazz.ca\/ca_FR\/wp-json\/wp\/v2\/media?parent=6610"}],"wp:term":[{"taxonomy":"product_brand","embeddable":true,"href":"https:\/\/bazz.ca\/ca_FR\/wp-json\/wp\/v2\/product_brand?post=6610"},{"taxonomy":"product_cat","embeddable":true,"href":"https:\/\/bazz.ca\/ca_FR\/wp-json\/wp\/v2\/product_cat?post=6610"},{"taxonomy":"product_tag","embeddable":true,"href":"https:\/\/bazz.ca\/ca_FR\/wp-json\/wp\/v2\/product_tag?post=6610"}],"curies":[{"name":"wp","href":"https:\/\/api.w.org\/{rel}","templated":true}]}}