{"id":6605,"date":"2024-03-15T20:28:58","date_gmt":"2024-03-15T20:28:58","guid":{"rendered":"https:\/\/bazz.ca\/product\/ruban-lumineux-led-rgb-bazz-paquet-de-4\/"},"modified":"2025-03-18T18:44:46","modified_gmt":"2025-03-18T18:44:46","slug":"ruban-lumineux-led-rgb-bazz-paquet-de-4","status":"publish","type":"product","link":"https:\/\/bazz.ca\/ca_FR\/produit\/ruban-lumineux-led-rgb-bazz-paquet-de-4\/","title":{"rendered":"Ruban lumineux LED RGB BAZZ (paquet de 4)"},"content":{"rendered":"<p>Le kit de bandes lumineuses BAZZ LED RGB sera un ajout amusant et flexible \u00e0 votre solution d&#8217;\u00e9clairage domestique. Dot\u00e9es de quatre bandes de 10 pouces \u00e0 intensit\u00e9 variable et d&#8217;une vari\u00e9t\u00e9 d&#8217;options de couleurs, ces bandes lumineuses offrent une variation infinie. Ils peuvent \u00eatre reli\u00e9s jusqu&#8217;\u00e0 8 unit\u00e9s et des c\u00e2bles de prise et de connecteur sont inclus. <\/p>\n<ul>\n<li>Comprend 4 bandes LED RGB int\u00e9gr\u00e9es de 2 watts de 10 pouces (400 lumens). Temp\u00e9rature de couleur de 3000K. Dur\u00e9e de vie de l&#8217;ampoule de 30000 heures.<\/li>\n<li>Couleur et luminosit\u00e9 r\u00e9glables avec t\u00e9l\u00e9commande incluse.<\/li>\n<li>Installation sur surfaces adh\u00e9sives<\/li>\n<li>Connectable jusqu&#8217;\u00e0 8 unit\u00e9s<\/li>\n<li>R\u00e9sistant \u00e0 l&#8217;eau<\/li>\n<li>Homologu\u00e9 UL et CSA<\/li>\n<li>Brancher<\/li>\n<li>Dimensions : 24 po. bande 81 po. cordon d&#8217;alimentation 4 cordons de liaison de 13 po. Jonctions de 90\u00b0 1 commande IR avec t\u00e9l\u00e9commande<\/li>\n<\/ul>\n","protected":false},"excerpt":{"rendered":"<p>Le kit de bandes lumineuses BAZZ LED RGB sera un ajout amusant et flexible \u00e0 votre solution d&#8217;\u00e9clairage domestique.<\/p>\n","protected":false},"featured_media":9413,"comment_status":"open","ping_status":"closed","template":"","meta":{"_acf_changed":false},"product_brand":[],"product_cat":[494,490],"product_tag":[],"class_list":{"0":"post-6605","1":"product","2":"type-product","3":"status-publish","4":"has-post-thumbnail","6":"product_cat-bandes-lumineuses-a-del-ca_fr","7":"product_cat-specialites-ca_fr","9":"first","10":"outofstock","11":"taxable","12":"shipping-taxable","13":"purchasable","14":"product-type-simple"},"acf":[],"_links":{"self":[{"href":"https:\/\/bazz.ca\/ca_FR\/wp-json\/wp\/v2\/product\/6605","targetHints":{"allow":["GET"]}}],"collection":[{"href":"https:\/\/bazz.ca\/ca_FR\/wp-json\/wp\/v2\/product"}],"about":[{"href":"https:\/\/bazz.ca\/ca_FR\/wp-json\/wp\/v2\/types\/product"}],"replies":[{"embeddable":true,"href":"https:\/\/bazz.ca\/ca_FR\/wp-json\/wp\/v2\/comments?post=6605"}],"wp:featuredmedia":[{"embeddable":true,"href":"https:\/\/bazz.ca\/ca_FR\/wp-json\/wp\/v2\/media\/9413"}],"wp:attachment":[{"href":"https:\/\/bazz.ca\/ca_FR\/wp-json\/wp\/v2\/media?parent=6605"}],"wp:term":[{"taxonomy":"product_brand","embeddable":true,"href":"https:\/\/bazz.ca\/ca_FR\/wp-json\/wp\/v2\/product_brand?post=6605"},{"taxonomy":"product_cat","embeddable":true,"href":"https:\/\/bazz.ca\/ca_FR\/wp-json\/wp\/v2\/product_cat?post=6605"},{"taxonomy":"product_tag","embeddable":true,"href":"https:\/\/bazz.ca\/ca_FR\/wp-json\/wp\/v2\/product_tag?post=6605"}],"curies":[{"name":"wp","href":"https:\/\/api.w.org\/{rel}","templated":true}]}}