{"id":6602,"date":"2024-03-15T20:28:58","date_gmt":"2024-03-15T20:28:58","guid":{"rendered":"https:\/\/bazz.ca\/product\/luminaire-suspendu-chrome-a-4-branches-bazz-avec-abat-jour-en-verre-transparent\/"},"modified":"2025-03-18T18:45:31","modified_gmt":"2025-03-18T18:45:31","slug":"luminaire-suspendu-chrome-a-4-branches-bazz-avec-abat-jour-en-verre-transparent","status":"publish","type":"product","link":"https:\/\/bazz.ca\/ca_FR\/produit\/luminaire-suspendu-chrome-a-4-branches-bazz-avec-abat-jour-en-verre-transparent\/","title":{"rendered":"Luminaire suspendu chrom\u00e9 \u00e0 4 branches BAZZ avec abat-jour en verre transparent"},"content":{"rendered":"<p>Le remarquable luminaire suspendu Glam \u00e0 quatre branches de BAZZ transformera votre maison. Les pendentifs enti\u00e8rement r\u00e9glables comportent des perles de verre d\u00e9coratives \u00e0 l&#8217;int\u00e9rieur d&#8217;abat-jour cylindriques garantissant une exp\u00e9rience totalement unique. Les r\u00e9glages de hauteur peuvent \u00eatre effectu\u00e9s simplement en appuyant sur le bouton de la base et en tirant sur les fils. Enti\u00e8rement variable avec le mat\u00e9riel et quatre ampoules LED E12 longue dur\u00e9e incluses, vous pouvez \u00eatre s\u00fbr que ce luminaire suspendu sera un \u00e9l\u00e9ment incontournable de votre maison pour les ann\u00e9es \u00e0 venir. <\/p>\n<ul>\n<li>Comprend 4 ampoules LED E12 (1200 lumens)<\/li>\n<li>Dur\u00e9e de vie de l&#8217;ampoule de 30000 heures<\/li>\n<li>Gradable &#8211; gradation sans scintillement<\/li>\n<li>Longueur de suspension enti\u00e8rement r\u00e9glable.<\/li>\n<li>Mat\u00e9riel inclus<\/li>\n<li>Installation facile<\/li>\n<\/ul>\n","protected":false},"excerpt":{"rendered":"<p>Le remarquable luminaire suspendu Glam \u00e0 quatre branches de BAZZ transformera votre maison.<\/p>\n","protected":false},"featured_media":8613,"comment_status":"open","ping_status":"closed","template":"","meta":{"_acf_changed":false},"product_brand":[],"product_cat":[442,454],"product_tag":[],"class_list":{"0":"post-6602","1":"product","2":"type-product","3":"status-publish","4":"has-post-thumbnail","6":"product_cat-suspensions-ca_fr","7":"product_cat-suspensions-lineaires-ca_fr","9":"first","10":"outofstock","11":"taxable","12":"shipping-taxable","13":"purchasable","14":"product-type-simple"},"acf":[],"_links":{"self":[{"href":"https:\/\/bazz.ca\/ca_FR\/wp-json\/wp\/v2\/product\/6602","targetHints":{"allow":["GET"]}}],"collection":[{"href":"https:\/\/bazz.ca\/ca_FR\/wp-json\/wp\/v2\/product"}],"about":[{"href":"https:\/\/bazz.ca\/ca_FR\/wp-json\/wp\/v2\/types\/product"}],"replies":[{"embeddable":true,"href":"https:\/\/bazz.ca\/ca_FR\/wp-json\/wp\/v2\/comments?post=6602"}],"wp:featuredmedia":[{"embeddable":true,"href":"https:\/\/bazz.ca\/ca_FR\/wp-json\/wp\/v2\/media\/8613"}],"wp:attachment":[{"href":"https:\/\/bazz.ca\/ca_FR\/wp-json\/wp\/v2\/media?parent=6602"}],"wp:term":[{"taxonomy":"product_brand","embeddable":true,"href":"https:\/\/bazz.ca\/ca_FR\/wp-json\/wp\/v2\/product_brand?post=6602"},{"taxonomy":"product_cat","embeddable":true,"href":"https:\/\/bazz.ca\/ca_FR\/wp-json\/wp\/v2\/product_cat?post=6602"},{"taxonomy":"product_tag","embeddable":true,"href":"https:\/\/bazz.ca\/ca_FR\/wp-json\/wp\/v2\/product_tag?post=6602"}],"curies":[{"name":"wp","href":"https:\/\/api.w.org\/{rel}","templated":true}]}}