{"id":6586,"date":"2024-03-15T20:19:10","date_gmt":"2024-03-15T20:19:10","guid":{"rendered":"https:\/\/bazz.ca\/product\/bazz-luminaire-encastre-led-integre-a-5-tetes-a-intensite-variable-noir-10w-650-lumens-2700k\/"},"modified":"2025-03-21T20:10:39","modified_gmt":"2025-03-21T20:10:39","slug":"bazz-luminaire-encastre-led-integre-a-5-tetes-a-intensite-variable-noir-10w-650-lumens-2700k","status":"publish","type":"product","link":"https:\/\/bazz.ca\/ca_FR\/produit\/bazz-luminaire-encastre-led-integre-a-5-tetes-a-intensite-variable-noir-10w-650-lumens-2700k\/","title":{"rendered":"BAZZ Luminaire encastr\u00e9 LED int\u00e9gr\u00e9 \u00e0 5 t\u00eates, \u00e0 intensit\u00e9 variable, noir, 10W, 650 Lumens, 2700K"},"content":{"rendered":"<p>Luminaire encastr\u00e9 BAZZ 5 t\u00eates \u00e0 LED enti\u00e8rement int\u00e9gr\u00e9 et \u00e0 intensit\u00e9 variable (compatible avec la plupart des variateurs). Plafond isol\u00e9 con\u00e7u pour un contact direct avec l&#8217;isolant. Pour toutes applications int\u00e9rieures et ext\u00e9rieures. Convient aux endroits humides.<\/p>\n<ul>\n<li>LED int\u00e9gr\u00e9e de 10 watts (650 lumens)<\/li>\n<li>Temp\u00e9rature de couleur 2700 K (blanc chaud)<\/li>\n<li>Convient aux endroits humides<\/li>\n<li>Intensit\u00e9 variable (compatible avec la plupart des gradateurs)<\/li>\n<li>Plafond isol\u00e9 con\u00e7u pour un contact direct avec l&#8217;isolant<\/li>\n<li>Pour toutes les applications int\u00e9rieures<\/li>\n<\/ul>\n<div id=\"awebChromeHelper\" data-version=\"1.24.3\"><\/div>\n","protected":false},"excerpt":{"rendered":"<p>Luminaire encastr\u00e9 BAZZ 5 t\u00eates \u00e0 LED enti\u00e8rement int\u00e9gr\u00e9 et \u00e0 intensit\u00e9 variable (compatible avec la plupart des variateurs).<\/p>\n<div id=\"awebChromeHelper\" data-version=\"1.24.3\"><\/div>\n","protected":false},"featured_media":7957,"comment_status":"open","ping_status":"closed","template":"","meta":{"_acf_changed":false},"product_brand":[],"product_cat":[472,365],"product_tag":[],"class_list":{"0":"post-6586","1":"product","2":"type-product","3":"status-publish","4":"has-post-thumbnail","6":"product_cat-2700k-ca_fr","7":"product_cat-luminaires-encastres-ca_fr","9":"first","10":"outofstock","11":"taxable","12":"shipping-taxable","13":"purchasable","14":"product-type-simple"},"acf":[],"_links":{"self":[{"href":"https:\/\/bazz.ca\/ca_FR\/wp-json\/wp\/v2\/product\/6586","targetHints":{"allow":["GET"]}}],"collection":[{"href":"https:\/\/bazz.ca\/ca_FR\/wp-json\/wp\/v2\/product"}],"about":[{"href":"https:\/\/bazz.ca\/ca_FR\/wp-json\/wp\/v2\/types\/product"}],"replies":[{"embeddable":true,"href":"https:\/\/bazz.ca\/ca_FR\/wp-json\/wp\/v2\/comments?post=6586"}],"wp:featuredmedia":[{"embeddable":true,"href":"https:\/\/bazz.ca\/ca_FR\/wp-json\/wp\/v2\/media\/7957"}],"wp:attachment":[{"href":"https:\/\/bazz.ca\/ca_FR\/wp-json\/wp\/v2\/media?parent=6586"}],"wp:term":[{"taxonomy":"product_brand","embeddable":true,"href":"https:\/\/bazz.ca\/ca_FR\/wp-json\/wp\/v2\/product_brand?post=6586"},{"taxonomy":"product_cat","embeddable":true,"href":"https:\/\/bazz.ca\/ca_FR\/wp-json\/wp\/v2\/product_cat?post=6586"},{"taxonomy":"product_tag","embeddable":true,"href":"https:\/\/bazz.ca\/ca_FR\/wp-json\/wp\/v2\/product_tag?post=6586"}],"curies":[{"name":"wp","href":"https:\/\/api.w.org\/{rel}","templated":true}]}}