{"id":6583,"date":"2024-03-15T20:19:10","date_gmt":"2024-03-15T20:19:10","guid":{"rendered":"https:\/\/bazz.ca\/product\/bazz-disc-10-spots-rectangulaire-2x11-3000k\/"},"modified":"2025-03-18T18:40:14","modified_gmt":"2025-03-18T18:40:14","slug":"bazz-disc-10-spots-rectangulaire-2x11-3000k","status":"publish","type":"product","link":"https:\/\/bazz.ca\/ca_FR\/produit\/bazz-disc-10-spots-rectangulaire-2x11-3000k\/","title":{"rendered":"BAZZ DISC 10 Spots Rectangulaire 2&#8243;x11&#8243; &#8220;3000K"},"content":{"rendered":"<p>BAZZ DISC 10 spots rectangulaire 2&#8243; x 11&#8243; 3000K apporte de la lumi\u00e8re \u00e0 vos espaces int\u00e9rieurs avec l&#8217;encastr\u00e9 LED directionnel multi-spots. Il est facile \u00e0 installer et est livr\u00e9 avec une bo\u00eete de jonction et un pilote \u00e0 intensit\u00e9 variable pour am\u00e9liorer encore sa fonctionnalit\u00e9. <\/p>\n<ul>\n<li>10 spots rectangulaires<\/li>\n<li>LED int\u00e9gr\u00e9e 1440 lumens 3000K<\/li>\n<li>Dur\u00e9e de vie de 30000 heures<\/li>\n<li>Directionnel<\/li>\n<li>Temp\u00e9rature de couleur : 3000 K (blanc doux)<\/li>\n<li>Pour les nouvelles constructions, la r\u00e9novation et les plafonds isol\u00e9s<\/li>\n<li>Installation facile<\/li>\n<\/ul>\n","protected":false},"excerpt":{"rendered":"<p>BAZZ DISC 10 spots rectangulaire 2&#8243; x 11&#8243; 3000K apporte de la lumi\u00e8re \u00e0 vos espaces int\u00e9rieurs avec le LED encastrable directionnel multi-spots.<\/p>\n","protected":false},"featured_media":8041,"comment_status":"open","ping_status":"closed","template":"","meta":{"_acf_changed":false},"product_brand":[],"product_cat":[474,365],"product_tag":[],"class_list":{"0":"post-6583","1":"product","2":"type-product","3":"status-publish","4":"has-post-thumbnail","6":"product_cat-3000k-ca_fr","7":"product_cat-luminaires-encastres-ca_fr","9":"first","10":"outofstock","11":"taxable","12":"shipping-taxable","13":"purchasable","14":"product-type-simple"},"acf":[],"_links":{"self":[{"href":"https:\/\/bazz.ca\/ca_FR\/wp-json\/wp\/v2\/product\/6583","targetHints":{"allow":["GET"]}}],"collection":[{"href":"https:\/\/bazz.ca\/ca_FR\/wp-json\/wp\/v2\/product"}],"about":[{"href":"https:\/\/bazz.ca\/ca_FR\/wp-json\/wp\/v2\/types\/product"}],"replies":[{"embeddable":true,"href":"https:\/\/bazz.ca\/ca_FR\/wp-json\/wp\/v2\/comments?post=6583"}],"wp:featuredmedia":[{"embeddable":true,"href":"https:\/\/bazz.ca\/ca_FR\/wp-json\/wp\/v2\/media\/8041"}],"wp:attachment":[{"href":"https:\/\/bazz.ca\/ca_FR\/wp-json\/wp\/v2\/media?parent=6583"}],"wp:term":[{"taxonomy":"product_brand","embeddable":true,"href":"https:\/\/bazz.ca\/ca_FR\/wp-json\/wp\/v2\/product_brand?post=6583"},{"taxonomy":"product_cat","embeddable":true,"href":"https:\/\/bazz.ca\/ca_FR\/wp-json\/wp\/v2\/product_cat?post=6583"},{"taxonomy":"product_tag","embeddable":true,"href":"https:\/\/bazz.ca\/ca_FR\/wp-json\/wp\/v2\/product_tag?post=6583"}],"curies":[{"name":"wp","href":"https:\/\/api.w.org\/{rel}","templated":true}]}}