{"id":6580,"date":"2024-03-15T20:11:09","date_gmt":"2024-03-15T20:11:09","guid":{"rendered":"https:\/\/bazz.ca\/product\/bazz-studio-3000k-luminaire-a-cardan-encastre-a-led-integre-blanc-mat-pack-de-4\/"},"modified":"2025-03-21T20:03:24","modified_gmt":"2025-03-21T20:03:24","slug":"bazz-studio-3000k-luminaire-a-cardan-encastre-a-led-integre-blanc-mat-pack-de-4","status":"publish","type":"product","link":"https:\/\/bazz.ca\/ca_FR\/produit\/bazz-studio-3000k-luminaire-a-cardan-encastre-a-led-integre-blanc-mat-pack-de-4\/","title":{"rendered":"BAZZ Studio 3000K Luminaire \u00e0 cardan encastr\u00e9 \u00e0 LED int\u00e9gr\u00e9 &#8211; Blanc mat (PACK DE 4)"},"content":{"rendered":"<p>Le luminaire encastr\u00e9 \u00e0 LED \u00e0 cardan STUDIO 3000K de 4 pouces a une finition blanc mat qui compl\u00e8te n&#8217;importe quel d\u00e9cor et en fait une solution d&#8217;\u00e9clairage \u00e9l\u00e9gante pour n&#8217;importe quel espace. Il est enti\u00e8rement dimmable et directionnel, ce qui vous permet de concentrer la lumi\u00e8re exactement l\u00e0 o\u00f9 vous le souhaitez et de la personnaliser comme vous le souhaitez : \u00e9clairage g\u00e9n\u00e9ral, \u00e9clairage d&#8217;accentuation et \u00e9clairage mural. Ces luminaires encastr\u00e9s sont con\u00e7us pour une r\u00e9novation ou une nouvelle construction et sont tr\u00e8s faciles \u00e0 installer. Ils sont id\u00e9aux pour les applications de plafonds peu profonds avec un d\u00e9gagement de 3 pouces pour le pl\u00e9num.<\/p>\n<ul>\n<li>LED int\u00e9gr\u00e9e de 9 W avec une dur\u00e9e de vie de 35000 heures<\/li>\n<li>Blanc chaud 3000 K enti\u00e8rement dimmable<\/li>\n<li>Plafond isol\u00e9 con\u00e7u pour un contact direct avec l&#8217;isolant<\/li>\n<li>Int\u00e9rieur\/Ext\u00e9rieur Convient aux endroits humides<\/li>\n<li>Design \u00e9l\u00e9gant<\/li>\n<\/ul>\n","protected":false},"excerpt":{"rendered":"<p>Le luminaire encastr\u00e9 \u00e0 LED \u00e0 cardan STUDIO 3000K de 4 pouces a une finition blanc mat qui compl\u00e8te n&#8217;importe quel d\u00e9cor et en fait une solution d&#8217;\u00e9clairage \u00e9l\u00e9gante pour n&#8217;importe quel espace.<\/p>\n","protected":false},"featured_media":8593,"comment_status":"open","ping_status":"closed","template":"","meta":{"_acf_changed":false},"product_brand":[],"product_cat":[474,365],"product_tag":[],"class_list":{"0":"post-6580","1":"product","2":"type-product","3":"status-publish","4":"has-post-thumbnail","6":"product_cat-3000k-ca_fr","7":"product_cat-luminaires-encastres-ca_fr","9":"first","10":"outofstock","11":"taxable","12":"shipping-taxable","13":"purchasable","14":"product-type-simple"},"acf":[],"_links":{"self":[{"href":"https:\/\/bazz.ca\/ca_FR\/wp-json\/wp\/v2\/product\/6580","targetHints":{"allow":["GET"]}}],"collection":[{"href":"https:\/\/bazz.ca\/ca_FR\/wp-json\/wp\/v2\/product"}],"about":[{"href":"https:\/\/bazz.ca\/ca_FR\/wp-json\/wp\/v2\/types\/product"}],"replies":[{"embeddable":true,"href":"https:\/\/bazz.ca\/ca_FR\/wp-json\/wp\/v2\/comments?post=6580"}],"wp:featuredmedia":[{"embeddable":true,"href":"https:\/\/bazz.ca\/ca_FR\/wp-json\/wp\/v2\/media\/8593"}],"wp:attachment":[{"href":"https:\/\/bazz.ca\/ca_FR\/wp-json\/wp\/v2\/media?parent=6580"}],"wp:term":[{"taxonomy":"product_brand","embeddable":true,"href":"https:\/\/bazz.ca\/ca_FR\/wp-json\/wp\/v2\/product_brand?post=6580"},{"taxonomy":"product_cat","embeddable":true,"href":"https:\/\/bazz.ca\/ca_FR\/wp-json\/wp\/v2\/product_cat?post=6580"},{"taxonomy":"product_tag","embeddable":true,"href":"https:\/\/bazz.ca\/ca_FR\/wp-json\/wp\/v2\/product_tag?post=6580"}],"curies":[{"name":"wp","href":"https:\/\/api.w.org\/{rel}","templated":true}]}}