{"id":6577,"date":"2024-03-14T20:17:03","date_gmt":"2024-03-14T20:17:03","guid":{"rendered":"https:\/\/bazz.ca\/product\/bazz-disque-mince-6-po-kit-de-luminaires-encastres-a-led-integres-blanc-mat\/"},"modified":"2025-03-21T19:58:36","modified_gmt":"2025-03-21T19:58:36","slug":"bazz-disque-mince-6-po-kit-de-luminaires-encastres-a-led-integres-blanc-mat","status":"publish","type":"product","link":"https:\/\/bazz.ca\/ca_FR\/produit\/bazz-disque-mince-6-po-kit-de-luminaires-encastres-a-led-integres-blanc-mat\/","title":{"rendered":"BAZZ Slim Disk Tone 6 in. Kit de luminaires encastr\u00e9s \u00e0 LED int\u00e9gr\u00e9s blanc mat"},"content":{"rendered":"<p>Le kit d&#8217;\u00e9clairage LED encastr\u00e9 de BAZZ est la solution d&#8217;\u00e9clairage id\u00e9ale pour tout projet. Parfaits pour toutes les pi\u00e8ces de votre maison, ces luminaires encastr\u00e9s int\u00e8grent la technologie LED qui offre le m\u00eame rendement lumineux qu&#8217;une ampoule halog\u00e8ne de 75 W (750 lumens) et sont enti\u00e8rement gradables. La temp\u00e9rature de couleur peut \u00eatre r\u00e9gl\u00e9e de fa\u00e7on permanente \u00e0 l&#8217;aide d&#8217;un interrupteur situ\u00e9 sur le luminaire lui-m\u00eame ou ajust\u00e9e \u00e0 la vol\u00e9e \u00e0 l&#8217;aide d&#8217;un interrupteur mural standard. Parfaits pour les r\u00e9novations ou les nouvelles constructions et avec une dur\u00e9e de vie de 35 000 heures, ces luminaires encastr\u00e9s \u00e0 LED apporteront \u00e0 votre maison le m\u00e9lange parfait de style et de fonctionnalit\u00e9 pour les ann\u00e9es \u00e0 venir.  <\/p>\n<ul>\n<li>Int\u00e9rieur\/Ext\u00e9rieur<\/li>\n<li>LED int\u00e9gr\u00e9e de 12 watts (1000 lumens)<\/li>\n<li>Dur\u00e9e de vie de 35000 heures<\/li>\n<li>Gradable &#8211; gradation sans scintillement<\/li>\n<li>\u00c9nergie Star<\/li>\n<li>Temp\u00e9rature de couleur : 2700 K &#8211; 5000 K<\/li>\n<li>Pour les nouvelles constructions, la r\u00e9novation et les plafonds isol\u00e9s<\/li>\n<\/ul>\n<div id=\"awebChromeHelper\" data-version=\"1.24.3\"><\/div>\n","protected":false},"excerpt":{"rendered":"<p>Le kit d&#8217;\u00e9clairage LED encastr\u00e9 de BAZZ est la solution d&#8217;\u00e9clairage id\u00e9ale pour tout projet.<\/p>\n<div id=\"awebChromeHelper\" data-version=\"1.24.3\"><\/div>\n","protected":false},"featured_media":8501,"comment_status":"open","ping_status":"closed","template":"","meta":{"_acf_changed":false},"product_brand":[],"product_cat":[486,365],"product_tag":[],"class_list":{"0":"post-6577","1":"product","2":"type-product","3":"status-publish","4":"has-post-thumbnail","6":"product_cat-cct-ca_fr","7":"product_cat-luminaires-encastres-ca_fr","9":"first","10":"outofstock","11":"taxable","12":"shipping-taxable","13":"purchasable","14":"product-type-simple"},"acf":[],"_links":{"self":[{"href":"https:\/\/bazz.ca\/ca_FR\/wp-json\/wp\/v2\/product\/6577","targetHints":{"allow":["GET"]}}],"collection":[{"href":"https:\/\/bazz.ca\/ca_FR\/wp-json\/wp\/v2\/product"}],"about":[{"href":"https:\/\/bazz.ca\/ca_FR\/wp-json\/wp\/v2\/types\/product"}],"replies":[{"embeddable":true,"href":"https:\/\/bazz.ca\/ca_FR\/wp-json\/wp\/v2\/comments?post=6577"}],"wp:featuredmedia":[{"embeddable":true,"href":"https:\/\/bazz.ca\/ca_FR\/wp-json\/wp\/v2\/media\/8501"}],"wp:attachment":[{"href":"https:\/\/bazz.ca\/ca_FR\/wp-json\/wp\/v2\/media?parent=6577"}],"wp:term":[{"taxonomy":"product_brand","embeddable":true,"href":"https:\/\/bazz.ca\/ca_FR\/wp-json\/wp\/v2\/product_brand?post=6577"},{"taxonomy":"product_cat","embeddable":true,"href":"https:\/\/bazz.ca\/ca_FR\/wp-json\/wp\/v2\/product_cat?post=6577"},{"taxonomy":"product_tag","embeddable":true,"href":"https:\/\/bazz.ca\/ca_FR\/wp-json\/wp\/v2\/product_tag?post=6577"}],"curies":[{"name":"wp","href":"https:\/\/api.w.org\/{rel}","templated":true}]}}