{"id":6574,"date":"2024-03-14T20:17:03","date_gmt":"2024-03-14T20:17:03","guid":{"rendered":"https:\/\/bazz.ca\/product\/bazz-spot-a-intensite-variable-10-tetes-integrees-led-luminaire-encastre-noir-18w-1150-lumens-2700-k\/"},"modified":"2025-03-21T19:59:11","modified_gmt":"2025-03-21T19:59:11","slug":"bazz-spot-a-intensite-variable-10-tetes-integrees-led-luminaire-encastre-noir-18w-1150-lumens-2700-k","status":"publish","type":"product","link":"https:\/\/bazz.ca\/ca_FR\/produit\/bazz-spot-a-intensite-variable-10-tetes-integrees-led-luminaire-encastre-noir-18w-1150-lumens-2700-k\/","title":{"rendered":"BAZZ spot \u00e0 intensit\u00e9 variable 10 t\u00eates int\u00e9gr\u00e9es LED luminaire encastr\u00e9 noir 18W 1150 Lumens 2700 K"},"content":{"rendered":"<p>BAZZ spot \u00e0 intensit\u00e9 variable 10 t\u00eates est un luminaire encastr\u00e9 \u00e0 LED enti\u00e8rement int\u00e9gr\u00e9 et \u00e0 intensit\u00e9 variable (compatible avec la plupart des variateurs). Plafond isol\u00e9 con\u00e7u pour un contact direct avec l&#8217;isolant. Pour toutes applications int\u00e9rieures et ext\u00e9rieures. Convient aux endroits humides.<\/p>\n<ul>\n<li>LED int\u00e9gr\u00e9e de 18 watts (1150 lumens)<\/li>\n<li>Temp\u00e9rature de couleur 2700 K (blanc chaud)<\/li>\n<li>Convient aux endroits humides<\/li>\n<li>Intensit\u00e9 variable (compatible avec la plupart des gradateurs)<\/li>\n<li>Plafond isol\u00e9 con\u00e7u pour un contact direct avec l&#8217;isolant<\/li>\n<li>Pour toutes les applications int\u00e9rieures<\/li>\n<\/ul>\n<div id=\"awebChromeHelper\" data-version=\"1.24.3\"><\/div>\n<div id=\"awebChromeHelper\" data-version=\"1.24.3\"><\/div>\n","protected":false},"excerpt":{"rendered":"<p>BAZZ spot \u00e0 intensit\u00e9 variable 10 t\u00eates est un luminaire encastr\u00e9 \u00e0 LED enti\u00e8rement int\u00e9gr\u00e9 et \u00e0 intensit\u00e9 variable (compatible avec la plupart des variateurs).<\/p>\n<div id=\"awebChromeHelper\" data-version=\"1.24.3\"><\/div>\n<div id=\"awebChromeHelper\" data-version=\"1.24.3\"><\/div>\n","protected":false},"featured_media":7893,"comment_status":"open","ping_status":"closed","template":"","meta":{"_acf_changed":false},"product_brand":[],"product_cat":[472,365],"product_tag":[],"class_list":{"0":"post-6574","1":"product","2":"type-product","3":"status-publish","4":"has-post-thumbnail","6":"product_cat-2700k-ca_fr","7":"product_cat-luminaires-encastres-ca_fr","9":"first","10":"outofstock","11":"taxable","12":"shipping-taxable","13":"purchasable","14":"product-type-simple"},"acf":[],"_links":{"self":[{"href":"https:\/\/bazz.ca\/ca_FR\/wp-json\/wp\/v2\/product\/6574","targetHints":{"allow":["GET"]}}],"collection":[{"href":"https:\/\/bazz.ca\/ca_FR\/wp-json\/wp\/v2\/product"}],"about":[{"href":"https:\/\/bazz.ca\/ca_FR\/wp-json\/wp\/v2\/types\/product"}],"replies":[{"embeddable":true,"href":"https:\/\/bazz.ca\/ca_FR\/wp-json\/wp\/v2\/comments?post=6574"}],"wp:featuredmedia":[{"embeddable":true,"href":"https:\/\/bazz.ca\/ca_FR\/wp-json\/wp\/v2\/media\/7893"}],"wp:attachment":[{"href":"https:\/\/bazz.ca\/ca_FR\/wp-json\/wp\/v2\/media?parent=6574"}],"wp:term":[{"taxonomy":"product_brand","embeddable":true,"href":"https:\/\/bazz.ca\/ca_FR\/wp-json\/wp\/v2\/product_brand?post=6574"},{"taxonomy":"product_cat","embeddable":true,"href":"https:\/\/bazz.ca\/ca_FR\/wp-json\/wp\/v2\/product_cat?post=6574"},{"taxonomy":"product_tag","embeddable":true,"href":"https:\/\/bazz.ca\/ca_FR\/wp-json\/wp\/v2\/product_tag?post=6574"}],"curies":[{"name":"wp","href":"https:\/\/api.w.org\/{rel}","templated":true}]}}